{"id":1790,"date":"2020-08-18T11:18:22","date_gmt":"2020-08-18T09:18:22","guid":{"rendered":"http:\/\/kibodan2.i-strategi.pro\/om-os\/"},"modified":"2021-07-22T12:27:41","modified_gmt":"2021-07-22T10:27:41","slug":"om-os","status":"publish","type":"page","link":"https:\/\/kibodan.com\/da\/om-os\/","title":{"rendered":"Om os"},"content":{"rendered":"\t\t<div data-elementor-type=\"wp-page\" data-elementor-id=\"1790\" class=\"elementor elementor-1790 elementor-1714\" data-elementor-post-type=\"page\">\n\t\t\t\t\t\t<section class=\"elementor-section elementor-top-section elementor-element elementor-element-fff3ff3 elementor-section-boxed elementor-section-height-default elementor-section-height-default\" data-id=\"fff3ff3\" data-element_type=\"section\">\n\t\t\t\t\t\t<div class=\"elementor-container elementor-column-gap-default\">\n\t\t\t\t\t<div class=\"elementor-column elementor-col-100 elementor-top-column elementor-element elementor-element-681b488\" data-id=\"681b488\" data-element_type=\"column\">\n\t\t\t<div class=\"elementor-widget-wrap elementor-element-populated\">\n\t\t\t\t\t\t<div class=\"elementor-element elementor-element-91d6040 elementor-widget elementor-widget-heading\" data-id=\"91d6040\" data-element_type=\"widget\" data-widget_type=\"heading.default\">\n\t\t\t\t<div class=\"elementor-widget-container\">\n\t\t\t\t\t<h2 class=\"elementor-heading-title elementor-size-default\">Om os<\/h2>\t\t\t\t<\/div>\n\t\t\t\t<\/div>\n\t\t\t\t\t<\/div>\n\t\t<\/div>\n\t\t\t\t\t<\/div>\n\t\t<\/section>\n\t\t\t\t<section class=\"elementor-section elementor-top-section elementor-element elementor-element-a3c9b55 elementor-section-boxed elementor-section-height-default elementor-section-height-default\" data-id=\"a3c9b55\" data-element_type=\"section\">\n\t\t\t\t\t\t<div class=\"elementor-container elementor-column-gap-default\">\n\t\t\t\t\t<div class=\"elementor-column elementor-col-33 elementor-top-column elementor-element elementor-element-4ccd64e\" data-id=\"4ccd64e\" data-element_type=\"column\">\n\t\t\t<div class=\"elementor-widget-wrap elementor-element-populated\">\n\t\t\t\t\t\t<div class=\"elementor-element elementor-element-89465b4 elementor-widget elementor-widget-image\" data-id=\"89465b4\" data-element_type=\"widget\" data-widget_type=\"image.default\">\n\t\t\t\t<div class=\"elementor-widget-container\">\n\t\t\t\t\t\t\t\t\t\t\t\t\t\t\t<img fetchpriority=\"high\" decoding=\"async\" width=\"700\" height=\"467\" src=\"https:\/\/kibodan.com\/wp-content\/uploads\/MG_0702.jpg\" class=\"attachment-large size-large wp-image-2475\" alt=\"\" srcset=\"https:\/\/kibodan.com\/wp-content\/uploads\/MG_0702.jpg 700w, https:\/\/kibodan.com\/wp-content\/uploads\/MG_0702-300x200.jpg 300w\" sizes=\"(max-width: 700px) 100vw, 700px\" \/>\t\t\t\t\t\t\t\t\t\t\t\t\t\t\t<\/div>\n\t\t\t\t<\/div>\n\t\t\t\t<div class=\"elementor-element elementor-element-5558f9c elementor-hidden-phone elementor-widget elementor-widget-image\" data-id=\"5558f9c\" data-element_type=\"widget\" data-widget_type=\"image.default\">\n\t\t\t\t<div class=\"elementor-widget-container\">\n\t\t\t\t\t\t\t\t\t\t\t\t\t\t\t<img decoding=\"async\" width=\"700\" height=\"467\" src=\"https:\/\/kibodan.com\/wp-content\/uploads\/MG_0452.jpg\" class=\"attachment-large size-large wp-image-2472\" alt=\"\" srcset=\"https:\/\/kibodan.com\/wp-content\/uploads\/MG_0452.jpg 700w, https:\/\/kibodan.com\/wp-content\/uploads\/MG_0452-300x200.jpg 300w\" sizes=\"(max-width: 700px) 100vw, 700px\" \/>\t\t\t\t\t\t\t\t\t\t\t\t\t\t\t<\/div>\n\t\t\t\t<\/div>\n\t\t\t\t\t<\/div>\n\t\t<\/div>\n\t\t\t\t<div class=\"elementor-column elementor-col-33 elementor-top-column elementor-element elementor-element-0d2c68e\" data-id=\"0d2c68e\" data-element_type=\"column\">\n\t\t\t<div class=\"elementor-widget-wrap elementor-element-populated\">\n\t\t\t\t\t\t<div class=\"elementor-element elementor-element-8886ac6 elementor-widget elementor-widget-heading\" data-id=\"8886ac6\" data-element_type=\"widget\" data-widget_type=\"heading.default\">\n\t\t\t\t<div class=\"elementor-widget-container\">\n\t\t\t\t\t<h2 class=\"elementor-heading-title elementor-size-default\">Velkommen til Kibodan!<\/h2>\t\t\t\t<\/div>\n\t\t\t\t<\/div>\n\t\t\t\t<div class=\"elementor-element elementor-element-d05636a elementor-widget elementor-widget-text-editor\" data-id=\"d05636a\" data-element_type=\"widget\" data-widget_type=\"text-editor.default\">\n\t\t\t\t<div class=\"elementor-widget-container\">\n\t\t\t\t\t\t\t\t\t<p class=\"p1\"><span class=\"s1\">Kibodan er en dansk virksomhed, hvor kvalitet og sundhed kommer f\u00f8rst. Med vores egen produktion af kvalitative doseringssystemer vil vi bidrage i kampen mod fejlmedicinering.<\/span><\/p>\n<p class=\"p1\"><span class=\"s1\">Vores originale doseringssystemer Medidos\u00a9 og Medimax\u00a9 er s\u00e6rligt kendetegnet ved deres kompakte st\u00f8rrelse og brugervenlige h\u00e5ndtering. Dermed er det meget nemt at organisere sin daglige medicin.<\/span><\/p>\n<p class=\"p1\"><span class=\"s1\">Vores produkter bliver hovedsagelig brugt i hjemmeplejen og p\u00e5 hospitaler og plejehjem. Vi s\u00e6lger vores produkter i over 20 lande i hele verden, hvilket vi er meget stolte af.<\/span><\/p>\n<p class=\"p1\"><span class=\"s1\">Vi v\u00e6rds\u00e6tter vores loyale kunder, hvor nogen af dem har st\u00e5et ved vores side i over 45 \u00e5r. Derudover byder vi nye kunder velkommen fra forskellige lande hvert \u00e5r.<\/span><\/p>\n<p class=\"p1\"><span class=\"s1\">Hele teamet er meget engageret i at opretholde det h\u00f8je kvalitet af vores produkter og at tilbyde den bedst mulige service for vores kunder.<\/span><\/p>\n\t\t\t\t\t\t\t\t<\/div>\n\t\t\t\t<\/div>\n\t\t\t\t\t<\/div>\n\t\t<\/div>\n\t\t\t\t<div class=\"elementor-column elementor-col-33 elementor-top-column elementor-element elementor-element-091a1d8\" data-id=\"091a1d8\" data-element_type=\"column\">\n\t\t\t<div class=\"elementor-widget-wrap elementor-element-populated\">\n\t\t\t\t\t\t<div class=\"elementor-element elementor-element-c898019 elementor-widget elementor-widget-heading\" data-id=\"c898019\" data-element_type=\"widget\" data-widget_type=\"heading.default\">\n\t\t\t\t<div class=\"elementor-widget-container\">\n\t\t\t\t\t<h2 class=\"elementor-heading-title elementor-size-default\">Vores vision<\/h2>\t\t\t\t<\/div>\n\t\t\t\t<\/div>\n\t\t\t\t<div class=\"elementor-element elementor-element-81e75ad elementor-widget elementor-widget-text-editor\" data-id=\"81e75ad\" data-element_type=\"widget\" data-widget_type=\"text-editor.default\">\n\t\t\t\t<div class=\"elementor-widget-container\">\n\t\t\t\t\t\t\t\t\t<p><span class=\"TextRun BCX0 SCXW75881821\" lang=\"DA-DK\" xml:lang=\"DA-DK\" data-contrast=\"auto\"><span class=\"NormalTextRun BCX0 SCXW75881821\">Vores vision er at\u00a0<\/span><\/span><span class=\"TextRun BCX0 SCXW75881821\" lang=\"DA-DK\" xml:lang=\"DA-DK\" data-contrast=\"auto\"><span class=\"NormalTextRun BCX0 SCXW75881821\">v\u00e6re en af verdens le<\/span><\/span><span class=\"TextRun BCX0 SCXW75881821\" lang=\"DA-DK\" xml:lang=\"DA-DK\" data-contrast=\"auto\"><span class=\"NormalTextRun BCX0 SCXW75881821\">d<\/span><\/span><span class=\"TextRun BCX0 SCXW75881821\" lang=\"DA-DK\" xml:lang=\"DA-DK\" data-contrast=\"auto\"><span class=\"NormalTextRun BCX0 SCXW75881821\">ende leverand\u00f8rer af enkle systemer til at h\u00e5ndtere og indtage medicin.<\/span><\/span><\/p>\n\t\t\t\t\t\t\t\t<\/div>\n\t\t\t\t<\/div>\n\t\t\t\t<div class=\"elementor-element elementor-element-cabf231 elementor-widget elementor-widget-heading\" data-id=\"cabf231\" data-element_type=\"widget\" data-widget_type=\"heading.default\">\n\t\t\t\t<div class=\"elementor-widget-container\">\n\t\t\t\t\t<h2 class=\"elementor-heading-title elementor-size-default\">Vores mission<\/h2>\t\t\t\t<\/div>\n\t\t\t\t<\/div>\n\t\t\t\t<div class=\"elementor-element elementor-element-d0ee73c elementor-widget elementor-widget-text-editor\" data-id=\"d0ee73c\" data-element_type=\"widget\" data-widget_type=\"text-editor.default\">\n\t\t\t\t<div class=\"elementor-widget-container\">\n\t\t\t\t\t\t\t\t\t<ul style=\"font-weight: 400;\">\n<li data-leveltext=\"\uf0b7\" data-font=\"Symbol\" data-listid=\"3\" aria-setsize=\"-1\" data-aria-posinset=\"1\" data-aria-level=\"1\"><span data-contrast=\"auto\">At give professionelle og private brugere enkle og fleksible produkter<\/span><span data-ccp-props=\"{&quot;134233279&quot;:true,&quot;201341983&quot;:0,&quot;335559739&quot;:160,&quot;335559740&quot;:259}\">\u00a0<\/span><\/li>\n<li data-leveltext=\"\uf0b7\" data-font=\"Symbol\" data-listid=\"3\" aria-setsize=\"-1\" data-aria-posinset=\"2\" data-aria-level=\"1\"><span data-contrast=\"auto\">At vores produkter forbedrer compliance og reducerer fejlmedicinering<\/span><span data-ccp-props=\"{&quot;134233279&quot;:true,&quot;201341983&quot;:0,&quot;335559739&quot;:160,&quot;335559740&quot;:259}\">\u00a0<\/span><\/li>\n<li data-leveltext=\"\uf0b7\" data-font=\"Symbol\" data-listid=\"3\" aria-setsize=\"-1\" data-aria-posinset=\"3\" data-aria-level=\"1\"><span data-contrast=\"auto\">At fremstille\u00a0<\/span><span data-contrast=\"auto\">kvalitets<\/span><span data-contrast=\"auto\">produkter i dansk design<\/span><span data-ccp-props=\"{&quot;134233279&quot;:true,&quot;201341983&quot;:0,&quot;335559739&quot;:160,&quot;335559740&quot;:259}\">\u00a0<\/span><\/li>\n<\/ul>\n\t\t\t\t\t\t\t\t<\/div>\n\t\t\t\t<\/div>\n\t\t\t\t\t<\/div>\n\t\t<\/div>\n\t\t\t\t\t<\/div>\n\t\t<\/section>\n\t\t\t\t<\/div>\n\t\t","protected":false},"excerpt":{"rendered":"<p>Velkommen til Kibodan! Kibodan er en dansk virksomhed, hvor kvalitet og sundhed kommer f\u00f8rst. Med vores egen produktion af kvalitative doseringssystemer vil vi bidrage i kampen mod fejlmedicinering. Vores originale doseringssystemer Medidos\u00a9 og Medimax\u00a9 er s\u00e6rligt kendetegnet ved deres kompakte st\u00f8rrelse og brugervenlige h\u00e5ndtering. Dermed er det meget nemt at organisere sin daglige medicin. Vores [&hellip;]<\/p>\n","protected":false},"author":1,"featured_media":0,"parent":0,"menu_order":0,"comment_status":"closed","ping_status":"closed","template":"","meta":{"_acf_changed":false,"footnotes":""},"class_list":["post-1790","page","type-page","status-publish","hentry"],"acf":[],"yoast_head":"<!-- This site is optimized with the Yoast SEO plugin v26.3 - https:\/\/yoast.com\/wordpress\/plugins\/seo\/ -->\n<title>Om os - Kibodan<\/title>\n<meta name=\"robots\" content=\"index, follow, max-snippet:-1, max-image-preview:large, max-video-preview:-1\" \/>\n<link rel=\"canonical\" href=\"https:\/\/kibodan.com\/da\/om-os\/\" \/>\n<meta property=\"og:locale\" content=\"da_DK\" \/>\n<meta property=\"og:type\" content=\"article\" \/>\n<meta property=\"og:title\" content=\"Om os - Kibodan\" \/>\n<meta property=\"og:description\" content=\"Velkommen til Kibodan! Kibodan er en dansk virksomhed, hvor kvalitet og sundhed kommer f\u00f8rst. Med vores egen produktion af kvalitative doseringssystemer vil vi bidrage i kampen mod fejlmedicinering. Vores originale doseringssystemer Medidos\u00a9 og Medimax\u00a9 er s\u00e6rligt kendetegnet ved deres kompakte st\u00f8rrelse og brugervenlige h\u00e5ndtering. Dermed er det meget nemt at organisere sin daglige medicin. Vores [&hellip;]\" \/>\n<meta property=\"og:url\" content=\"https:\/\/kibodan.com\/da\/om-os\/\" \/>\n<meta property=\"og:site_name\" content=\"Kibodan\" \/>\n<meta property=\"article:modified_time\" content=\"2021-07-22T10:27:41+00:00\" \/>\n<meta property=\"og:image\" content=\"https:\/\/kibodan.vps.simplesolution.dk\/wp-content\/uploads\/MG_0702.jpg\" \/>\n<meta name=\"twitter:card\" content=\"summary_large_image\" \/>\n<meta name=\"twitter:label1\" content=\"Estimeret l\u00e6setid\" \/>\n\t<meta name=\"twitter:data1\" content=\"1 minut\" \/>\n<script type=\"application\/ld+json\" class=\"yoast-schema-graph\">{\"@context\":\"https:\/\/schema.org\",\"@graph\":[{\"@type\":\"WebPage\",\"@id\":\"https:\/\/kibodan.com\/da\/om-os\/\",\"url\":\"https:\/\/kibodan.com\/da\/om-os\/\",\"name\":\"Om os - Kibodan\",\"isPartOf\":{\"@id\":\"https:\/\/kibodan.com\/da\/#website\"},\"primaryImageOfPage\":{\"@id\":\"https:\/\/kibodan.com\/da\/om-os\/#primaryimage\"},\"image\":{\"@id\":\"https:\/\/kibodan.com\/da\/om-os\/#primaryimage\"},\"thumbnailUrl\":\"https:\/\/kibodan.vps.simplesolution.dk\/wp-content\/uploads\/MG_0702.jpg\",\"datePublished\":\"2020-08-18T09:18:22+00:00\",\"dateModified\":\"2021-07-22T10:27:41+00:00\",\"breadcrumb\":{\"@id\":\"https:\/\/kibodan.com\/da\/om-os\/#breadcrumb\"},\"inLanguage\":\"da-DK\",\"potentialAction\":[{\"@type\":\"ReadAction\",\"target\":[\"https:\/\/kibodan.com\/da\/om-os\/\"]}]},{\"@type\":\"ImageObject\",\"inLanguage\":\"da-DK\",\"@id\":\"https:\/\/kibodan.com\/da\/om-os\/#primaryimage\",\"url\":\"https:\/\/kibodan.vps.simplesolution.dk\/wp-content\/uploads\/MG_0702.jpg\",\"contentUrl\":\"https:\/\/kibodan.vps.simplesolution.dk\/wp-content\/uploads\/MG_0702.jpg\"},{\"@type\":\"BreadcrumbList\",\"@id\":\"https:\/\/kibodan.com\/da\/om-os\/#breadcrumb\",\"itemListElement\":[{\"@type\":\"ListItem\",\"position\":1,\"name\":\"Home\",\"item\":\"https:\/\/kibodan.com\/da\/\"},{\"@type\":\"ListItem\",\"position\":2,\"name\":\"Om os\"}]},{\"@type\":\"WebSite\",\"@id\":\"https:\/\/kibodan.com\/da\/#website\",\"url\":\"https:\/\/kibodan.com\/da\/\",\"name\":\"Kibodan\",\"description\":\"\",\"publisher\":{\"@id\":\"https:\/\/kibodan.com\/da\/#organization\"},\"potentialAction\":[{\"@type\":\"SearchAction\",\"target\":{\"@type\":\"EntryPoint\",\"urlTemplate\":\"https:\/\/kibodan.com\/da\/?s={search_term_string}\"},\"query-input\":{\"@type\":\"PropertyValueSpecification\",\"valueRequired\":true,\"valueName\":\"search_term_string\"}}],\"inLanguage\":\"da-DK\"},{\"@type\":\"Organization\",\"@id\":\"https:\/\/kibodan.com\/da\/#organization\",\"name\":\"Kibodan\",\"url\":\"https:\/\/kibodan.com\/da\/\",\"logo\":{\"@type\":\"ImageObject\",\"inLanguage\":\"da-DK\",\"@id\":\"https:\/\/kibodan.com\/da\/#\/schema\/logo\/image\/\",\"url\":\"https:\/\/kibodan.com\/wp-content\/uploads\/kibodan-logo-white.svg\",\"contentUrl\":\"https:\/\/kibodan.com\/wp-content\/uploads\/kibodan-logo-white.svg\",\"caption\":\"Kibodan\"},\"image\":{\"@id\":\"https:\/\/kibodan.com\/da\/#\/schema\/logo\/image\/\"}}]}<\/script>\n<!-- \/ Yoast SEO plugin. -->","yoast_head_json":{"title":"Om os - Kibodan","robots":{"index":"index","follow":"follow","max-snippet":"max-snippet:-1","max-image-preview":"max-image-preview:large","max-video-preview":"max-video-preview:-1"},"canonical":"https:\/\/kibodan.com\/da\/om-os\/","og_locale":"da_DK","og_type":"article","og_title":"Om os - Kibodan","og_description":"Velkommen til Kibodan! Kibodan er en dansk virksomhed, hvor kvalitet og sundhed kommer f\u00f8rst. Med vores egen produktion af kvalitative doseringssystemer vil vi bidrage i kampen mod fejlmedicinering. Vores originale doseringssystemer Medidos\u00a9 og Medimax\u00a9 er s\u00e6rligt kendetegnet ved deres kompakte st\u00f8rrelse og brugervenlige h\u00e5ndtering. Dermed er det meget nemt at organisere sin daglige medicin. Vores [&hellip;]","og_url":"https:\/\/kibodan.com\/da\/om-os\/","og_site_name":"Kibodan","article_modified_time":"2021-07-22T10:27:41+00:00","og_image":[{"url":"https:\/\/kibodan.vps.simplesolution.dk\/wp-content\/uploads\/MG_0702.jpg","type":"","width":"","height":""}],"twitter_card":"summary_large_image","twitter_misc":{"Estimeret l\u00e6setid":"1 minut"},"schema":{"@context":"https:\/\/schema.org","@graph":[{"@type":"WebPage","@id":"https:\/\/kibodan.com\/da\/om-os\/","url":"https:\/\/kibodan.com\/da\/om-os\/","name":"Om os - Kibodan","isPartOf":{"@id":"https:\/\/kibodan.com\/da\/#website"},"primaryImageOfPage":{"@id":"https:\/\/kibodan.com\/da\/om-os\/#primaryimage"},"image":{"@id":"https:\/\/kibodan.com\/da\/om-os\/#primaryimage"},"thumbnailUrl":"https:\/\/kibodan.vps.simplesolution.dk\/wp-content\/uploads\/MG_0702.jpg","datePublished":"2020-08-18T09:18:22+00:00","dateModified":"2021-07-22T10:27:41+00:00","breadcrumb":{"@id":"https:\/\/kibodan.com\/da\/om-os\/#breadcrumb"},"inLanguage":"da-DK","potentialAction":[{"@type":"ReadAction","target":["https:\/\/kibodan.com\/da\/om-os\/"]}]},{"@type":"ImageObject","inLanguage":"da-DK","@id":"https:\/\/kibodan.com\/da\/om-os\/#primaryimage","url":"https:\/\/kibodan.vps.simplesolution.dk\/wp-content\/uploads\/MG_0702.jpg","contentUrl":"https:\/\/kibodan.vps.simplesolution.dk\/wp-content\/uploads\/MG_0702.jpg"},{"@type":"BreadcrumbList","@id":"https:\/\/kibodan.com\/da\/om-os\/#breadcrumb","itemListElement":[{"@type":"ListItem","position":1,"name":"Home","item":"https:\/\/kibodan.com\/da\/"},{"@type":"ListItem","position":2,"name":"Om os"}]},{"@type":"WebSite","@id":"https:\/\/kibodan.com\/da\/#website","url":"https:\/\/kibodan.com\/da\/","name":"Kibodan","description":"","publisher":{"@id":"https:\/\/kibodan.com\/da\/#organization"},"potentialAction":[{"@type":"SearchAction","target":{"@type":"EntryPoint","urlTemplate":"https:\/\/kibodan.com\/da\/?s={search_term_string}"},"query-input":{"@type":"PropertyValueSpecification","valueRequired":true,"valueName":"search_term_string"}}],"inLanguage":"da-DK"},{"@type":"Organization","@id":"https:\/\/kibodan.com\/da\/#organization","name":"Kibodan","url":"https:\/\/kibodan.com\/da\/","logo":{"@type":"ImageObject","inLanguage":"da-DK","@id":"https:\/\/kibodan.com\/da\/#\/schema\/logo\/image\/","url":"https:\/\/kibodan.com\/wp-content\/uploads\/kibodan-logo-white.svg","contentUrl":"https:\/\/kibodan.com\/wp-content\/uploads\/kibodan-logo-white.svg","caption":"Kibodan"},"image":{"@id":"https:\/\/kibodan.com\/da\/#\/schema\/logo\/image\/"}}]}},"_links":{"self":[{"href":"https:\/\/kibodan.com\/da\/wp-json\/wp\/v2\/pages\/1790","targetHints":{"allow":["GET"]}}],"collection":[{"href":"https:\/\/kibodan.com\/da\/wp-json\/wp\/v2\/pages"}],"about":[{"href":"https:\/\/kibodan.com\/da\/wp-json\/wp\/v2\/types\/page"}],"author":[{"embeddable":true,"href":"https:\/\/kibodan.com\/da\/wp-json\/wp\/v2\/users\/1"}],"replies":[{"embeddable":true,"href":"https:\/\/kibodan.com\/da\/wp-json\/wp\/v2\/comments?post=1790"}],"version-history":[{"count":6,"href":"https:\/\/kibodan.com\/da\/wp-json\/wp\/v2\/pages\/1790\/revisions"}],"predecessor-version":[{"id":5679,"href":"https:\/\/kibodan.com\/da\/wp-json\/wp\/v2\/pages\/1790\/revisions\/5679"}],"wp:attachment":[{"href":"https:\/\/kibodan.com\/da\/wp-json\/wp\/v2\/media?parent=1790"}],"curies":[{"name":"wp","href":"https:\/\/api.w.org\/{rel}","templated":true}]}}