{"id":1798,"date":"2020-08-18T11:48:17","date_gmt":"2020-08-18T09:48:17","guid":{"rendered":"http:\/\/kibodan2.i-strategi.pro\/vores-historie\/"},"modified":"2022-09-20T10:26:27","modified_gmt":"2022-09-20T08:26:27","slug":"vores-historie","status":"publish","type":"page","link":"https:\/\/kibodan.com\/da\/vores-historie\/","title":{"rendered":"Vores historie"},"content":{"rendered":"\t\t<div data-elementor-type=\"wp-page\" data-elementor-id=\"1798\" class=\"elementor elementor-1798 elementor-1723\" data-elementor-post-type=\"page\">\n\t\t\t\t\t\t<section class=\"elementor-section elementor-top-section elementor-element elementor-element-49ad4a0 elementor-section-boxed elementor-section-height-default elementor-section-height-default\" data-id=\"49ad4a0\" data-element_type=\"section\">\n\t\t\t\t\t\t<div class=\"elementor-container elementor-column-gap-default\">\n\t\t\t\t\t<div class=\"elementor-column elementor-col-100 elementor-top-column elementor-element elementor-element-c7c80bb\" data-id=\"c7c80bb\" data-element_type=\"column\">\n\t\t\t<div class=\"elementor-widget-wrap elementor-element-populated\">\n\t\t\t\t\t\t<div class=\"elementor-element elementor-element-5ffb1ba elementor-widget elementor-widget-heading\" data-id=\"5ffb1ba\" data-element_type=\"widget\" data-widget_type=\"heading.default\">\n\t\t\t\t<div class=\"elementor-widget-container\">\n\t\t\t\t\t<h2 class=\"elementor-heading-title elementor-size-default\">Vores historie<\/h2>\t\t\t\t<\/div>\n\t\t\t\t<\/div>\n\t\t\t\t\t<\/div>\n\t\t<\/div>\n\t\t\t\t\t<\/div>\n\t\t<\/section>\n\t\t\t\t<section class=\"elementor-section elementor-top-section elementor-element elementor-element-90fc955 elementor-section-boxed elementor-section-height-default elementor-section-height-default\" data-id=\"90fc955\" data-element_type=\"section\">\n\t\t\t\t\t\t<div class=\"elementor-container elementor-column-gap-default\">\n\t\t\t\t\t<div class=\"elementor-column elementor-col-33 elementor-top-column elementor-element elementor-element-acf2f98\" data-id=\"acf2f98\" data-element_type=\"column\">\n\t\t\t<div class=\"elementor-widget-wrap elementor-element-populated\">\n\t\t\t\t\t\t<div class=\"elementor-element elementor-element-21f43cb elementor-widget elementor-widget-heading\" data-id=\"21f43cb\" data-element_type=\"widget\" data-widget_type=\"heading.default\">\n\t\t\t\t<div class=\"elementor-widget-container\">\n\t\t\t\t\t<h2 class=\"elementor-heading-title elementor-size-default\">1967<\/h2>\t\t\t\t<\/div>\n\t\t\t\t<\/div>\n\t\t\t\t<div class=\"elementor-element elementor-element-2d22dd7 elementor-widget elementor-widget-text-editor\" data-id=\"2d22dd7\" data-element_type=\"widget\" data-widget_type=\"text-editor.default\">\n\t\t\t\t<div class=\"elementor-widget-container\">\n\t\t\t\t\t\t\t\t\t<p>Den danske apoteker, Hr. Fabricius, udviklede en doserings\u00e6ske sammen med sin hustru. \u00c6gteparret erfarede, at der var et behov for at organisere den daglige medicindosering. Produktionen af \u00e6skerne startede i Danmark i 1967, og blev solgt i parrets apotek af hustruen.<\/p>\t\t\t\t\t\t\t\t<\/div>\n\t\t\t\t<\/div>\n\t\t\t\t<div class=\"elementor-element elementor-element-6a5d3e2 elementor-widget elementor-widget-image\" data-id=\"6a5d3e2\" data-element_type=\"widget\" data-widget_type=\"image.default\">\n\t\t\t\t<div class=\"elementor-widget-container\">\n\t\t\t\t\t\t\t\t\t\t\t\t\t\t\t<img fetchpriority=\"high\" decoding=\"async\" width=\"1024\" height=\"375\" src=\"https:\/\/kibodan.com\/wp-content\/uploads\/Kibodan-01-1024x375.jpg\" class=\"attachment-large size-large wp-image-1729\" alt=\"\" srcset=\"https:\/\/kibodan.com\/wp-content\/uploads\/Kibodan-01-1024x375.jpg 1024w, https:\/\/kibodan.com\/wp-content\/uploads\/Kibodan-01-300x110.jpg 300w, https:\/\/kibodan.com\/wp-content\/uploads\/Kibodan-01-768x282.jpg 768w, https:\/\/kibodan.com\/wp-content\/uploads\/Kibodan-01.jpg 1200w\" sizes=\"(max-width: 1024px) 100vw, 1024px\" \/>\t\t\t\t\t\t\t\t\t\t\t\t\t\t\t<\/div>\n\t\t\t\t<\/div>\n\t\t\t\t<div class=\"elementor-element elementor-element-a818e46 elementor-widget elementor-widget-heading\" data-id=\"a818e46\" data-element_type=\"widget\" data-widget_type=\"heading.default\">\n\t\t\t\t<div class=\"elementor-widget-container\">\n\t\t\t\t\t<h2 class=\"elementor-heading-title elementor-size-default\">1972<\/h2>\t\t\t\t<\/div>\n\t\t\t\t<\/div>\n\t\t\t\t<div class=\"elementor-element elementor-element-9a6a3d3 elementor-widget elementor-widget-text-editor\" data-id=\"9a6a3d3\" data-element_type=\"widget\" data-widget_type=\"text-editor.default\">\n\t\t\t\t<div class=\"elementor-widget-container\">\n\t\t\t\t\t\t\t\t\t<p>Kibodan A\/S blev etableret af Bohart familien og rettighederne til designet og produktionen blev opk\u00f8bt af Fabricius parret og ind i Kibodan. Pille\u00e6sken, parret havde produceretm blev nu solgt i Danmark under varem\u00e6rket <a href=\"https:\/\/kibodan.vps.simplesolution.dk\/default.aspx?pageid=11965\">MEDIDOS\u00ae<\/a>, og eksporten blev etableret til et antal lande.<\/p>\n\t\t\t\t\t\t\t\t<\/div>\n\t\t\t\t<\/div>\n\t\t\t\t<div class=\"elementor-element elementor-element-5aa74c1 elementor-widget elementor-widget-heading\" data-id=\"5aa74c1\" data-element_type=\"widget\" data-widget_type=\"heading.default\">\n\t\t\t\t<div class=\"elementor-widget-container\">\n\t\t\t\t\t<h2 class=\"elementor-heading-title elementor-size-default\">1993<\/h2>\t\t\t\t<\/div>\n\t\t\t\t<\/div>\n\t\t\t\t<div class=\"elementor-element elementor-element-dce6fef elementor-widget elementor-widget-text-editor\" data-id=\"dce6fef\" data-element_type=\"widget\" data-widget_type=\"text-editor.default\">\n\t\t\t\t<div class=\"elementor-widget-container\">\n\t\t\t\t\t\t\t\t\t<p>Et ny produkt, MEDIMAX\u00ae, blev tilf\u00f8jet til sortimentet, og blev nu en integreret del af produktsortimentet. Virksomheden blev nu udvidet til sundhedssektoren.<\/p>\n\t\t\t\t\t\t\t\t<\/div>\n\t\t\t\t<\/div>\n\t\t\t\t\t<\/div>\n\t\t<\/div>\n\t\t\t\t<div class=\"elementor-column elementor-col-33 elementor-top-column elementor-element elementor-element-8e541a2\" data-id=\"8e541a2\" data-element_type=\"column\">\n\t\t\t<div class=\"elementor-widget-wrap elementor-element-populated\">\n\t\t\t\t\t\t<div class=\"elementor-element elementor-element-1e98d7a elementor-widget elementor-widget-heading\" data-id=\"1e98d7a\" data-element_type=\"widget\" data-widget_type=\"heading.default\">\n\t\t\t\t<div class=\"elementor-widget-container\">\n\t\t\t\t\t<h2 class=\"elementor-heading-title elementor-size-default\">2007<\/h2>\t\t\t\t<\/div>\n\t\t\t\t<\/div>\n\t\t\t\t<div class=\"elementor-element elementor-element-84b5f5d elementor-widget elementor-widget-text-editor\" data-id=\"84b5f5d\" data-element_type=\"widget\" data-widget_type=\"text-editor.default\">\n\t\t\t\t<div class=\"elementor-widget-container\">\n\t\t\t\t\t\t\t\t\t<p>Kibodan blev opk\u00f8bt af Qvortrup Holding A\/S, Gentofte, Danmark d. 1 februar.<\/p>\n\t\t\t\t\t\t\t\t<\/div>\n\t\t\t\t<\/div>\n\t\t\t\t<div class=\"elementor-element elementor-element-9426b97 elementor-widget elementor-widget-heading\" data-id=\"9426b97\" data-element_type=\"widget\" data-widget_type=\"heading.default\">\n\t\t\t\t<div class=\"elementor-widget-container\">\n\t\t\t\t\t<h2 class=\"elementor-heading-title elementor-size-default\">2008<\/h2>\t\t\t\t<\/div>\n\t\t\t\t<\/div>\n\t\t\t\t<div class=\"elementor-element elementor-element-af0c044 elementor-widget elementor-widget-text-editor\" data-id=\"af0c044\" data-element_type=\"widget\" data-widget_type=\"text-editor.default\">\n\t\t\t\t<div class=\"elementor-widget-container\">\n\t\t\t\t\t\t\t\t\t<p>Produktsortimentet blev nu udvidet med endnu to produkter, MEDINIZER\u00ae og MININIZER\u00ae og en hoftebeskytter under navnet HIPS\u00ae. Disse produkter stammede fra Qvortrup Medical, som var en datter virksomhed i Qvortrup Holding. Qvortrup Medical og Kibodan Fusionerede og solgte alle produkterne under i et nyt og forbedret produktsortiment.<\/p>\n\t\t\t\t\t\t\t\t<\/div>\n\t\t\t\t<\/div>\n\t\t\t\t<div class=\"elementor-element elementor-element-1c9725c elementor-widget elementor-widget-image\" data-id=\"1c9725c\" data-element_type=\"widget\" data-widget_type=\"image.default\">\n\t\t\t\t<div class=\"elementor-widget-container\">\n\t\t\t\t\t\t\t\t\t\t\t\t\t\t\t<img decoding=\"async\" width=\"1024\" height=\"375\" src=\"https:\/\/kibodan.com\/wp-content\/uploads\/Kibodan-05-1024x375.jpg\" class=\"attachment-large size-large wp-image-1732\" alt=\"\" srcset=\"https:\/\/kibodan.com\/wp-content\/uploads\/Kibodan-05-1024x375.jpg 1024w, https:\/\/kibodan.com\/wp-content\/uploads\/Kibodan-05-300x110.jpg 300w, https:\/\/kibodan.com\/wp-content\/uploads\/Kibodan-05-768x282.jpg 768w, https:\/\/kibodan.com\/wp-content\/uploads\/Kibodan-05.jpg 1200w\" sizes=\"(max-width: 1024px) 100vw, 1024px\" \/>\t\t\t\t\t\t\t\t\t\t\t\t\t\t\t<\/div>\n\t\t\t\t<\/div>\n\t\t\t\t<div class=\"elementor-element elementor-element-f9117e9 elementor-widget elementor-widget-heading\" data-id=\"f9117e9\" data-element_type=\"widget\" data-widget_type=\"heading.default\">\n\t\t\t\t<div class=\"elementor-widget-container\">\n\t\t\t\t\t<h2 class=\"elementor-heading-title elementor-size-default\">2009 \/ 2010<\/h2>\t\t\t\t<\/div>\n\t\t\t\t<\/div>\n\t\t\t\t<div class=\"elementor-element elementor-element-193263c elementor-widget elementor-widget-text-editor\" data-id=\"193263c\" data-element_type=\"widget\" data-widget_type=\"text-editor.default\">\n\t\t\t\t<div class=\"elementor-widget-container\">\n\t\t\t\t\t\t\t\t\t<p>Produkterne bliver her for alvor sat ind i Danmarks Hospitaler, Plejehjem og udvidelse i den danske sundhedssektor. Privatpersoner kan nu k\u00f8be Kibodans produkter i apoteker landet over.<\/p>\n\t\t\t\t\t\t\t\t<\/div>\n\t\t\t\t<\/div>\n\t\t\t\t\t<\/div>\n\t\t<\/div>\n\t\t\t\t<div class=\"elementor-column elementor-col-33 elementor-top-column elementor-element elementor-element-92b9f40\" data-id=\"92b9f40\" data-element_type=\"column\">\n\t\t\t<div class=\"elementor-widget-wrap elementor-element-populated\">\n\t\t\t\t\t\t<div class=\"elementor-element elementor-element-a7c803b elementor-widget elementor-widget-heading\" data-id=\"a7c803b\" data-element_type=\"widget\" data-widget_type=\"heading.default\">\n\t\t\t\t<div class=\"elementor-widget-container\">\n\t\t\t\t\t<h2 class=\"elementor-heading-title elementor-size-default\">2014<\/h2>\t\t\t\t<\/div>\n\t\t\t\t<\/div>\n\t\t\t\t<div class=\"elementor-element elementor-element-aef8dd3 elementor-widget elementor-widget-text-editor\" data-id=\"aef8dd3\" data-element_type=\"widget\" data-widget_type=\"text-editor.default\">\n\t\t\t\t<div class=\"elementor-widget-container\">\n\t\t\t\t\t\t\t\t\t<p>Kibodans hovedkontorer flytter fra Gentofte til st\u00f8rre kontorer i R\u00f8dovre, Danmark. Dette betyder meget for virksomheden I denne tid, da det giver mulighed for at plads til vores printer, der g\u00f8r at vi kan producere speciallavet print til alle vores kunder.<\/p>\n\t\t\t\t\t\t\t\t<\/div>\n\t\t\t\t<\/div>\n\t\t\t\t<div class=\"elementor-element elementor-element-7197b91 elementor-widget elementor-widget-image\" data-id=\"7197b91\" data-element_type=\"widget\" data-widget_type=\"image.default\">\n\t\t\t\t<div class=\"elementor-widget-container\">\n\t\t\t\t\t\t\t\t\t\t\t\t\t\t\t<img decoding=\"async\" width=\"1024\" height=\"375\" src=\"https:\/\/kibodan.com\/wp-content\/uploads\/Kibodan-02-1024x375.jpg\" class=\"attachment-large size-large wp-image-1735\" alt=\"\" srcset=\"https:\/\/kibodan.com\/wp-content\/uploads\/Kibodan-02-1024x375.jpg 1024w, https:\/\/kibodan.com\/wp-content\/uploads\/Kibodan-02-300x110.jpg 300w, https:\/\/kibodan.com\/wp-content\/uploads\/Kibodan-02-768x282.jpg 768w, https:\/\/kibodan.com\/wp-content\/uploads\/Kibodan-02.jpg 1200w\" sizes=\"(max-width: 1024px) 100vw, 1024px\" \/>\t\t\t\t\t\t\t\t\t\t\t\t\t\t\t<\/div>\n\t\t\t\t<\/div>\n\t\t\t\t<div class=\"elementor-element elementor-element-3dc4df8 elementor-widget elementor-widget-heading\" data-id=\"3dc4df8\" data-element_type=\"widget\" data-widget_type=\"heading.default\">\n\t\t\t\t<div class=\"elementor-widget-container\">\n\t\t\t\t\t<h2 class=\"elementor-heading-title elementor-size-default\">I dag<\/h2>\t\t\t\t<\/div>\n\t\t\t\t<\/div>\n\t\t\t\t<div class=\"elementor-element elementor-element-8a4e310 elementor-widget elementor-widget-text-editor\" data-id=\"8a4e310\" data-element_type=\"widget\" data-widget_type=\"text-editor.default\">\n\t\t\t\t<div class=\"elementor-widget-container\">\n\t\t\t\t\t\t\t\t\t<p>Alle Kibodans medarbejdere og leverand\u00f8rer er stolte af at v\u00e6re producenter af hvad vi mener, er de<\/p>\n<p>mest simple, fleksible, og effektive doseringssystemer p\u00e5 markedet. Vi er nu ledige p\u00e5 Amazon Tyskland og England, og leverer for f\u00f8rste gang siden 1972 direkte til kunden.<\/p>\n\t\t\t\t\t\t\t\t<\/div>\n\t\t\t\t<\/div>\n\t\t\t\t<div class=\"elementor-element elementor-element-24029bb elementor-widget elementor-widget-image\" data-id=\"24029bb\" data-element_type=\"widget\" data-widget_type=\"image.default\">\n\t\t\t\t<div class=\"elementor-widget-container\">\n\t\t\t\t\t\t\t\t\t\t\t\t\t\t\t<img loading=\"lazy\" decoding=\"async\" width=\"1024\" height=\"375\" src=\"https:\/\/kibodan.com\/wp-content\/uploads\/Kibodan-04-1024x375.jpg\" class=\"attachment-large size-large wp-image-1738\" alt=\"\" srcset=\"https:\/\/kibodan.com\/wp-content\/uploads\/Kibodan-04-1024x375.jpg 1024w, https:\/\/kibodan.com\/wp-content\/uploads\/Kibodan-04-300x110.jpg 300w, https:\/\/kibodan.com\/wp-content\/uploads\/Kibodan-04-768x282.jpg 768w, https:\/\/kibodan.com\/wp-content\/uploads\/Kibodan-04.jpg 1200w\" sizes=\"(max-width: 1024px) 100vw, 1024px\" \/>\t\t\t\t\t\t\t\t\t\t\t\t\t\t\t<\/div>\n\t\t\t\t<\/div>\n\t\t\t\t\t<\/div>\n\t\t<\/div>\n\t\t\t\t\t<\/div>\n\t\t<\/section>\n\t\t\t\t<\/div>\n\t\t","protected":false},"excerpt":{"rendered":"<p>1967 Den danske apoteker, Hr. Fabricius, udviklede en doserings\u00e6ske sammen med sin hustru. \u00c6gteparret erfarede, at der var et behov for at organisere den daglige medicindosering. Produktionen af \u00e6skerne startede i Danmark i 1967, og blev solgt i parrets apotek af hustruen. 1972 Kibodan A\/S blev etableret af Bohart familien og rettighederne til designet og [&hellip;]<\/p>\n","protected":false},"author":1,"featured_media":0,"parent":0,"menu_order":0,"comment_status":"closed","ping_status":"closed","template":"","meta":{"_acf_changed":false,"footnotes":""},"class_list":["post-1798","page","type-page","status-publish","hentry"],"acf":[],"yoast_head":"<!-- This site is optimized with the Yoast SEO plugin v26.3 - https:\/\/yoast.com\/wordpress\/plugins\/seo\/ -->\n<title>Vores historie - Kibodan<\/title>\n<meta name=\"robots\" content=\"index, follow, max-snippet:-1, max-image-preview:large, max-video-preview:-1\" \/>\n<link rel=\"canonical\" href=\"https:\/\/kibodan.com\/da\/vores-historie\/\" \/>\n<meta property=\"og:locale\" content=\"da_DK\" \/>\n<meta property=\"og:type\" content=\"article\" \/>\n<meta property=\"og:title\" content=\"Vores historie - Kibodan\" \/>\n<meta property=\"og:description\" content=\"1967 Den danske apoteker, Hr. Fabricius, udviklede en doserings\u00e6ske sammen med sin hustru. \u00c6gteparret erfarede, at der var et behov for at organisere den daglige medicindosering. Produktionen af \u00e6skerne startede i Danmark i 1967, og blev solgt i parrets apotek af hustruen. 1972 Kibodan A\/S blev etableret af Bohart familien og rettighederne til designet og [&hellip;]\" \/>\n<meta property=\"og:url\" content=\"https:\/\/kibodan.com\/da\/vores-historie\/\" \/>\n<meta property=\"og:site_name\" content=\"Kibodan\" \/>\n<meta property=\"article:modified_time\" content=\"2022-09-20T08:26:27+00:00\" \/>\n<meta property=\"og:image\" content=\"https:\/\/kibodan.vps.simplesolution.dk\/wp-content\/uploads\/Kibodan-01-1024x375.jpg\" \/>\n<meta name=\"twitter:card\" content=\"summary_large_image\" \/>\n<meta name=\"twitter:label1\" content=\"Estimeret l\u00e6setid\" \/>\n\t<meta name=\"twitter:data1\" content=\"3 minutter\" \/>\n<script type=\"application\/ld+json\" class=\"yoast-schema-graph\">{\"@context\":\"https:\/\/schema.org\",\"@graph\":[{\"@type\":\"WebPage\",\"@id\":\"https:\/\/kibodan.com\/da\/vores-historie\/\",\"url\":\"https:\/\/kibodan.com\/da\/vores-historie\/\",\"name\":\"Vores historie - Kibodan\",\"isPartOf\":{\"@id\":\"https:\/\/kibodan.com\/da\/#website\"},\"primaryImageOfPage\":{\"@id\":\"https:\/\/kibodan.com\/da\/vores-historie\/#primaryimage\"},\"image\":{\"@id\":\"https:\/\/kibodan.com\/da\/vores-historie\/#primaryimage\"},\"thumbnailUrl\":\"https:\/\/kibodan.vps.simplesolution.dk\/wp-content\/uploads\/Kibodan-01-1024x375.jpg\",\"datePublished\":\"2020-08-18T09:48:17+00:00\",\"dateModified\":\"2022-09-20T08:26:27+00:00\",\"breadcrumb\":{\"@id\":\"https:\/\/kibodan.com\/da\/vores-historie\/#breadcrumb\"},\"inLanguage\":\"da-DK\",\"potentialAction\":[{\"@type\":\"ReadAction\",\"target\":[\"https:\/\/kibodan.com\/da\/vores-historie\/\"]}]},{\"@type\":\"ImageObject\",\"inLanguage\":\"da-DK\",\"@id\":\"https:\/\/kibodan.com\/da\/vores-historie\/#primaryimage\",\"url\":\"https:\/\/kibodan.vps.simplesolution.dk\/wp-content\/uploads\/Kibodan-01-1024x375.jpg\",\"contentUrl\":\"https:\/\/kibodan.vps.simplesolution.dk\/wp-content\/uploads\/Kibodan-01-1024x375.jpg\"},{\"@type\":\"BreadcrumbList\",\"@id\":\"https:\/\/kibodan.com\/da\/vores-historie\/#breadcrumb\",\"itemListElement\":[{\"@type\":\"ListItem\",\"position\":1,\"name\":\"Home\",\"item\":\"https:\/\/kibodan.com\/da\/\"},{\"@type\":\"ListItem\",\"position\":2,\"name\":\"Vores historie\"}]},{\"@type\":\"WebSite\",\"@id\":\"https:\/\/kibodan.com\/da\/#website\",\"url\":\"https:\/\/kibodan.com\/da\/\",\"name\":\"Kibodan\",\"description\":\"\",\"publisher\":{\"@id\":\"https:\/\/kibodan.com\/da\/#organization\"},\"potentialAction\":[{\"@type\":\"SearchAction\",\"target\":{\"@type\":\"EntryPoint\",\"urlTemplate\":\"https:\/\/kibodan.com\/da\/?s={search_term_string}\"},\"query-input\":{\"@type\":\"PropertyValueSpecification\",\"valueRequired\":true,\"valueName\":\"search_term_string\"}}],\"inLanguage\":\"da-DK\"},{\"@type\":\"Organization\",\"@id\":\"https:\/\/kibodan.com\/da\/#organization\",\"name\":\"Kibodan\",\"url\":\"https:\/\/kibodan.com\/da\/\",\"logo\":{\"@type\":\"ImageObject\",\"inLanguage\":\"da-DK\",\"@id\":\"https:\/\/kibodan.com\/da\/#\/schema\/logo\/image\/\",\"url\":\"https:\/\/kibodan.com\/wp-content\/uploads\/kibodan-logo-white.svg\",\"contentUrl\":\"https:\/\/kibodan.com\/wp-content\/uploads\/kibodan-logo-white.svg\",\"caption\":\"Kibodan\"},\"image\":{\"@id\":\"https:\/\/kibodan.com\/da\/#\/schema\/logo\/image\/\"}}]}<\/script>\n<!-- \/ Yoast SEO plugin. -->","yoast_head_json":{"title":"Vores historie - Kibodan","robots":{"index":"index","follow":"follow","max-snippet":"max-snippet:-1","max-image-preview":"max-image-preview:large","max-video-preview":"max-video-preview:-1"},"canonical":"https:\/\/kibodan.com\/da\/vores-historie\/","og_locale":"da_DK","og_type":"article","og_title":"Vores historie - Kibodan","og_description":"1967 Den danske apoteker, Hr. Fabricius, udviklede en doserings\u00e6ske sammen med sin hustru. \u00c6gteparret erfarede, at der var et behov for at organisere den daglige medicindosering. Produktionen af \u00e6skerne startede i Danmark i 1967, og blev solgt i parrets apotek af hustruen. 1972 Kibodan A\/S blev etableret af Bohart familien og rettighederne til designet og [&hellip;]","og_url":"https:\/\/kibodan.com\/da\/vores-historie\/","og_site_name":"Kibodan","article_modified_time":"2022-09-20T08:26:27+00:00","og_image":[{"url":"https:\/\/kibodan.vps.simplesolution.dk\/wp-content\/uploads\/Kibodan-01-1024x375.jpg","type":"","width":"","height":""}],"twitter_card":"summary_large_image","twitter_misc":{"Estimeret l\u00e6setid":"3 minutter"},"schema":{"@context":"https:\/\/schema.org","@graph":[{"@type":"WebPage","@id":"https:\/\/kibodan.com\/da\/vores-historie\/","url":"https:\/\/kibodan.com\/da\/vores-historie\/","name":"Vores historie - Kibodan","isPartOf":{"@id":"https:\/\/kibodan.com\/da\/#website"},"primaryImageOfPage":{"@id":"https:\/\/kibodan.com\/da\/vores-historie\/#primaryimage"},"image":{"@id":"https:\/\/kibodan.com\/da\/vores-historie\/#primaryimage"},"thumbnailUrl":"https:\/\/kibodan.vps.simplesolution.dk\/wp-content\/uploads\/Kibodan-01-1024x375.jpg","datePublished":"2020-08-18T09:48:17+00:00","dateModified":"2022-09-20T08:26:27+00:00","breadcrumb":{"@id":"https:\/\/kibodan.com\/da\/vores-historie\/#breadcrumb"},"inLanguage":"da-DK","potentialAction":[{"@type":"ReadAction","target":["https:\/\/kibodan.com\/da\/vores-historie\/"]}]},{"@type":"ImageObject","inLanguage":"da-DK","@id":"https:\/\/kibodan.com\/da\/vores-historie\/#primaryimage","url":"https:\/\/kibodan.vps.simplesolution.dk\/wp-content\/uploads\/Kibodan-01-1024x375.jpg","contentUrl":"https:\/\/kibodan.vps.simplesolution.dk\/wp-content\/uploads\/Kibodan-01-1024x375.jpg"},{"@type":"BreadcrumbList","@id":"https:\/\/kibodan.com\/da\/vores-historie\/#breadcrumb","itemListElement":[{"@type":"ListItem","position":1,"name":"Home","item":"https:\/\/kibodan.com\/da\/"},{"@type":"ListItem","position":2,"name":"Vores historie"}]},{"@type":"WebSite","@id":"https:\/\/kibodan.com\/da\/#website","url":"https:\/\/kibodan.com\/da\/","name":"Kibodan","description":"","publisher":{"@id":"https:\/\/kibodan.com\/da\/#organization"},"potentialAction":[{"@type":"SearchAction","target":{"@type":"EntryPoint","urlTemplate":"https:\/\/kibodan.com\/da\/?s={search_term_string}"},"query-input":{"@type":"PropertyValueSpecification","valueRequired":true,"valueName":"search_term_string"}}],"inLanguage":"da-DK"},{"@type":"Organization","@id":"https:\/\/kibodan.com\/da\/#organization","name":"Kibodan","url":"https:\/\/kibodan.com\/da\/","logo":{"@type":"ImageObject","inLanguage":"da-DK","@id":"https:\/\/kibodan.com\/da\/#\/schema\/logo\/image\/","url":"https:\/\/kibodan.com\/wp-content\/uploads\/kibodan-logo-white.svg","contentUrl":"https:\/\/kibodan.com\/wp-content\/uploads\/kibodan-logo-white.svg","caption":"Kibodan"},"image":{"@id":"https:\/\/kibodan.com\/da\/#\/schema\/logo\/image\/"}}]}},"_links":{"self":[{"href":"https:\/\/kibodan.com\/da\/wp-json\/wp\/v2\/pages\/1798","targetHints":{"allow":["GET"]}}],"collection":[{"href":"https:\/\/kibodan.com\/da\/wp-json\/wp\/v2\/pages"}],"about":[{"href":"https:\/\/kibodan.com\/da\/wp-json\/wp\/v2\/types\/page"}],"author":[{"embeddable":true,"href":"https:\/\/kibodan.com\/da\/wp-json\/wp\/v2\/users\/1"}],"replies":[{"embeddable":true,"href":"https:\/\/kibodan.com\/da\/wp-json\/wp\/v2\/comments?post=1798"}],"version-history":[{"count":19,"href":"https:\/\/kibodan.com\/da\/wp-json\/wp\/v2\/pages\/1798\/revisions"}],"predecessor-version":[{"id":5845,"href":"https:\/\/kibodan.com\/da\/wp-json\/wp\/v2\/pages\/1798\/revisions\/5845"}],"wp:attachment":[{"href":"https:\/\/kibodan.com\/da\/wp-json\/wp\/v2\/media?parent=1798"}],"curies":[{"name":"wp","href":"https:\/\/api.w.org\/{rel}","templated":true}]}}