{"id":1800,"date":"2020-08-18T12:41:18","date_gmt":"2020-08-18T10:41:18","guid":{"rendered":"http:\/\/kibodan2.i-strategi.pro\/vores-team\/"},"modified":"2026-01-07T09:28:18","modified_gmt":"2026-01-07T08:28:18","slug":"vores-team","status":"publish","type":"page","link":"https:\/\/kibodan.com\/da\/vores-team\/","title":{"rendered":"Vores team"},"content":{"rendered":"\t\t<div data-elementor-type=\"wp-page\" data-elementor-id=\"1800\" class=\"elementor elementor-1800 elementor-1741\" data-elementor-post-type=\"page\">\n\t\t\t\t\t\t<section class=\"elementor-section elementor-top-section elementor-element elementor-element-84cfdd6 elementor-section-boxed elementor-section-height-default elementor-section-height-default\" data-id=\"84cfdd6\" data-element_type=\"section\">\n\t\t\t\t\t\t<div class=\"elementor-container elementor-column-gap-default\">\n\t\t\t\t\t<div class=\"elementor-column elementor-col-100 elementor-top-column elementor-element elementor-element-d2f7cbd\" data-id=\"d2f7cbd\" data-element_type=\"column\">\n\t\t\t<div class=\"elementor-widget-wrap elementor-element-populated\">\n\t\t\t\t\t\t<div class=\"elementor-element elementor-element-f9c1495 elementor-widget elementor-widget-heading\" data-id=\"f9c1495\" data-element_type=\"widget\" data-widget_type=\"heading.default\">\n\t\t\t\t<div class=\"elementor-widget-container\">\n\t\t\t\t\t<h2 class=\"elementor-heading-title elementor-size-default\">Vores team<\/h2>\t\t\t\t<\/div>\n\t\t\t\t<\/div>\n\t\t\t\t\t<\/div>\n\t\t<\/div>\n\t\t\t\t\t<\/div>\n\t\t<\/section>\n\t\t\t\t<section class=\"elementor-section elementor-top-section elementor-element elementor-element-ccd2947 elementor-section-boxed elementor-section-height-default elementor-section-height-default\" data-id=\"ccd2947\" data-element_type=\"section\">\n\t\t\t\t\t\t<div class=\"elementor-container elementor-column-gap-default\">\n\t\t\t\t\t<div class=\"elementor-column elementor-col-33 elementor-top-column elementor-element elementor-element-7aad8a3\" data-id=\"7aad8a3\" data-element_type=\"column\">\n\t\t\t<div class=\"elementor-widget-wrap elementor-element-populated\">\n\t\t\t\t\t\t<div class=\"elementor-element elementor-element-d92176f elementor-widget elementor-widget-image\" data-id=\"d92176f\" data-element_type=\"widget\" data-widget_type=\"image.default\">\n\t\t\t\t<div class=\"elementor-widget-container\">\n\t\t\t\t\t\t\t\t\t\t\t\t\t\t\t<img fetchpriority=\"high\" decoding=\"async\" width=\"2459\" height=\"2459\" src=\"https:\/\/kibodan.com\/wp-content\/uploads\/Jesper-V1.jpg\" class=\"attachment-full size-full wp-image-9739\" alt=\"\" srcset=\"https:\/\/kibodan.com\/wp-content\/uploads\/Jesper-V1.jpg 2459w, https:\/\/kibodan.com\/wp-content\/uploads\/Jesper-V1-300x300.jpg 300w, https:\/\/kibodan.com\/wp-content\/uploads\/Jesper-V1-1024x1024.jpg 1024w, https:\/\/kibodan.com\/wp-content\/uploads\/Jesper-V1-150x150.jpg 150w, https:\/\/kibodan.com\/wp-content\/uploads\/Jesper-V1-768x768.jpg 768w, https:\/\/kibodan.com\/wp-content\/uploads\/Jesper-V1-1536x1536.jpg 1536w, https:\/\/kibodan.com\/wp-content\/uploads\/Jesper-V1-2048x2048.jpg 2048w\" sizes=\"(max-width: 2459px) 100vw, 2459px\" \/>\t\t\t\t\t\t\t\t\t\t\t\t\t\t\t<\/div>\n\t\t\t\t<\/div>\n\t\t\t\t<div class=\"elementor-element elementor-element-b485b60 elementor-widget elementor-widget-heading\" data-id=\"b485b60\" data-element_type=\"widget\" data-widget_type=\"heading.default\">\n\t\t\t\t<div class=\"elementor-widget-container\">\n\t\t\t\t\t<h2 class=\"elementor-heading-title elementor-size-default\">Jesper Jarmann<\/h2>\t\t\t\t<\/div>\n\t\t\t\t<\/div>\n\t\t\t\t<div class=\"elementor-element elementor-element-ad241eb elementor-widget elementor-widget-heading\" data-id=\"ad241eb\" data-element_type=\"widget\" data-widget_type=\"heading.default\">\n\t\t\t\t<div class=\"elementor-widget-container\">\n\t\t\t\t\t<p class=\"elementor-heading-title elementor-size-default\">Administrerende Direkt\u00f8r<\/p>\t\t\t\t<\/div>\n\t\t\t\t<\/div>\n\t\t\t\t\t<\/div>\n\t\t<\/div>\n\t\t\t\t<div class=\"elementor-column elementor-col-33 elementor-top-column elementor-element elementor-element-4fa71f8\" data-id=\"4fa71f8\" data-element_type=\"column\">\n\t\t\t<div class=\"elementor-widget-wrap elementor-element-populated\">\n\t\t\t\t\t\t<div class=\"elementor-element elementor-element-bd90461 elementor-widget elementor-widget-image\" data-id=\"bd90461\" data-element_type=\"widget\" data-widget_type=\"image.default\">\n\t\t\t\t<div class=\"elementor-widget-container\">\n\t\t\t\t\t\t\t\t\t\t\t\t\t\t\t<img decoding=\"async\" width=\"2460\" height=\"2460\" src=\"https:\/\/kibodan.com\/wp-content\/uploads\/Face.png\" class=\"attachment-full size-full wp-image-2743\" alt=\"\" srcset=\"https:\/\/kibodan.com\/wp-content\/uploads\/Face.png 2460w, https:\/\/kibodan.com\/wp-content\/uploads\/Face-300x300.png 300w, https:\/\/kibodan.com\/wp-content\/uploads\/Face-1024x1024.png 1024w, https:\/\/kibodan.com\/wp-content\/uploads\/Face-150x150.png 150w, https:\/\/kibodan.com\/wp-content\/uploads\/Face-768x768.png 768w, https:\/\/kibodan.com\/wp-content\/uploads\/Face-1536x1536.png 1536w, https:\/\/kibodan.com\/wp-content\/uploads\/Face-2048x2048.png 2048w\" sizes=\"(max-width: 2460px) 100vw, 2460px\" \/>\t\t\t\t\t\t\t\t\t\t\t\t\t\t\t<\/div>\n\t\t\t\t<\/div>\n\t\t\t\t<div class=\"elementor-element elementor-element-8aa56db elementor-widget elementor-widget-heading\" data-id=\"8aa56db\" data-element_type=\"widget\" data-widget_type=\"heading.default\">\n\t\t\t\t<div class=\"elementor-widget-container\">\n\t\t\t\t\t<h2 class=\"elementor-heading-title elementor-size-default\">Martin Spangaard<\/h2>\t\t\t\t<\/div>\n\t\t\t\t<\/div>\n\t\t\t\t<div class=\"elementor-element elementor-element-3e31a75 elementor-widget elementor-widget-heading\" data-id=\"3e31a75\" data-element_type=\"widget\" data-widget_type=\"heading.default\">\n\t\t\t\t<div class=\"elementor-widget-container\">\n\t\t\t\t\t<p class=\"elementor-heading-title elementor-size-default\">COO<\/p>\t\t\t\t<\/div>\n\t\t\t\t<\/div>\n\t\t\t\t\t<\/div>\n\t\t<\/div>\n\t\t\t\t<div class=\"elementor-column elementor-col-33 elementor-top-column elementor-element elementor-element-470051b\" data-id=\"470051b\" data-element_type=\"column\">\n\t\t\t<div class=\"elementor-widget-wrap elementor-element-populated\">\n\t\t\t\t\t\t<div class=\"elementor-element elementor-element-2e41cef elementor-widget elementor-widget-image\" data-id=\"2e41cef\" data-element_type=\"widget\" data-widget_type=\"image.default\">\n\t\t\t\t<div class=\"elementor-widget-container\">\n\t\t\t\t\t\t\t\t\t\t\t\t\t\t\t<img decoding=\"async\" width=\"2459\" height=\"2459\" src=\"https:\/\/kibodan.com\/wp-content\/uploads\/Maja-V1.png\" class=\"attachment-full size-full wp-image-6638\" alt=\"\" srcset=\"https:\/\/kibodan.com\/wp-content\/uploads\/Maja-V1.png 2459w, https:\/\/kibodan.com\/wp-content\/uploads\/Maja-V1-300x300.png 300w, https:\/\/kibodan.com\/wp-content\/uploads\/Maja-V1-1024x1024.png 1024w, https:\/\/kibodan.com\/wp-content\/uploads\/Maja-V1-150x150.png 150w, https:\/\/kibodan.com\/wp-content\/uploads\/Maja-V1-768x768.png 768w, https:\/\/kibodan.com\/wp-content\/uploads\/Maja-V1-1536x1536.png 1536w, https:\/\/kibodan.com\/wp-content\/uploads\/Maja-V1-2048x2048.png 2048w\" sizes=\"(max-width: 2459px) 100vw, 2459px\" \/>\t\t\t\t\t\t\t\t\t\t\t\t\t\t\t<\/div>\n\t\t\t\t<\/div>\n\t\t\t\t<div class=\"elementor-element elementor-element-fb05fb2 elementor-widget elementor-widget-heading\" data-id=\"fb05fb2\" data-element_type=\"widget\" data-widget_type=\"heading.default\">\n\t\t\t\t<div class=\"elementor-widget-container\">\n\t\t\t\t\t<h2 class=\"elementor-heading-title elementor-size-default\">Maja Florman Nielsen<\/h2>\t\t\t\t<\/div>\n\t\t\t\t<\/div>\n\t\t\t\t<div class=\"elementor-element elementor-element-48fe713 elementor-widget elementor-widget-heading\" data-id=\"48fe713\" data-element_type=\"widget\" data-widget_type=\"heading.default\">\n\t\t\t\t<div class=\"elementor-widget-container\">\n\t\t\t\t\t<p class=\"elementor-heading-title elementor-size-default\">Marketing Assistent<\/p>\t\t\t\t<\/div>\n\t\t\t\t<\/div>\n\t\t\t\t<div class=\"elementor-element elementor-element-02d3df6 elementor-widget elementor-widget-text-editor\" data-id=\"02d3df6\" data-element_type=\"widget\" data-widget_type=\"text-editor.default\">\n\t\t\t\t<div class=\"elementor-widget-container\">\n\t\t\t\t\t\t\t\t\t<p>Maja er vores Marketing Assistent og er prim\u00e6rt ansvarlig for vores kommunikation og marketing. Hvis du har sp\u00f8rgsm\u00e5l til marketing, s\u00e5 kontakt Maja p\u00e5\u00a0 <a href=\"mailto:kontakt@kibodan.dk\"><strong>kontakt@kibodan.dk<\/strong><\/a>.<\/p>\n\t\t\t\t\t\t\t\t<\/div>\n\t\t\t\t<\/div>\n\t\t\t\t\t<\/div>\n\t\t<\/div>\n\t\t\t\t\t<\/div>\n\t\t<\/section>\n\t\t\t\t<section class=\"elementor-section elementor-top-section elementor-element elementor-element-0199584 elementor-section-boxed elementor-section-height-default elementor-section-height-default\" data-id=\"0199584\" data-element_type=\"section\">\n\t\t\t\t\t\t<div class=\"elementor-container elementor-column-gap-default\">\n\t\t\t\t\t<div class=\"elementor-column elementor-col-33 elementor-top-column elementor-element elementor-element-83b9c6b\" data-id=\"83b9c6b\" data-element_type=\"column\">\n\t\t\t<div class=\"elementor-widget-wrap elementor-element-populated\">\n\t\t\t\t\t\t<div class=\"elementor-element elementor-element-0a751b1 elementor-widget elementor-widget-image\" data-id=\"0a751b1\" data-element_type=\"widget\" data-widget_type=\"image.default\">\n\t\t\t\t<div class=\"elementor-widget-container\">\n\t\t\t\t\t\t\t\t\t\t\t\t\t\t\t<img loading=\"lazy\" decoding=\"async\" width=\"2459\" height=\"2459\" src=\"https:\/\/kibodan.com\/wp-content\/uploads\/Helena-V2.jpg\" class=\"attachment-full size-full wp-image-3229\" alt=\"\" srcset=\"https:\/\/kibodan.com\/wp-content\/uploads\/Helena-V2.jpg 2459w, https:\/\/kibodan.com\/wp-content\/uploads\/Helena-V2-300x300.jpg 300w, https:\/\/kibodan.com\/wp-content\/uploads\/Helena-V2-1024x1024.jpg 1024w, https:\/\/kibodan.com\/wp-content\/uploads\/Helena-V2-150x150.jpg 150w, https:\/\/kibodan.com\/wp-content\/uploads\/Helena-V2-768x768.jpg 768w, https:\/\/kibodan.com\/wp-content\/uploads\/Helena-V2-1536x1536.jpg 1536w, https:\/\/kibodan.com\/wp-content\/uploads\/Helena-V2-2048x2048.jpg 2048w\" sizes=\"(max-width: 2459px) 100vw, 2459px\" \/>\t\t\t\t\t\t\t\t\t\t\t\t\t\t\t<\/div>\n\t\t\t\t<\/div>\n\t\t\t\t<div class=\"elementor-element elementor-element-4479f99 elementor-widget elementor-widget-heading\" data-id=\"4479f99\" data-element_type=\"widget\" data-widget_type=\"heading.default\">\n\t\t\t\t<div class=\"elementor-widget-container\">\n\t\t\t\t\t<h2 class=\"elementor-heading-title elementor-size-default\">Helena Helmer<\/h2>\t\t\t\t<\/div>\n\t\t\t\t<\/div>\n\t\t\t\t<div class=\"elementor-element elementor-element-8d43b98 elementor-widget elementor-widget-heading\" data-id=\"8d43b98\" data-element_type=\"widget\" data-widget_type=\"heading.default\">\n\t\t\t\t<div class=\"elementor-widget-container\">\n\t\t\t\t\t<p class=\"elementor-heading-title elementor-size-default\">System og Design ansvarlig<\/p>\t\t\t\t<\/div>\n\t\t\t\t<\/div>\n\t\t\t\t<div class=\"elementor-element elementor-element-13f527b elementor-widget elementor-widget-text-editor\" data-id=\"13f527b\" data-element_type=\"widget\" data-widget_type=\"text-editor.default\">\n\t\t\t\t<div class=\"elementor-widget-container\">\n\t\t\t\t\t\t\t\t\t<p>Helena er vores System og Design ansvarlig og st\u00e5r for designet af vores emballage, markedsf\u00f8ringsmateriale samt fotografering af vores produkter.<\/p>\n\t\t\t\t\t\t\t\t<\/div>\n\t\t\t\t<\/div>\n\t\t\t\t\t<\/div>\n\t\t<\/div>\n\t\t\t\t<div class=\"elementor-column elementor-col-33 elementor-top-column elementor-element elementor-element-5409a03\" data-id=\"5409a03\" data-element_type=\"column\">\n\t\t\t<div class=\"elementor-widget-wrap elementor-element-populated\">\n\t\t\t\t\t\t<div class=\"elementor-element elementor-element-2f40582 elementor-widget elementor-widget-image\" data-id=\"2f40582\" data-element_type=\"widget\" data-widget_type=\"image.default\">\n\t\t\t\t<div class=\"elementor-widget-container\">\n\t\t\t\t\t\t\t\t\t\t\t\t\t\t\t<img decoding=\"async\" width=\"2460\" height=\"2460\" src=\"https:\/\/kibodan.com\/wp-content\/uploads\/Face.png\" class=\"attachment-full size-full wp-image-2743\" alt=\"\" srcset=\"https:\/\/kibodan.com\/wp-content\/uploads\/Face.png 2460w, https:\/\/kibodan.com\/wp-content\/uploads\/Face-300x300.png 300w, https:\/\/kibodan.com\/wp-content\/uploads\/Face-1024x1024.png 1024w, https:\/\/kibodan.com\/wp-content\/uploads\/Face-150x150.png 150w, https:\/\/kibodan.com\/wp-content\/uploads\/Face-768x768.png 768w, https:\/\/kibodan.com\/wp-content\/uploads\/Face-1536x1536.png 1536w, https:\/\/kibodan.com\/wp-content\/uploads\/Face-2048x2048.png 2048w\" sizes=\"(max-width: 2460px) 100vw, 2460px\" \/>\t\t\t\t\t\t\t\t\t\t\t\t\t\t\t<\/div>\n\t\t\t\t<\/div>\n\t\t\t\t<div class=\"elementor-element elementor-element-569e1a5 elementor-widget elementor-widget-heading\" data-id=\"569e1a5\" data-element_type=\"widget\" data-widget_type=\"heading.default\">\n\t\t\t\t<div class=\"elementor-widget-container\">\n\t\t\t\t\t<h2 class=\"elementor-heading-title elementor-size-default\">Louise S\u00f8dal Thorn<\/h2>\t\t\t\t<\/div>\n\t\t\t\t<\/div>\n\t\t\t\t<div class=\"elementor-element elementor-element-ced2176 elementor-widget elementor-widget-heading\" data-id=\"ced2176\" data-element_type=\"widget\" data-widget_type=\"heading.default\">\n\t\t\t\t<div class=\"elementor-widget-container\">\n\t\t\t\t\t<p class=\"elementor-heading-title elementor-size-default\">Marketing- og kommunikationskoordinator<\/p>\t\t\t\t<\/div>\n\t\t\t\t<\/div>\n\t\t\t\t<div class=\"elementor-element elementor-element-7991bdc elementor-widget elementor-widget-text-editor\" data-id=\"7991bdc\" data-element_type=\"widget\" data-widget_type=\"text-editor.default\">\n\t\t\t\t<div class=\"elementor-widget-container\">\n\t\t\t\t\t\t\t\t\t<p><span style=\"letter-spacing: 0.1px;\">Louise er vores marketing- og kommunikationskoordinator. Hun er prim\u00e6rt ansvarlig for vores kommunikation og sociale medier. Hvis du har nogen sp\u00f8rgsm\u00e5l om marketing eller kommunikation, s\u00e5 kontakt Louise p\u00e5 <\/span><strong style=\"letter-spacing: 0.1px;\"><a style=\"letter-spacing: 0.1px; background-color: #ffffff;\" href=\"mailto:kontakt@kibodan.dk\">kontakt@kibodan.dk<\/a><\/strong><\/p>\n\t\t\t\t\t\t\t\t<\/div>\n\t\t\t\t<\/div>\n\t\t\t\t\t<\/div>\n\t\t<\/div>\n\t\t\t\t<div class=\"elementor-column elementor-col-33 elementor-top-column elementor-element elementor-element-2ca6c93\" data-id=\"2ca6c93\" data-element_type=\"column\">\n\t\t\t<div class=\"elementor-widget-wrap elementor-element-populated\">\n\t\t\t\t\t\t<div class=\"elementor-element elementor-element-5be4ccd elementor-widget elementor-widget-image\" data-id=\"5be4ccd\" data-element_type=\"widget\" data-widget_type=\"image.default\">\n\t\t\t\t<div class=\"elementor-widget-container\">\n\t\t\t\t\t\t\t\t\t\t\t\t\t\t\t<img decoding=\"async\" width=\"2460\" height=\"2460\" src=\"https:\/\/kibodan.com\/wp-content\/uploads\/Face.png\" class=\"attachment-full size-full wp-image-2743\" alt=\"\" srcset=\"https:\/\/kibodan.com\/wp-content\/uploads\/Face.png 2460w, https:\/\/kibodan.com\/wp-content\/uploads\/Face-300x300.png 300w, https:\/\/kibodan.com\/wp-content\/uploads\/Face-1024x1024.png 1024w, https:\/\/kibodan.com\/wp-content\/uploads\/Face-150x150.png 150w, https:\/\/kibodan.com\/wp-content\/uploads\/Face-768x768.png 768w, https:\/\/kibodan.com\/wp-content\/uploads\/Face-1536x1536.png 1536w, https:\/\/kibodan.com\/wp-content\/uploads\/Face-2048x2048.png 2048w\" sizes=\"(max-width: 2460px) 100vw, 2460px\" \/>\t\t\t\t\t\t\t\t\t\t\t\t\t\t\t<\/div>\n\t\t\t\t<\/div>\n\t\t\t\t<div class=\"elementor-element elementor-element-d7bafb4 elementor-widget elementor-widget-heading\" data-id=\"d7bafb4\" data-element_type=\"widget\" data-widget_type=\"heading.default\">\n\t\t\t\t<div class=\"elementor-widget-container\">\n\t\t\t\t\t<h2 class=\"elementor-heading-title elementor-size-default\">Alex Milton<\/h2>\t\t\t\t<\/div>\n\t\t\t\t<\/div>\n\t\t\t\t<div class=\"elementor-element elementor-element-8acae40 elementor-widget elementor-widget-heading\" data-id=\"8acae40\" data-element_type=\"widget\" data-widget_type=\"heading.default\">\n\t\t\t\t<div class=\"elementor-widget-container\">\n\t\t\t\t\t<p class=\"elementor-heading-title elementor-size-default\">Studentermedhj\u00e6lper \/ front-end developer<\/p>\t\t\t\t<\/div>\n\t\t\t\t<\/div>\n\t\t\t\t<div class=\"elementor-element elementor-element-bd646cb elementor-widget elementor-widget-text-editor\" data-id=\"bd646cb\" data-element_type=\"widget\" data-widget_type=\"text-editor.default\">\n\t\t\t\t<div class=\"elementor-widget-container\">\n\t\t\t\t\t\t\t\t\t<p><span style=\"letter-spacing: 0.1px;\">Alex er vores studentermedhj\u00e6lper og front-end developer. Han er prim\u00e6rt ansvarlig for vores hjemmeside og vores tekniske rygrad, og hj\u00e6lper med de forskellige tekniske problemer, der kan opst\u00e5 p\u00e5 kontoret.\u00a0 <\/span><strong style=\"letter-spacing: 0.1px;\"><a style=\"letter-spacing: 0.1px; background-color: #ffffff;\" href=\"mailto:kontakt@kibodan.dk\">kontakt@kibodan.dk<\/a><\/strong><\/p>\n\t\t\t\t\t\t\t\t<\/div>\n\t\t\t\t<\/div>\n\t\t\t\t\t<\/div>\n\t\t<\/div>\n\t\t\t\t\t<\/div>\n\t\t<\/section>\n\t\t\t\t<section class=\"elementor-section elementor-top-section elementor-element elementor-element-ec99bab elementor-section-boxed elementor-section-height-default elementor-section-height-default\" data-id=\"ec99bab\" data-element_type=\"section\">\n\t\t\t\t\t\t<div class=\"elementor-container elementor-column-gap-default\">\n\t\t\t\t\t<div class=\"elementor-column elementor-col-50 elementor-top-column elementor-element elementor-element-7523c41\" data-id=\"7523c41\" data-element_type=\"column\">\n\t\t\t<div class=\"elementor-widget-wrap\">\n\t\t\t\t\t\t\t<\/div>\n\t\t<\/div>\n\t\t\t\t<div class=\"elementor-column elementor-col-50 elementor-top-column elementor-element elementor-element-850a65a\" data-id=\"850a65a\" data-element_type=\"column\">\n\t\t\t<div class=\"elementor-widget-wrap\">\n\t\t\t\t\t\t\t<\/div>\n\t\t<\/div>\n\t\t\t\t\t<\/div>\n\t\t<\/section>\n\t\t\t\t<\/div>\n\t\t","protected":false},"excerpt":{"rendered":"<p>Jesper Jarmann Administrerende Direkt\u00f8r Martin Spangaard COO Maja Florman Nielsen Marketing Assistent Maja er vores Marketing Assistent og er prim\u00e6rt ansvarlig for vores kommunikation og marketing. Hvis du har sp\u00f8rgsm\u00e5l til marketing, s\u00e5 kontakt Maja p\u00e5\u00a0 kontakt@kibodan.dk. Helena Helmer System og Design ansvarlig Helena er vores System og Design ansvarlig og st\u00e5r for designet af [&hellip;]<\/p>\n","protected":false},"author":1,"featured_media":0,"parent":0,"menu_order":0,"comment_status":"closed","ping_status":"closed","template":"","meta":{"_acf_changed":false,"footnotes":""},"class_list":["post-1800","page","type-page","status-publish","hentry"],"acf":[],"yoast_head":"<!-- This site is optimized with the Yoast SEO plugin v26.3 - https:\/\/yoast.com\/wordpress\/plugins\/seo\/ -->\n<title>Vores team - Kibodan<\/title>\n<meta name=\"robots\" content=\"index, follow, max-snippet:-1, max-image-preview:large, max-video-preview:-1\" \/>\n<link rel=\"canonical\" href=\"https:\/\/kibodan.com\/da\/vores-team\/\" \/>\n<meta property=\"og:locale\" content=\"da_DK\" \/>\n<meta property=\"og:type\" content=\"article\" \/>\n<meta property=\"og:title\" content=\"Vores team - Kibodan\" \/>\n<meta property=\"og:description\" content=\"Jesper Jarmann Administrerende Direkt\u00f8r Martin Spangaard COO Maja Florman Nielsen Marketing Assistent Maja er vores Marketing Assistent og er prim\u00e6rt ansvarlig for vores kommunikation og marketing. Hvis du har sp\u00f8rgsm\u00e5l til marketing, s\u00e5 kontakt Maja p\u00e5\u00a0 kontakt@kibodan.dk. Helena Helmer System og Design ansvarlig Helena er vores System og Design ansvarlig og st\u00e5r for designet af [&hellip;]\" \/>\n<meta property=\"og:url\" content=\"https:\/\/kibodan.com\/da\/vores-team\/\" \/>\n<meta property=\"og:site_name\" content=\"Kibodan\" \/>\n<meta property=\"article:modified_time\" content=\"2026-01-07T08:28:18+00:00\" \/>\n<meta property=\"og:image\" content=\"https:\/\/kibodan.com\/wp-content\/uploads\/Jesper-V1-1024x1024.jpg\" \/>\n\t<meta property=\"og:image:width\" content=\"1024\" \/>\n\t<meta property=\"og:image:height\" content=\"1024\" \/>\n\t<meta property=\"og:image:type\" content=\"image\/jpeg\" \/>\n<meta name=\"twitter:card\" content=\"summary_large_image\" \/>\n<meta name=\"twitter:label1\" content=\"Estimeret l\u00e6setid\" \/>\n\t<meta name=\"twitter:data1\" content=\"3 minutter\" \/>\n<script type=\"application\/ld+json\" class=\"yoast-schema-graph\">{\"@context\":\"https:\/\/schema.org\",\"@graph\":[{\"@type\":\"WebPage\",\"@id\":\"https:\/\/kibodan.com\/da\/vores-team\/\",\"url\":\"https:\/\/kibodan.com\/da\/vores-team\/\",\"name\":\"Vores team - Kibodan\",\"isPartOf\":{\"@id\":\"https:\/\/kibodan.com\/da\/#website\"},\"primaryImageOfPage\":{\"@id\":\"https:\/\/kibodan.com\/da\/vores-team\/#primaryimage\"},\"image\":{\"@id\":\"https:\/\/kibodan.com\/da\/vores-team\/#primaryimage\"},\"thumbnailUrl\":\"https:\/\/kibodan.com\/wp-content\/uploads\/Jesper-V1.jpg\",\"datePublished\":\"2020-08-18T10:41:18+00:00\",\"dateModified\":\"2026-01-07T08:28:18+00:00\",\"breadcrumb\":{\"@id\":\"https:\/\/kibodan.com\/da\/vores-team\/#breadcrumb\"},\"inLanguage\":\"da-DK\",\"potentialAction\":[{\"@type\":\"ReadAction\",\"target\":[\"https:\/\/kibodan.com\/da\/vores-team\/\"]}]},{\"@type\":\"ImageObject\",\"inLanguage\":\"da-DK\",\"@id\":\"https:\/\/kibodan.com\/da\/vores-team\/#primaryimage\",\"url\":\"https:\/\/kibodan.com\/wp-content\/uploads\/Jesper-V1.jpg\",\"contentUrl\":\"https:\/\/kibodan.com\/wp-content\/uploads\/Jesper-V1.jpg\"},{\"@type\":\"BreadcrumbList\",\"@id\":\"https:\/\/kibodan.com\/da\/vores-team\/#breadcrumb\",\"itemListElement\":[{\"@type\":\"ListItem\",\"position\":1,\"name\":\"Home\",\"item\":\"https:\/\/kibodan.com\/da\/\"},{\"@type\":\"ListItem\",\"position\":2,\"name\":\"Vores team\"}]},{\"@type\":\"WebSite\",\"@id\":\"https:\/\/kibodan.com\/da\/#website\",\"url\":\"https:\/\/kibodan.com\/da\/\",\"name\":\"Kibodan\",\"description\":\"\",\"publisher\":{\"@id\":\"https:\/\/kibodan.com\/da\/#organization\"},\"potentialAction\":[{\"@type\":\"SearchAction\",\"target\":{\"@type\":\"EntryPoint\",\"urlTemplate\":\"https:\/\/kibodan.com\/da\/?s={search_term_string}\"},\"query-input\":{\"@type\":\"PropertyValueSpecification\",\"valueRequired\":true,\"valueName\":\"search_term_string\"}}],\"inLanguage\":\"da-DK\"},{\"@type\":\"Organization\",\"@id\":\"https:\/\/kibodan.com\/da\/#organization\",\"name\":\"Kibodan\",\"url\":\"https:\/\/kibodan.com\/da\/\",\"logo\":{\"@type\":\"ImageObject\",\"inLanguage\":\"da-DK\",\"@id\":\"https:\/\/kibodan.com\/da\/#\/schema\/logo\/image\/\",\"url\":\"https:\/\/kibodan.com\/wp-content\/uploads\/kibodan-logo-white.svg\",\"contentUrl\":\"https:\/\/kibodan.com\/wp-content\/uploads\/kibodan-logo-white.svg\",\"caption\":\"Kibodan\"},\"image\":{\"@id\":\"https:\/\/kibodan.com\/da\/#\/schema\/logo\/image\/\"}}]}<\/script>\n<!-- \/ Yoast SEO plugin. -->","yoast_head_json":{"title":"Vores team - Kibodan","robots":{"index":"index","follow":"follow","max-snippet":"max-snippet:-1","max-image-preview":"max-image-preview:large","max-video-preview":"max-video-preview:-1"},"canonical":"https:\/\/kibodan.com\/da\/vores-team\/","og_locale":"da_DK","og_type":"article","og_title":"Vores team - Kibodan","og_description":"Jesper Jarmann Administrerende Direkt\u00f8r Martin Spangaard COO Maja Florman Nielsen Marketing Assistent Maja er vores Marketing Assistent og er prim\u00e6rt ansvarlig for vores kommunikation og marketing. Hvis du har sp\u00f8rgsm\u00e5l til marketing, s\u00e5 kontakt Maja p\u00e5\u00a0 kontakt@kibodan.dk. Helena Helmer System og Design ansvarlig Helena er vores System og Design ansvarlig og st\u00e5r for designet af [&hellip;]","og_url":"https:\/\/kibodan.com\/da\/vores-team\/","og_site_name":"Kibodan","article_modified_time":"2026-01-07T08:28:18+00:00","og_image":[{"width":1024,"height":1024,"url":"https:\/\/kibodan.com\/wp-content\/uploads\/Jesper-V1-1024x1024.jpg","type":"image\/jpeg"}],"twitter_card":"summary_large_image","twitter_misc":{"Estimeret l\u00e6setid":"3 minutter"},"schema":{"@context":"https:\/\/schema.org","@graph":[{"@type":"WebPage","@id":"https:\/\/kibodan.com\/da\/vores-team\/","url":"https:\/\/kibodan.com\/da\/vores-team\/","name":"Vores team - Kibodan","isPartOf":{"@id":"https:\/\/kibodan.com\/da\/#website"},"primaryImageOfPage":{"@id":"https:\/\/kibodan.com\/da\/vores-team\/#primaryimage"},"image":{"@id":"https:\/\/kibodan.com\/da\/vores-team\/#primaryimage"},"thumbnailUrl":"https:\/\/kibodan.com\/wp-content\/uploads\/Jesper-V1.jpg","datePublished":"2020-08-18T10:41:18+00:00","dateModified":"2026-01-07T08:28:18+00:00","breadcrumb":{"@id":"https:\/\/kibodan.com\/da\/vores-team\/#breadcrumb"},"inLanguage":"da-DK","potentialAction":[{"@type":"ReadAction","target":["https:\/\/kibodan.com\/da\/vores-team\/"]}]},{"@type":"ImageObject","inLanguage":"da-DK","@id":"https:\/\/kibodan.com\/da\/vores-team\/#primaryimage","url":"https:\/\/kibodan.com\/wp-content\/uploads\/Jesper-V1.jpg","contentUrl":"https:\/\/kibodan.com\/wp-content\/uploads\/Jesper-V1.jpg"},{"@type":"BreadcrumbList","@id":"https:\/\/kibodan.com\/da\/vores-team\/#breadcrumb","itemListElement":[{"@type":"ListItem","position":1,"name":"Home","item":"https:\/\/kibodan.com\/da\/"},{"@type":"ListItem","position":2,"name":"Vores team"}]},{"@type":"WebSite","@id":"https:\/\/kibodan.com\/da\/#website","url":"https:\/\/kibodan.com\/da\/","name":"Kibodan","description":"","publisher":{"@id":"https:\/\/kibodan.com\/da\/#organization"},"potentialAction":[{"@type":"SearchAction","target":{"@type":"EntryPoint","urlTemplate":"https:\/\/kibodan.com\/da\/?s={search_term_string}"},"query-input":{"@type":"PropertyValueSpecification","valueRequired":true,"valueName":"search_term_string"}}],"inLanguage":"da-DK"},{"@type":"Organization","@id":"https:\/\/kibodan.com\/da\/#organization","name":"Kibodan","url":"https:\/\/kibodan.com\/da\/","logo":{"@type":"ImageObject","inLanguage":"da-DK","@id":"https:\/\/kibodan.com\/da\/#\/schema\/logo\/image\/","url":"https:\/\/kibodan.com\/wp-content\/uploads\/kibodan-logo-white.svg","contentUrl":"https:\/\/kibodan.com\/wp-content\/uploads\/kibodan-logo-white.svg","caption":"Kibodan"},"image":{"@id":"https:\/\/kibodan.com\/da\/#\/schema\/logo\/image\/"}}]}},"_links":{"self":[{"href":"https:\/\/kibodan.com\/da\/wp-json\/wp\/v2\/pages\/1800","targetHints":{"allow":["GET"]}}],"collection":[{"href":"https:\/\/kibodan.com\/da\/wp-json\/wp\/v2\/pages"}],"about":[{"href":"https:\/\/kibodan.com\/da\/wp-json\/wp\/v2\/types\/page"}],"author":[{"embeddable":true,"href":"https:\/\/kibodan.com\/da\/wp-json\/wp\/v2\/users\/1"}],"replies":[{"embeddable":true,"href":"https:\/\/kibodan.com\/da\/wp-json\/wp\/v2\/comments?post=1800"}],"version-history":[{"count":30,"href":"https:\/\/kibodan.com\/da\/wp-json\/wp\/v2\/pages\/1800\/revisions"}],"predecessor-version":[{"id":9903,"href":"https:\/\/kibodan.com\/da\/wp-json\/wp\/v2\/pages\/1800\/revisions\/9903"}],"wp:attachment":[{"href":"https:\/\/kibodan.com\/da\/wp-json\/wp\/v2\/media?parent=1800"}],"curies":[{"name":"wp","href":"https:\/\/api.w.org\/{rel}","templated":true}]}}