{"id":2256,"date":"2020-06-11T15:25:45","date_gmt":"2020-06-11T13:25:45","guid":{"rendered":"http:\/\/kibodan2.i-strategi.pro\/forside\/"},"modified":"2025-09-17T15:11:41","modified_gmt":"2025-09-17T13:11:41","slug":"forside","status":"publish","type":"page","link":"https:\/\/kibodan.com\/da\/","title":{"rendered":"Forside"},"content":{"rendered":"\t\t<div data-elementor-type=\"wp-page\" data-elementor-id=\"2256\" class=\"elementor elementor-2256 elementor-41\" data-elementor-post-type=\"page\">\n\t\t\t\t\t\t<section class=\"elementor-section elementor-top-section elementor-element elementor-element-921c27b elementor-section-full_width elementor-section-height-default elementor-section-height-default\" data-id=\"921c27b\" data-element_type=\"section\">\n\t\t\t\t\t\t<div class=\"elementor-container elementor-column-gap-default\">\n\t\t\t\t\t<div class=\"elementor-column elementor-col-100 elementor-top-column elementor-element elementor-element-7865414\" data-id=\"7865414\" data-element_type=\"column\">\n\t\t\t<div class=\"elementor-widget-wrap elementor-element-populated\">\n\t\t\t\t\t\t<div class=\"elementor-element elementor-element-5c7c0c7 elementor-pagination-position-outside elementor--v-position-middle elementor-widget elementor-widget-slides\" data-id=\"5c7c0c7\" data-element_type=\"widget\" data-settings=\"{&quot;navigation&quot;:&quot;dots&quot;,&quot;autoplay&quot;:&quot;yes&quot;,&quot;pause_on_hover&quot;:&quot;yes&quot;,&quot;pause_on_interaction&quot;:&quot;yes&quot;,&quot;autoplay_speed&quot;:5000,&quot;infinite&quot;:&quot;yes&quot;,&quot;transition&quot;:&quot;slide&quot;,&quot;transition_speed&quot;:500}\" data-widget_type=\"slides.default\">\n\t\t\t\t<div class=\"elementor-widget-container\">\n\t\t\t\t\t\t\t\t\t<div class=\"elementor-swiper\">\n\t\t\t\t\t<div class=\"elementor-slides-wrapper elementor-main-swiper swiper\" role=\"region\" aria-roledescription=\"carousel\" aria-label=\"Slides\" dir=\"ltr\" data-animation=\"fadeInUp\">\n\t\t\t\t<div class=\"swiper-wrapper elementor-slides\">\n\t\t\t\t\t\t\t\t\t\t<div class=\"elementor-repeater-item-2910e8d swiper-slide\" role=\"group\" aria-roledescription=\"slide\"><div class=\"swiper-slide-bg\" role=\"img\"><\/div><div class=\"swiper-slide-inner\" ><div class=\"swiper-slide-contents\"><div class=\"elementor-slide-heading\">Kibodan<\/div><\/div><\/div><\/div><div class=\"elementor-repeater-item-7b3bc21 swiper-slide\" role=\"group\" aria-roledescription=\"slide\"><div class=\"swiper-slide-bg\" role=\"img\"><\/div><a class=\"swiper-slide-inner\" href=\"https:\/\/kibodan.com\/da\/vores-produkter\/\"><div class=\"swiper-slide-contents\"><div class=\"elementor-slide-heading\">Sprog<\/div><div class=\"elementor-slide-description\"><p>Vores produkter f\u00e5s p\u00e5 over 20 forskelige sprog<\/p>\n<\/div><\/div><\/a><\/div><div class=\"elementor-repeater-item-2cc2aef swiper-slide\" role=\"group\" aria-roledescription=\"slide\"><div class=\"swiper-slide-bg\" role=\"img\"><\/div><a class=\"swiper-slide-inner\" href=\"https:\/\/kibodan.com\/da\/produkter\/megamax\/\"><div class=\"swiper-slide-contents\"><div class=\"elementor-slide-heading\">Megamax<\/div><div class=\"elementor-slide-description\"><p>Ekstra stor pille \u00e6sker<\/p>\n<\/div><\/div><\/a><\/div>\t\t\t\t<\/div>\n\t\t\t\t\t\t\t\t\t\t\t\t\t\t\t\t\t\t\t\t<div class=\"swiper-pagination\"><\/div>\n\t\t\t\t\t\t\t\t\t\t\t\t<\/div>\n\t\t\t\t<\/div>\n\t\t\t\t\t\t\t\t<\/div>\n\t\t\t\t<\/div>\n\t\t\t\t\t<\/div>\n\t\t<\/div>\n\t\t\t\t\t<\/div>\n\t\t<\/section>\n\t\t\t\t<section class=\"elementor-section elementor-top-section elementor-element elementor-element-374e6f8 elementor-section-boxed elementor-section-height-default elementor-section-height-default\" data-id=\"374e6f8\" data-element_type=\"section\">\n\t\t\t\t\t\t<div class=\"elementor-container elementor-column-gap-default\">\n\t\t\t\t\t<div class=\"elementor-column elementor-col-50 elementor-top-column elementor-element elementor-element-c7d2688\" data-id=\"c7d2688\" data-element_type=\"column\">\n\t\t\t<div class=\"elementor-widget-wrap elementor-element-populated\">\n\t\t\t\t\t\t<div class=\"elementor-element elementor-element-806bb0e elementor-widget elementor-widget-heading\" data-id=\"806bb0e\" data-element_type=\"widget\" data-widget_type=\"heading.default\">\n\t\t\t\t<div class=\"elementor-widget-container\">\n\t\t\t\t\t<h2 class=\"elementor-heading-title elementor-size-default\">Se her<\/h2>\t\t\t\t<\/div>\n\t\t\t\t<\/div>\n\t\t\t\t<div class=\"elementor-element elementor-element-f824fed elementor-grid-1 elementor-grid-tablet-1 elementor-grid-mobile-1 elementor-posts--thumbnail-top elementor-widget elementor-widget-posts\" data-id=\"f824fed\" data-element_type=\"widget\" data-settings=\"{&quot;classic_columns&quot;:&quot;1&quot;,&quot;classic_row_gap&quot;:{&quot;unit&quot;:&quot;px&quot;,&quot;size&quot;:&quot;&quot;,&quot;sizes&quot;:[]},&quot;classic_columns_tablet&quot;:&quot;1&quot;,&quot;classic_columns_mobile&quot;:&quot;1&quot;,&quot;classic_row_gap_tablet&quot;:{&quot;unit&quot;:&quot;px&quot;,&quot;size&quot;:&quot;&quot;,&quot;sizes&quot;:[]},&quot;classic_row_gap_mobile&quot;:{&quot;unit&quot;:&quot;px&quot;,&quot;size&quot;:&quot;&quot;,&quot;sizes&quot;:[]}}\" data-widget_type=\"posts.classic\">\n\t\t\t\t<div class=\"elementor-widget-container\">\n\t\t\t\t\t\t\t<div class=\"elementor-posts-container elementor-posts elementor-posts--skin-classic elementor-grid\">\n\t\t\t\t<article class=\"elementor-post elementor-grid-item post-1124 products type-products status-publish has-post-thumbnail hentry product-line-medidos\">\n\t\t\t\t<a class=\"elementor-post__thumbnail__link\" href=\"https:\/\/kibodan.com\/da\/produkt\/medidos-no-1-wildlife\/\" tabindex=\"-1\" >\n\t\t\t<div class=\"elementor-post__thumbnail\"><img fetchpriority=\"high\" decoding=\"async\" width=\"768\" height=\"510\" src=\"https:\/\/kibodan.com\/wp-content\/uploads\/Medidose-XX-No1-Wild-Dark-Red-Closed-pill-dispenser-Kibodan-danish-design_1-768x510.png\" class=\"attachment-medium_large size-medium_large wp-image-732\" alt=\"\" srcset=\"https:\/\/kibodan.com\/wp-content\/uploads\/Medidose-XX-No1-Wild-Dark-Red-Closed-pill-dispenser-Kibodan-danish-design_1-768x510.png 768w, https:\/\/kibodan.com\/wp-content\/uploads\/Medidose-XX-No1-Wild-Dark-Red-Closed-pill-dispenser-Kibodan-danish-design_1-300x199.png 300w, https:\/\/kibodan.com\/wp-content\/uploads\/Medidose-XX-No1-Wild-Dark-Red-Closed-pill-dispenser-Kibodan-danish-design_1-1024x680.png 1024w, https:\/\/kibodan.com\/wp-content\/uploads\/Medidose-XX-No1-Wild-Dark-Red-Closed-pill-dispenser-Kibodan-danish-design_1.png 1366w\" sizes=\"(max-width: 768px) 100vw, 768px\" \/><\/div>\n\t\t<\/a>\n\t\t\t\t<div class=\"elementor-post__text\">\n\t\t\t\t<h2 class=\"elementor-post__title\">\n\t\t\t<a href=\"https:\/\/kibodan.com\/da\/produkt\/medidos-no-1-wildlife\/\" >\n\t\t\t\tMedidos No. 1 Wildlife\t\t\t<\/a>\n\t\t<\/h2>\n\t\t\t\t<div class=\"elementor-post__excerpt\">\n\t\t\t<p>Medidos No. 1 uge s\u00e6t er en nem m\u00e5de at opbevare medicin p\u00e5 og er ideel til at organisere et lille til moderat antal piller til en hel uge. Medidos uge s\u00e6t best\u00e5r af syv individuelle pille\u00e6sker, hver \u00e6ske er<\/p>\n\t\t<\/div>\n\t\t\n\t\t<a class=\"elementor-post__read-more\" href=\"https:\/\/kibodan.com\/da\/produkt\/medidos-no-1-wildlife\/\" aria-label=\"Read more about Medidos No. 1 Wildlife\" tabindex=\"-1\" >\n\t\t\tL\u00e6s mere\t\t<\/a>\n\n\t\t\t\t<\/div>\n\t\t\t\t<\/article>\n\t\t\t\t<\/div>\n\t\t\n\t\t\t\t\t\t<\/div>\n\t\t\t\t<\/div>\n\t\t\t\t\t<\/div>\n\t\t<\/div>\n\t\t\t\t<div class=\"elementor-column elementor-col-50 elementor-top-column elementor-element elementor-element-a669f9d\" data-id=\"a669f9d\" data-element_type=\"column\">\n\t\t\t<div class=\"elementor-widget-wrap elementor-element-populated\">\n\t\t\t\t\t\t<div class=\"elementor-element elementor-element-f2722d7 elementor-widget elementor-widget-heading\" data-id=\"f2722d7\" data-element_type=\"widget\" data-widget_type=\"heading.default\">\n\t\t\t\t<div class=\"elementor-widget-container\">\n\t\t\t\t\t<h2 class=\"elementor-heading-title elementor-size-default\">Videoer<\/h2>\t\t\t\t<\/div>\n\t\t\t\t<\/div>\n\t\t\t\t<div class=\"elementor-element elementor-element-c7f76b2 elementor-widget__width-initial elementor-widget elementor-widget-image\" data-id=\"c7f76b2\" data-element_type=\"widget\" data-widget_type=\"image.default\">\n\t\t\t\t<div class=\"elementor-widget-container\">\n\t\t\t\t\t\t\t\t\t\t\t\t\t\t\t\t<a href=\"https:\/\/kibodan.com\/da\/videoer\/\" rel=\"nofollow\">\n\t\t\t\t\t\t\t<img decoding=\"async\" width=\"768\" height=\"363\" src=\"https:\/\/kibodan.com\/wp-content\/uploads\/kibodan--768x363.png\" class=\"attachment-medium_large size-medium_large wp-image-9839\" alt=\"\" srcset=\"https:\/\/kibodan.com\/wp-content\/uploads\/kibodan--768x363.png 768w, https:\/\/kibodan.com\/wp-content\/uploads\/kibodan--300x142.png 300w, https:\/\/kibodan.com\/wp-content\/uploads\/kibodan--1024x484.png 1024w, https:\/\/kibodan.com\/wp-content\/uploads\/kibodan--1536x726.png 1536w, https:\/\/kibodan.com\/wp-content\/uploads\/kibodan-.png 1897w\" sizes=\"(max-width: 768px) 100vw, 768px\" \/>\t\t\t\t\t\t\t\t<\/a>\n\t\t\t\t\t\t\t\t\t\t\t\t\t\t\t<\/div>\n\t\t\t\t<\/div>\n\t\t\t\t<div class=\"elementor-element elementor-element-4556bae elementor-widget elementor-widget-heading\" data-id=\"4556bae\" data-element_type=\"widget\" data-widget_type=\"heading.default\">\n\t\t\t\t<div class=\"elementor-widget-container\">\n\t\t\t\t\t<h3 class=\"elementor-heading-title elementor-size-default\"><a href=\"https:\/\/kibodan.com\/da\/videoer\/\">Hvem er vi?<\/a><\/h3>\t\t\t\t<\/div>\n\t\t\t\t<\/div>\n\t\t\t\t<div class=\"elementor-element elementor-element-698595d elementor-widget elementor-widget-text-editor\" data-id=\"698595d\" data-element_type=\"widget\" data-widget_type=\"text-editor.default\">\n\t\t\t\t<div class=\"elementor-widget-container\">\n\t\t\t\t\t\t\t\t\t<p>Nogle gange bliver livet sat p\u00e5 pause, i vores travle dag til dag er det nemt at glemme ens medicin. Hos Kibodan str\u00e6ber vi for at give struktur til din daglige rutine.<\/p>\n\t\t\t\t\t\t\t\t<\/div>\n\t\t\t\t<\/div>\n\t\t\t\t<div class=\"elementor-element elementor-element-dbc039e elementor-align-right elementor-widget elementor-widget-button\" data-id=\"dbc039e\" data-element_type=\"widget\" data-widget_type=\"button.default\">\n\t\t\t\t<div class=\"elementor-widget-container\">\n\t\t\t\t\t\t\t\t\t<div class=\"elementor-button-wrapper\">\n\t\t\t\t\t<a class=\"elementor-button elementor-button-link elementor-size-sm\" href=\"https:\/\/kibodan.com\/da\/videoer\/\">\n\t\t\t\t\t\t<span class=\"elementor-button-content-wrapper\">\n\t\t\t\t\t\t\t\t\t<span class=\"elementor-button-text\">L\u00e6s mere<\/span>\n\t\t\t\t\t<\/span>\n\t\t\t\t\t<\/a>\n\t\t\t\t<\/div>\n\t\t\t\t\t\t\t\t<\/div>\n\t\t\t\t<\/div>\n\t\t\t\t\t<\/div>\n\t\t<\/div>\n\t\t\t\t\t<\/div>\n\t\t<\/section>\n\t\t\t\t<section class=\"elementor-section elementor-top-section elementor-element elementor-element-d004ff6 elementor-section-boxed elementor-section-height-default elementor-section-height-default\" data-id=\"d004ff6\" data-element_type=\"section\" data-settings=\"{&quot;background_background&quot;:&quot;classic&quot;}\">\n\t\t\t\t\t\t<div class=\"elementor-container elementor-column-gap-default\">\n\t\t\t\t\t<div class=\"elementor-column elementor-col-33 elementor-top-column elementor-element elementor-element-29b7fc9\" data-id=\"29b7fc9\" data-element_type=\"column\">\n\t\t\t<div class=\"elementor-widget-wrap elementor-element-populated\">\n\t\t\t\t\t\t<div class=\"elementor-element elementor-element-da2abe0 elementor-widget elementor-widget-image\" data-id=\"da2abe0\" data-element_type=\"widget\" data-widget_type=\"image.default\">\n\t\t\t\t<div class=\"elementor-widget-container\">\n\t\t\t\t\t\t\t\t\t\t\t\t\t\t\t<img decoding=\"async\" width=\"358\" height=\"162\" src=\"https:\/\/kibodan.com\/wp-content\/uploads\/AAA-Bronze-2023-ENG.png\" class=\"attachment-large size-large wp-image-8165\" alt=\"\" srcset=\"https:\/\/kibodan.com\/wp-content\/uploads\/AAA-Bronze-2023-ENG.png 358w, https:\/\/kibodan.com\/wp-content\/uploads\/AAA-Bronze-2023-ENG-300x136.png 300w\" sizes=\"(max-width: 358px) 100vw, 358px\" \/>\t\t\t\t\t\t\t\t\t\t\t\t\t\t\t<\/div>\n\t\t\t\t<\/div>\n\t\t\t\t\t<\/div>\n\t\t<\/div>\n\t\t\t\t<div class=\"elementor-column elementor-col-33 elementor-top-column elementor-element elementor-element-2b2aabd\" data-id=\"2b2aabd\" data-element_type=\"column\">\n\t\t\t<div class=\"elementor-widget-wrap elementor-element-populated\">\n\t\t\t\t\t\t<div class=\"elementor-element elementor-element-7531ead elementor-widget elementor-widget-image\" data-id=\"7531ead\" data-element_type=\"widget\" data-widget_type=\"image.default\">\n\t\t\t\t<div class=\"elementor-widget-container\">\n\t\t\t\t\t\t\t\t\t\t\t\t\t\t\t<img loading=\"lazy\" decoding=\"async\" width=\"800\" height=\"470\" src=\"https:\/\/kibodan.com\/wp-content\/uploads\/sv22-logo-horisontal-copy.jpg\" class=\"attachment-large size-large wp-image-5886\" alt=\"\" srcset=\"https:\/\/kibodan.com\/wp-content\/uploads\/sv22-logo-horisontal-copy.jpg 800w, https:\/\/kibodan.com\/wp-content\/uploads\/sv22-logo-horisontal-copy-300x176.jpg 300w, https:\/\/kibodan.com\/wp-content\/uploads\/sv22-logo-horisontal-copy-768x451.jpg 768w\" sizes=\"(max-width: 800px) 100vw, 800px\" \/>\t\t\t\t\t\t\t\t\t\t\t\t\t\t\t<\/div>\n\t\t\t\t<\/div>\n\t\t\t\t\t<\/div>\n\t\t<\/div>\n\t\t\t\t<div class=\"elementor-column elementor-col-33 elementor-top-column elementor-element elementor-element-1dc1e68\" data-id=\"1dc1e68\" data-element_type=\"column\">\n\t\t\t<div class=\"elementor-widget-wrap elementor-element-populated\">\n\t\t\t\t\t\t\t<\/div>\n\t\t<\/div>\n\t\t\t\t\t<\/div>\n\t\t<\/section>\n\t\t\t\t<\/div>\n\t\t","protected":false},"excerpt":{"rendered":"<p>KibodanSprog Vores produkter f\u00e5s p\u00e5 over 20 forskelige sprog Megamax Ekstra stor pille \u00e6sker Se her Videoer Hvem er vi? Nogle gange bliver livet sat p\u00e5 pause, i vores travle dag til dag er det nemt at glemme ens medicin. Hos Kibodan str\u00e6ber vi for at give struktur til din daglige rutine. L\u00e6s mere<\/p>\n","protected":false},"author":1,"featured_media":0,"parent":0,"menu_order":0,"comment_status":"closed","ping_status":"closed","template":"","meta":{"_acf_changed":false,"footnotes":""},"class_list":["post-2256","page","type-page","status-publish","hentry"],"acf":[],"yoast_head":"<!-- This site is optimized with the Yoast SEO plugin v26.3 - https:\/\/yoast.com\/wordpress\/plugins\/seo\/ -->\n<title>Forside - Kibodan<\/title>\n<meta name=\"robots\" content=\"index, follow, max-snippet:-1, max-image-preview:large, max-video-preview:-1\" \/>\n<link rel=\"canonical\" href=\"https:\/\/kibodan.com\/da\/\" \/>\n<meta property=\"og:locale\" content=\"da_DK\" \/>\n<meta property=\"og:type\" content=\"article\" \/>\n<meta property=\"og:title\" content=\"Homepage - Kibodan\" \/>\n<meta property=\"og:description\" content=\"Kibodan er en dansk virksomhed, hvor kvalitet og sundhed kommer f\u00f8rst. Med vores egen produktion af kvalitative doseringssystemer vil vi bidrage i kampen mod fejlmedicinering.\" \/>\n<meta property=\"og:url\" content=\"https:\/\/kibodan.com\/da\/\" \/>\n<meta property=\"og:site_name\" content=\"Kibodan\" \/>\n<meta property=\"article:modified_time\" content=\"2025-09-17T13:11:41+00:00\" \/>\n<meta property=\"og:image\" content=\"https:\/\/kibodan.vps.simplesolution.dk\/wp-content\/uploads\/Hjemmeside-Post.png\" \/>\n<meta name=\"twitter:card\" content=\"summary_large_image\" \/>\n<meta name=\"twitter:label1\" content=\"Estimeret l\u00e6setid\" \/>\n\t<meta name=\"twitter:data1\" content=\"2 minutter\" \/>\n<script type=\"application\/ld+json\" class=\"yoast-schema-graph\">{\"@context\":\"https:\/\/schema.org\",\"@graph\":[{\"@type\":\"WebPage\",\"@id\":\"https:\/\/kibodan.com\/da\/\",\"url\":\"https:\/\/kibodan.com\/da\/\",\"name\":\"Forside - Kibodan\",\"isPartOf\":{\"@id\":\"https:\/\/kibodan.com\/da\/#website\"},\"primaryImageOfPage\":{\"@id\":\"https:\/\/kibodan.com\/da\/#primaryimage\"},\"image\":{\"@id\":\"https:\/\/kibodan.com\/da\/#primaryimage\"},\"thumbnailUrl\":\"https:\/\/kibodan.com\/wp-content\/uploads\/kibodan--768x363.png\",\"datePublished\":\"2020-06-11T13:25:45+00:00\",\"dateModified\":\"2025-09-17T13:11:41+00:00\",\"breadcrumb\":{\"@id\":\"https:\/\/kibodan.com\/da\/#breadcrumb\"},\"inLanguage\":\"da-DK\",\"potentialAction\":[{\"@type\":\"ReadAction\",\"target\":[\"https:\/\/kibodan.com\/da\/\"]}]},{\"@type\":\"ImageObject\",\"inLanguage\":\"da-DK\",\"@id\":\"https:\/\/kibodan.com\/da\/#primaryimage\",\"url\":\"https:\/\/kibodan.com\/wp-content\/uploads\/kibodan--768x363.png\",\"contentUrl\":\"https:\/\/kibodan.com\/wp-content\/uploads\/kibodan--768x363.png\"},{\"@type\":\"BreadcrumbList\",\"@id\":\"https:\/\/kibodan.com\/da\/#breadcrumb\",\"itemListElement\":[{\"@type\":\"ListItem\",\"position\":1,\"name\":\"Home\",\"item\":\"https:\/\/kibodan.com\/da\/\"},{\"@type\":\"ListItem\",\"position\":2,\"name\":\"Forside\"}]},{\"@type\":\"WebSite\",\"@id\":\"https:\/\/kibodan.com\/da\/#website\",\"url\":\"https:\/\/kibodan.com\/da\/\",\"name\":\"Kibodan\",\"description\":\"\",\"publisher\":{\"@id\":\"https:\/\/kibodan.com\/da\/#organization\"},\"potentialAction\":[{\"@type\":\"SearchAction\",\"target\":{\"@type\":\"EntryPoint\",\"urlTemplate\":\"https:\/\/kibodan.com\/da\/?s={search_term_string}\"},\"query-input\":{\"@type\":\"PropertyValueSpecification\",\"valueRequired\":true,\"valueName\":\"search_term_string\"}}],\"inLanguage\":\"da-DK\"},{\"@type\":\"Organization\",\"@id\":\"https:\/\/kibodan.com\/da\/#organization\",\"name\":\"Kibodan\",\"url\":\"https:\/\/kibodan.com\/da\/\",\"logo\":{\"@type\":\"ImageObject\",\"inLanguage\":\"da-DK\",\"@id\":\"https:\/\/kibodan.com\/da\/#\/schema\/logo\/image\/\",\"url\":\"https:\/\/kibodan.com\/wp-content\/uploads\/kibodan-logo-white.svg\",\"contentUrl\":\"https:\/\/kibodan.com\/wp-content\/uploads\/kibodan-logo-white.svg\",\"caption\":\"Kibodan\"},\"image\":{\"@id\":\"https:\/\/kibodan.com\/da\/#\/schema\/logo\/image\/\"}}]}<\/script>\n<!-- \/ Yoast SEO plugin. -->","yoast_head_json":{"title":"Forside - Kibodan","robots":{"index":"index","follow":"follow","max-snippet":"max-snippet:-1","max-image-preview":"max-image-preview:large","max-video-preview":"max-video-preview:-1"},"canonical":"https:\/\/kibodan.com\/da\/","og_locale":"da_DK","og_type":"article","og_title":"Homepage - Kibodan","og_description":"Kibodan er en dansk virksomhed, hvor kvalitet og sundhed kommer f\u00f8rst. Med vores egen produktion af kvalitative doseringssystemer vil vi bidrage i kampen mod fejlmedicinering.","og_url":"https:\/\/kibodan.com\/da\/","og_site_name":"Kibodan","article_modified_time":"2025-09-17T13:11:41+00:00","og_image":[{"url":"https:\/\/kibodan.vps.simplesolution.dk\/wp-content\/uploads\/Hjemmeside-Post.png","type":"","width":"","height":""}],"twitter_card":"summary_large_image","twitter_misc":{"Estimeret l\u00e6setid":"2 minutter"},"schema":{"@context":"https:\/\/schema.org","@graph":[{"@type":"WebPage","@id":"https:\/\/kibodan.com\/da\/","url":"https:\/\/kibodan.com\/da\/","name":"Forside - Kibodan","isPartOf":{"@id":"https:\/\/kibodan.com\/da\/#website"},"primaryImageOfPage":{"@id":"https:\/\/kibodan.com\/da\/#primaryimage"},"image":{"@id":"https:\/\/kibodan.com\/da\/#primaryimage"},"thumbnailUrl":"https:\/\/kibodan.com\/wp-content\/uploads\/kibodan--768x363.png","datePublished":"2020-06-11T13:25:45+00:00","dateModified":"2025-09-17T13:11:41+00:00","breadcrumb":{"@id":"https:\/\/kibodan.com\/da\/#breadcrumb"},"inLanguage":"da-DK","potentialAction":[{"@type":"ReadAction","target":["https:\/\/kibodan.com\/da\/"]}]},{"@type":"ImageObject","inLanguage":"da-DK","@id":"https:\/\/kibodan.com\/da\/#primaryimage","url":"https:\/\/kibodan.com\/wp-content\/uploads\/kibodan--768x363.png","contentUrl":"https:\/\/kibodan.com\/wp-content\/uploads\/kibodan--768x363.png"},{"@type":"BreadcrumbList","@id":"https:\/\/kibodan.com\/da\/#breadcrumb","itemListElement":[{"@type":"ListItem","position":1,"name":"Home","item":"https:\/\/kibodan.com\/da\/"},{"@type":"ListItem","position":2,"name":"Forside"}]},{"@type":"WebSite","@id":"https:\/\/kibodan.com\/da\/#website","url":"https:\/\/kibodan.com\/da\/","name":"Kibodan","description":"","publisher":{"@id":"https:\/\/kibodan.com\/da\/#organization"},"potentialAction":[{"@type":"SearchAction","target":{"@type":"EntryPoint","urlTemplate":"https:\/\/kibodan.com\/da\/?s={search_term_string}"},"query-input":{"@type":"PropertyValueSpecification","valueRequired":true,"valueName":"search_term_string"}}],"inLanguage":"da-DK"},{"@type":"Organization","@id":"https:\/\/kibodan.com\/da\/#organization","name":"Kibodan","url":"https:\/\/kibodan.com\/da\/","logo":{"@type":"ImageObject","inLanguage":"da-DK","@id":"https:\/\/kibodan.com\/da\/#\/schema\/logo\/image\/","url":"https:\/\/kibodan.com\/wp-content\/uploads\/kibodan-logo-white.svg","contentUrl":"https:\/\/kibodan.com\/wp-content\/uploads\/kibodan-logo-white.svg","caption":"Kibodan"},"image":{"@id":"https:\/\/kibodan.com\/da\/#\/schema\/logo\/image\/"}}]}},"_links":{"self":[{"href":"https:\/\/kibodan.com\/da\/wp-json\/wp\/v2\/pages\/2256","targetHints":{"allow":["GET"]}}],"collection":[{"href":"https:\/\/kibodan.com\/da\/wp-json\/wp\/v2\/pages"}],"about":[{"href":"https:\/\/kibodan.com\/da\/wp-json\/wp\/v2\/types\/page"}],"author":[{"embeddable":true,"href":"https:\/\/kibodan.com\/da\/wp-json\/wp\/v2\/users\/1"}],"replies":[{"embeddable":true,"href":"https:\/\/kibodan.com\/da\/wp-json\/wp\/v2\/comments?post=2256"}],"version-history":[{"count":87,"href":"https:\/\/kibodan.com\/da\/wp-json\/wp\/v2\/pages\/2256\/revisions"}],"predecessor-version":[{"id":9921,"href":"https:\/\/kibodan.com\/da\/wp-json\/wp\/v2\/pages\/2256\/revisions\/9921"}],"wp:attachment":[{"href":"https:\/\/kibodan.com\/da\/wp-json\/wp\/v2\/media?parent=2256"}],"curies":[{"name":"wp","href":"https:\/\/api.w.org\/{rel}","templated":true}]}}