{"id":2305,"date":"2020-09-04T15:44:49","date_gmt":"2020-09-04T13:44:49","guid":{"rendered":"http:\/\/kibodan2.i-strategi.pro\/vores-produkter\/"},"modified":"2026-01-07T09:27:29","modified_gmt":"2026-01-07T08:27:29","slug":"vores-produkter","status":"publish","type":"page","link":"https:\/\/kibodan.com\/da\/vores-produkter\/","title":{"rendered":"Om vores produkter"},"content":{"rendered":"\t\t<div data-elementor-type=\"wp-page\" data-elementor-id=\"2305\" class=\"elementor elementor-2305 elementor-2294\" data-elementor-post-type=\"page\">\n\t\t\t\t\t\t<section class=\"elementor-section elementor-top-section elementor-element elementor-element-32beb247 elementor-section-boxed elementor-section-height-default elementor-section-height-default\" data-id=\"32beb247\" data-element_type=\"section\">\n\t\t\t\t\t\t<div class=\"elementor-container elementor-column-gap-default\">\n\t\t\t\t\t<div class=\"elementor-column elementor-col-100 elementor-top-column elementor-element elementor-element-2b7eabb9\" data-id=\"2b7eabb9\" data-element_type=\"column\">\n\t\t\t<div class=\"elementor-widget-wrap elementor-element-populated\">\n\t\t\t\t\t\t<div class=\"elementor-element elementor-element-167be22a elementor-widget elementor-widget-heading\" data-id=\"167be22a\" data-element_type=\"widget\" data-widget_type=\"heading.default\">\n\t\t\t\t<div class=\"elementor-widget-container\">\n\t\t\t\t\t<h2 class=\"elementor-heading-title elementor-size-default\">Om vores produkter<\/h2>\t\t\t\t<\/div>\n\t\t\t\t<\/div>\n\t\t\t\t\t<\/div>\n\t\t<\/div>\n\t\t\t\t\t<\/div>\n\t\t<\/section>\n\t\t\t\t<section class=\"elementor-section elementor-top-section elementor-element elementor-element-41ca0f30 elementor-section-boxed elementor-section-height-default elementor-section-height-default\" data-id=\"41ca0f30\" data-element_type=\"section\">\n\t\t\t\t\t\t<div class=\"elementor-container elementor-column-gap-default\">\n\t\t\t\t\t<div class=\"elementor-column elementor-col-33 elementor-top-column elementor-element elementor-element-4ab33528\" data-id=\"4ab33528\" data-element_type=\"column\">\n\t\t\t<div class=\"elementor-widget-wrap elementor-element-populated\">\n\t\t\t\t\t\t<div class=\"elementor-element elementor-element-7dcdb263 elementor-widget elementor-widget-image\" data-id=\"7dcdb263\" data-element_type=\"widget\" data-widget_type=\"image.default\">\n\t\t\t\t<div class=\"elementor-widget-container\">\n\t\t\t\t\t\t\t\t\t\t\t\t\t\t\t<img fetchpriority=\"high\" decoding=\"async\" width=\"1024\" height=\"680\" src=\"https:\/\/kibodan.com\/wp-content\/uploads\/P-1-1024x680.png\" class=\"attachment-large size-large wp-image-2513\" alt=\"\" srcset=\"https:\/\/kibodan.com\/wp-content\/uploads\/P-1-1024x680.png 1024w, https:\/\/kibodan.com\/wp-content\/uploads\/P-1-300x199.png 300w, https:\/\/kibodan.com\/wp-content\/uploads\/P-1-768x510.png 768w, https:\/\/kibodan.com\/wp-content\/uploads\/P-1.png 1366w\" sizes=\"(max-width: 1024px) 100vw, 1024px\" \/>\t\t\t\t\t\t\t\t\t\t\t\t\t\t\t<\/div>\n\t\t\t\t<\/div>\n\t\t\t\t<div class=\"elementor-element elementor-element-1f30daeb elementor-hidden-phone elementor-widget elementor-widget-image\" data-id=\"1f30daeb\" data-element_type=\"widget\" data-widget_type=\"image.default\">\n\t\t\t\t<div class=\"elementor-widget-container\">\n\t\t\t\t\t\t\t\t\t\t\t\t\t\t\t<img decoding=\"async\" width=\"1024\" height=\"680\" src=\"https:\/\/kibodan.com\/wp-content\/uploads\/P-2-d--1024x680.png\" class=\"attachment-large size-large wp-image-2531\" alt=\"\" srcset=\"https:\/\/kibodan.com\/wp-content\/uploads\/P-2-d--1024x680.png 1024w, https:\/\/kibodan.com\/wp-content\/uploads\/P-2-d--300x199.png 300w, https:\/\/kibodan.com\/wp-content\/uploads\/P-2-d--768x510.png 768w, https:\/\/kibodan.com\/wp-content\/uploads\/P-2-d-.png 1366w\" sizes=\"(max-width: 1024px) 100vw, 1024px\" \/>\t\t\t\t\t\t\t\t\t\t\t\t\t\t\t<\/div>\n\t\t\t\t<\/div>\n\t\t\t\t\t<\/div>\n\t\t<\/div>\n\t\t\t\t<div class=\"elementor-column elementor-col-33 elementor-top-column elementor-element elementor-element-67a8a3a2\" data-id=\"67a8a3a2\" data-element_type=\"column\">\n\t\t\t<div class=\"elementor-widget-wrap elementor-element-populated\">\n\t\t\t\t\t\t<div class=\"elementor-element elementor-element-1d9abee6 elementor-widget elementor-widget-heading\" data-id=\"1d9abee6\" data-element_type=\"widget\" data-widget_type=\"heading.default\">\n\t\t\t\t<div class=\"elementor-widget-container\">\n\t\t\t\t\t<h2 class=\"elementor-heading-title elementor-size-default\">Om vores produkter<\/h2>\t\t\t\t<\/div>\n\t\t\t\t<\/div>\n\t\t\t\t<div class=\"elementor-element elementor-element-167b44fd elementor-widget elementor-widget-text-editor\" data-id=\"167b44fd\" data-element_type=\"widget\" data-widget_type=\"text-editor.default\">\n\t\t\t\t<div class=\"elementor-widget-container\">\n\t\t\t\t\t\t\t\t\tVi er en dansk virksomhed specialiseret i design og fremstilling af pille\u00e6sker i h\u00f8j kvalitet. Alle vores pille\u00e6sker er BPA-fri.<br><br>Vores produkter f\u00e5s p\u00e5 mange forskellige sprog, alle produkter findes p\u00e5 engelsk, dansk og tysk. De fleste af vores produktlinjer findes ogs\u00e5 p\u00e5 tjekkisk, hollandsk, finsk, fransk, fransk \/ hollandsk, ungarsk, islandsk, italiensk, litauisk, norsk, polsk, portugisisk, svensk, slovakisk og spansk.<br><br>For mere information bedes du kontakte os direkte.\t\t\t\t\t\t\t\t<\/div>\n\t\t\t\t<\/div>\n\t\t\t\t\t<\/div>\n\t\t<\/div>\n\t\t\t\t<div class=\"elementor-column elementor-col-33 elementor-top-column elementor-element elementor-element-fb2d38b\" data-id=\"fb2d38b\" data-element_type=\"column\">\n\t\t\t<div class=\"elementor-widget-wrap elementor-element-populated\">\n\t\t\t\t\t\t<div class=\"elementor-element elementor-element-47701f29 elementor-widget elementor-widget-heading\" data-id=\"47701f29\" data-element_type=\"widget\" data-widget_type=\"heading.default\">\n\t\t\t\t<div class=\"elementor-widget-container\">\n\t\t\t\t\t<h2 class=\"elementor-heading-title elementor-size-default\">Hvordan kan du kontakte os?<\/h2>\t\t\t\t<\/div>\n\t\t\t\t<\/div>\n\t\t\t\t<div class=\"elementor-element elementor-element-762e32b6 elementor-widget elementor-widget-text-editor\" data-id=\"762e32b6\" data-element_type=\"widget\" data-widget_type=\"text-editor.default\">\n\t\t\t\t<div class=\"elementor-widget-container\">\n\t\t\t\t\t\t\t\t\t<ul>\r\n \t<li>Udfyld <strong><a href=\"https:\/\/kibodan.com\/da\/kontakt\/\">kontaktformularen<\/a><\/strong><\/li>\r\n \t<li>Send os en <strong><a href=\"mailto:kontakt@kibodan.dk\">e-mail<\/a><\/strong><\/li>\r\n \t<li><strong><a href=\"tel:+4544942640\">Ring<\/a><\/strong> til os<\/li>\r\n<\/ul>\t\t\t\t\t\t\t\t<\/div>\n\t\t\t\t<\/div>\n\t\t\t\t\t<\/div>\n\t\t<\/div>\n\t\t\t\t\t<\/div>\n\t\t<\/section>\n\t\t\t\t<\/div>\n\t\t","protected":false},"excerpt":{"rendered":"<p>Om vores produkter Vi er en dansk virksomhed specialiseret i design og fremstilling af pille\u00e6sker i h\u00f8j kvalitet. Alle vores pille\u00e6sker er BPA-fri. Vores produkter f\u00e5s p\u00e5 mange forskellige sprog, alle produkter findes p\u00e5 engelsk, dansk og tysk. De fleste af vores produktlinjer findes ogs\u00e5 p\u00e5 tjekkisk, hollandsk, finsk, fransk, fransk \/ hollandsk, ungarsk, islandsk, [&hellip;]<\/p>\n","protected":false},"author":1,"featured_media":0,"parent":0,"menu_order":0,"comment_status":"closed","ping_status":"closed","template":"","meta":{"_acf_changed":false,"footnotes":""},"class_list":["post-2305","page","type-page","status-publish","hentry"],"acf":[],"yoast_head":"<!-- This site is optimized with the Yoast SEO plugin v26.3 - https:\/\/yoast.com\/wordpress\/plugins\/seo\/ -->\n<title>Om vores produkter - Kibodan<\/title>\n<meta name=\"robots\" content=\"index, follow, max-snippet:-1, max-image-preview:large, max-video-preview:-1\" \/>\n<link rel=\"canonical\" href=\"https:\/\/kibodan.com\/da\/vores-produkter\/\" \/>\n<meta property=\"og:locale\" content=\"da_DK\" \/>\n<meta property=\"og:type\" content=\"article\" \/>\n<meta property=\"og:title\" content=\"Om vores produkter - Kibodan\" \/>\n<meta property=\"og:description\" content=\"Om vores produkter Vi er en dansk virksomhed specialiseret i design og fremstilling af pille\u00e6sker i h\u00f8j kvalitet. Alle vores pille\u00e6sker er BPA-fri. Vores produkter f\u00e5s p\u00e5 mange forskellige sprog, alle produkter findes p\u00e5 engelsk, dansk og tysk. De fleste af vores produktlinjer findes ogs\u00e5 p\u00e5 tjekkisk, hollandsk, finsk, fransk, fransk \/ hollandsk, ungarsk, islandsk, [&hellip;]\" \/>\n<meta property=\"og:url\" content=\"https:\/\/kibodan.com\/da\/vores-produkter\/\" \/>\n<meta property=\"og:site_name\" content=\"Kibodan\" \/>\n<meta property=\"article:modified_time\" content=\"2026-01-07T08:27:29+00:00\" \/>\n<meta property=\"og:image\" content=\"https:\/\/kibodan.com\/wp-content\/uploads\/P-1-1024x680.png\" \/>\n\t<meta property=\"og:image:width\" content=\"1024\" \/>\n\t<meta property=\"og:image:height\" content=\"680\" \/>\n\t<meta property=\"og:image:type\" content=\"image\/png\" \/>\n<meta name=\"twitter:card\" content=\"summary_large_image\" \/>\n<meta name=\"twitter:label1\" content=\"Estimeret l\u00e6setid\" \/>\n\t<meta name=\"twitter:data1\" content=\"2 minutter\" \/>\n<script type=\"application\/ld+json\" class=\"yoast-schema-graph\">{\"@context\":\"https:\/\/schema.org\",\"@graph\":[{\"@type\":\"WebPage\",\"@id\":\"https:\/\/kibodan.com\/da\/vores-produkter\/\",\"url\":\"https:\/\/kibodan.com\/da\/vores-produkter\/\",\"name\":\"Om vores produkter - Kibodan\",\"isPartOf\":{\"@id\":\"https:\/\/kibodan.com\/da\/#website\"},\"primaryImageOfPage\":{\"@id\":\"https:\/\/kibodan.com\/da\/vores-produkter\/#primaryimage\"},\"image\":{\"@id\":\"https:\/\/kibodan.com\/da\/vores-produkter\/#primaryimage\"},\"thumbnailUrl\":\"https:\/\/kibodan.com\/wp-content\/uploads\/P-1-1024x680.png\",\"datePublished\":\"2020-09-04T13:44:49+00:00\",\"dateModified\":\"2026-01-07T08:27:29+00:00\",\"breadcrumb\":{\"@id\":\"https:\/\/kibodan.com\/da\/vores-produkter\/#breadcrumb\"},\"inLanguage\":\"da-DK\",\"potentialAction\":[{\"@type\":\"ReadAction\",\"target\":[\"https:\/\/kibodan.com\/da\/vores-produkter\/\"]}]},{\"@type\":\"ImageObject\",\"inLanguage\":\"da-DK\",\"@id\":\"https:\/\/kibodan.com\/da\/vores-produkter\/#primaryimage\",\"url\":\"https:\/\/kibodan.com\/wp-content\/uploads\/P-1-1024x680.png\",\"contentUrl\":\"https:\/\/kibodan.com\/wp-content\/uploads\/P-1-1024x680.png\"},{\"@type\":\"BreadcrumbList\",\"@id\":\"https:\/\/kibodan.com\/da\/vores-produkter\/#breadcrumb\",\"itemListElement\":[{\"@type\":\"ListItem\",\"position\":1,\"name\":\"Home\",\"item\":\"https:\/\/kibodan.com\/da\/\"},{\"@type\":\"ListItem\",\"position\":2,\"name\":\"Om vores produkter\"}]},{\"@type\":\"WebSite\",\"@id\":\"https:\/\/kibodan.com\/da\/#website\",\"url\":\"https:\/\/kibodan.com\/da\/\",\"name\":\"Kibodan\",\"description\":\"\",\"publisher\":{\"@id\":\"https:\/\/kibodan.com\/da\/#organization\"},\"potentialAction\":[{\"@type\":\"SearchAction\",\"target\":{\"@type\":\"EntryPoint\",\"urlTemplate\":\"https:\/\/kibodan.com\/da\/?s={search_term_string}\"},\"query-input\":{\"@type\":\"PropertyValueSpecification\",\"valueRequired\":true,\"valueName\":\"search_term_string\"}}],\"inLanguage\":\"da-DK\"},{\"@type\":\"Organization\",\"@id\":\"https:\/\/kibodan.com\/da\/#organization\",\"name\":\"Kibodan\",\"url\":\"https:\/\/kibodan.com\/da\/\",\"logo\":{\"@type\":\"ImageObject\",\"inLanguage\":\"da-DK\",\"@id\":\"https:\/\/kibodan.com\/da\/#\/schema\/logo\/image\/\",\"url\":\"https:\/\/kibodan.com\/wp-content\/uploads\/kibodan-logo-white.svg\",\"contentUrl\":\"https:\/\/kibodan.com\/wp-content\/uploads\/kibodan-logo-white.svg\",\"caption\":\"Kibodan\"},\"image\":{\"@id\":\"https:\/\/kibodan.com\/da\/#\/schema\/logo\/image\/\"}}]}<\/script>\n<!-- \/ Yoast SEO plugin. -->","yoast_head_json":{"title":"Om vores produkter - Kibodan","robots":{"index":"index","follow":"follow","max-snippet":"max-snippet:-1","max-image-preview":"max-image-preview:large","max-video-preview":"max-video-preview:-1"},"canonical":"https:\/\/kibodan.com\/da\/vores-produkter\/","og_locale":"da_DK","og_type":"article","og_title":"Om vores produkter - Kibodan","og_description":"Om vores produkter Vi er en dansk virksomhed specialiseret i design og fremstilling af pille\u00e6sker i h\u00f8j kvalitet. Alle vores pille\u00e6sker er BPA-fri. Vores produkter f\u00e5s p\u00e5 mange forskellige sprog, alle produkter findes p\u00e5 engelsk, dansk og tysk. De fleste af vores produktlinjer findes ogs\u00e5 p\u00e5 tjekkisk, hollandsk, finsk, fransk, fransk \/ hollandsk, ungarsk, islandsk, [&hellip;]","og_url":"https:\/\/kibodan.com\/da\/vores-produkter\/","og_site_name":"Kibodan","article_modified_time":"2026-01-07T08:27:29+00:00","og_image":[{"width":1024,"height":680,"url":"https:\/\/kibodan.com\/wp-content\/uploads\/P-1-1024x680.png","type":"image\/png"}],"twitter_card":"summary_large_image","twitter_misc":{"Estimeret l\u00e6setid":"2 minutter"},"schema":{"@context":"https:\/\/schema.org","@graph":[{"@type":"WebPage","@id":"https:\/\/kibodan.com\/da\/vores-produkter\/","url":"https:\/\/kibodan.com\/da\/vores-produkter\/","name":"Om vores produkter - Kibodan","isPartOf":{"@id":"https:\/\/kibodan.com\/da\/#website"},"primaryImageOfPage":{"@id":"https:\/\/kibodan.com\/da\/vores-produkter\/#primaryimage"},"image":{"@id":"https:\/\/kibodan.com\/da\/vores-produkter\/#primaryimage"},"thumbnailUrl":"https:\/\/kibodan.com\/wp-content\/uploads\/P-1-1024x680.png","datePublished":"2020-09-04T13:44:49+00:00","dateModified":"2026-01-07T08:27:29+00:00","breadcrumb":{"@id":"https:\/\/kibodan.com\/da\/vores-produkter\/#breadcrumb"},"inLanguage":"da-DK","potentialAction":[{"@type":"ReadAction","target":["https:\/\/kibodan.com\/da\/vores-produkter\/"]}]},{"@type":"ImageObject","inLanguage":"da-DK","@id":"https:\/\/kibodan.com\/da\/vores-produkter\/#primaryimage","url":"https:\/\/kibodan.com\/wp-content\/uploads\/P-1-1024x680.png","contentUrl":"https:\/\/kibodan.com\/wp-content\/uploads\/P-1-1024x680.png"},{"@type":"BreadcrumbList","@id":"https:\/\/kibodan.com\/da\/vores-produkter\/#breadcrumb","itemListElement":[{"@type":"ListItem","position":1,"name":"Home","item":"https:\/\/kibodan.com\/da\/"},{"@type":"ListItem","position":2,"name":"Om vores produkter"}]},{"@type":"WebSite","@id":"https:\/\/kibodan.com\/da\/#website","url":"https:\/\/kibodan.com\/da\/","name":"Kibodan","description":"","publisher":{"@id":"https:\/\/kibodan.com\/da\/#organization"},"potentialAction":[{"@type":"SearchAction","target":{"@type":"EntryPoint","urlTemplate":"https:\/\/kibodan.com\/da\/?s={search_term_string}"},"query-input":{"@type":"PropertyValueSpecification","valueRequired":true,"valueName":"search_term_string"}}],"inLanguage":"da-DK"},{"@type":"Organization","@id":"https:\/\/kibodan.com\/da\/#organization","name":"Kibodan","url":"https:\/\/kibodan.com\/da\/","logo":{"@type":"ImageObject","inLanguage":"da-DK","@id":"https:\/\/kibodan.com\/da\/#\/schema\/logo\/image\/","url":"https:\/\/kibodan.com\/wp-content\/uploads\/kibodan-logo-white.svg","contentUrl":"https:\/\/kibodan.com\/wp-content\/uploads\/kibodan-logo-white.svg","caption":"Kibodan"},"image":{"@id":"https:\/\/kibodan.com\/da\/#\/schema\/logo\/image\/"}}]}},"_links":{"self":[{"href":"https:\/\/kibodan.com\/da\/wp-json\/wp\/v2\/pages\/2305","targetHints":{"allow":["GET"]}}],"collection":[{"href":"https:\/\/kibodan.com\/da\/wp-json\/wp\/v2\/pages"}],"about":[{"href":"https:\/\/kibodan.com\/da\/wp-json\/wp\/v2\/types\/page"}],"author":[{"embeddable":true,"href":"https:\/\/kibodan.com\/da\/wp-json\/wp\/v2\/users\/1"}],"replies":[{"embeddable":true,"href":"https:\/\/kibodan.com\/da\/wp-json\/wp\/v2\/comments?post=2305"}],"version-history":[{"count":16,"href":"https:\/\/kibodan.com\/da\/wp-json\/wp\/v2\/pages\/2305\/revisions"}],"predecessor-version":[{"id":9939,"href":"https:\/\/kibodan.com\/da\/wp-json\/wp\/v2\/pages\/2305\/revisions\/9939"}],"wp:attachment":[{"href":"https:\/\/kibodan.com\/da\/wp-json\/wp\/v2\/media?parent=2305"}],"curies":[{"name":"wp","href":"https:\/\/api.w.org\/{rel}","templated":true}]}}