{"id":2453,"date":"2020-09-09T10:11:04","date_gmt":"2020-09-09T08:11:04","guid":{"rendered":"http:\/\/kibodan2.i-strategi.pro\/privatlivspolitik\/"},"modified":"2024-04-25T13:13:20","modified_gmt":"2024-04-25T11:13:20","slug":"privatlivspolitik","status":"publish","type":"page","link":"https:\/\/kibodan.com\/da\/privatlivspolitik\/","title":{"rendered":"Privatlivspolitik"},"content":{"rendered":"\t\t<div data-elementor-type=\"wp-page\" data-elementor-id=\"2453\" class=\"elementor elementor-2453 elementor-2446\" data-elementor-post-type=\"page\">\n\t\t\t\t\t\t<section class=\"elementor-section elementor-top-section elementor-element elementor-element-142ed208 elementor-section-boxed elementor-section-height-default elementor-section-height-default\" data-id=\"142ed208\" data-element_type=\"section\">\n\t\t\t\t\t\t<div class=\"elementor-container elementor-column-gap-default\">\n\t\t\t\t\t<div class=\"elementor-column elementor-col-100 elementor-top-column elementor-element elementor-element-2c984ff9\" data-id=\"2c984ff9\" data-element_type=\"column\">\n\t\t\t<div class=\"elementor-widget-wrap elementor-element-populated\">\n\t\t\t\t\t\t<div class=\"elementor-element elementor-element-1bdb049b elementor-widget elementor-widget-text-editor\" data-id=\"1bdb049b\" data-element_type=\"widget\" data-widget_type=\"text-editor.default\">\n\t\t\t\t<div class=\"elementor-widget-container\">\n\t\t\t\t\t\t\t\t\t<p>Denne privatlivsspolitik beskriver, hvordan Kibodan bruger og beskytter de oplysninger, du giver Kibodan, n\u00e5r du bruger dette websted.<br \/>Kibodan er forpligtet til at sikre, at dine private data er beskyttet. Hvis vi beder dig om at give visse oplysninger, som du kan identificeres ved brug af dette websted, kan du v\u00e6re sikker p\u00e5, at den kun vil blive brugt i overensstemmelse med denne fortrolighedserkl\u00e6ring.<\/p><p>Kibodan kan \u00e6ndre denne politik fra tid til anden ved at opdatere denne side. Du b\u00f8r tjekke denne side \u00e9n gang i mellem for at sikre, at du er tilfreds med eventuelle \u00e6ndringer. Denne politik tr\u00e6der i kraft den 09\/09\/2020.<\/p><h2>Hvad vi indsamler<\/h2><ul><li>Vi kan indsamle f\u00f8lgende oplysninger:<\/li><li>navn og jobtitel<\/li><li>kontaktoplysninger inklusive e-mail-adresse<\/li><li>demografiske oplysninger s\u00e5som postnummer,<\/li><li>anden information, der er relevant for kundeunders\u00f8gelser og \/ eller tilbud<\/li><\/ul><h2>Hvad vi g\u00f8r med de oplysninger, vi indsamler<\/h2><h5>Vi kr\u00e6ver disse oplysninger for at forst\u00e5 dine behov og give dig en bedre service og is\u00e6r af f\u00f8lgende grunde:<\/h5><ul><li>Intern bogf\u00f8ring.<\/li><li>Vi bruger muligvis oplysningerne til at forbedre vores produkter og tjenester.<\/li><li>Vi kan med j\u00e6vne mellemrum sende salgsfremmende e-mails om nye produkter, specielle tilbud eller andre oplysninger, som vi synes du kan synes er interessante ved hj\u00e6lp af den e-mail-adresse, du har angivet (dog kun med din accept af dette).<\/li><\/ul><p>En gang i mellem kan vi ogs\u00e5 bruge dine oplysninger til at kontakte dig til markedsunders\u00f8gelsesform\u00e5l. Vi kontakter dig muligvis via e-mail, telefon, fax eller mail. Vi kan bruge oplysningerne til at tilpasse hjemmesiden i henhold til dine interesser (dog kun hvis du har accepteret at vi m\u00e5 bruge dine oplysninger i markedsf\u00f8ringssammenh\u00e6nge).<\/p><h2>Sikkerhed<\/h2><p>Vi er forpligtet til at sikre, at dine oplysninger er sikre. For at forhindre uautoriseret adgang eller videregivelse har vi indf\u00f8rt passende fysiske, elektroniske og ledelsesm\u00e6ssige procedurer for at beskytte og sikre de oplysninger, vi indsamler online.<\/p><h2>Cookies<\/h2><p>En cookie er en lille fil, der beder om tilladelse til at blive placeret p\u00e5 din computers harddisk. N\u00e5r du er enig, tilf\u00f8jes filen , og cookien hj\u00e6lper med at analysere webtrafik eller fort\u00e6ller dig, hvorn\u00e5r du bes\u00f8ger et bestemt websted. Cookies giver webapplikationer mulighed for at svare p\u00e5 dig som enkeltperson. Webapplikationen kan skr\u00e6ddersy sine operationer til dine behov, likes og antipatier ved at indsamle og huske oplysninger om dine pr\u00e6ferencer.<\/p><p>Vi bruger trafiklogcookies til at identificere, hvilke sider der bruges. Dette hj\u00e6lper os med at analysere data om websides trafik og forbedre vores websted for at skr\u00e6ddersy det til kundernes behov. Vi bruger kun disse oplysninger til statistiske analyseform\u00e5l, og derefter fjernes dataene fra systemet.<\/p><p>Samlet set hj\u00e6lper cookies os med at give dig et bedre websted ved at g\u00f8re det muligt for os at overv\u00e5ge, hvilke sider du finder nyttige, og hvilke du ikke g\u00f8r. En cookie giver os p\u00e5 ingen m\u00e5de adgang til din computer eller andre oplysninger om dig end de data, du v\u00e6lger at dele med os.<\/p><p>Du kan v\u00e6lge at acceptere eller afvise cookies. De fleste webbrowsere accepterer automatisk cookies, men du kan normalt \u00e6ndre din browserindstilling for at afvise cookies, hvis du foretr\u00e6kker det. Dette kan forhindre dig i at drage fuld fordel af hjemmesiden.<\/p><h2>Links til andre websider<\/h2><p>Vores hjemmeside kan indeholde links til andre interessante websider. N\u00e5r du f\u00f8rst har brugt disse links til at forlade vores websted, skal du dog bem\u00e6rke, at vi ikke har nogen kontrol over det andet websted. Derfor kan vi ikke v\u00e6re ansvarlige for beskyttelsen og fortroligheden af de oplysninger, du giver, mens du bes\u00f8ger s\u00e5danne websteder, og s\u00e5danne websteder er ikke omfattet af denne fortrolighedserkl\u00e6ring. Du skal v\u00e6re forsigtig og se p\u00e5 den fortrolighedserkl\u00e6ring, der g\u00e6lder for det p\u00e5g\u00e6ldende websted.<\/p><h2>Kontrol over dine personlige oplysninger<\/h2><p>Du kan v\u00e6lge at begr\u00e6nse indsamlingen eller brugen af dine personlige oplysninger p\u00e5 f\u00f8lgende m\u00e5der:<\/p><ul><li>hver gang du bliver bedt om at udfylde en formular p\u00e5 hjemmesiden, skal du kigge efter det felt, du kan klikke for at angive, at du ikke \u00f8nsker, at oplysningerne skal bruges af nogen til direkte markedsf\u00f8ringsform\u00e5l<\/li><li>hvis du tidligere har accepteret os ved hj\u00e6lp af dine personlige oplysninger til direkte markedsf\u00f8ringsform\u00e5l, kan du n\u00e5r som helst \u00e6ndre mening ved at skrive til eller sende en e-mail til os p\u00e5 info@kibodan.dk<\/li><\/ul><p>Vi vil ikke s\u00e6lge, distribuere eller udleje dine personlige oplysninger til tredjeparter, medmindre vi har din tilladelse eller er forpligtet af loven til at g\u00f8re det. Vi kan bruge dine personlige oplysninger til at sende dig salgsfremmende oplysninger om tredjeparter, som vi synes du kan synes er interessante, hvis du fort\u00e6ller os, at du \u00f8nsker, at dette skal ske.<\/p><p>Du kan anmode om oplysninger om personlige oplysninger, som vi har om dig i henhold til Databeskyttelsesloven og GDPR. Hvis du vil have en kopi af de oplysninger, vi har, bedes du skrive til Kibodan A \/ S, Krondalvej 7, 2610 R\u00f8dovre, Danmark.<\/p><p>Hvis du mener, at oplysninger, vi har om dig, er forkerte eller ufuldst\u00e6ndige, bedes du skrive til os eller sende os en e-mail hurtigst muligt p\u00e5 ovenst\u00e5ende adresse. Vi vil straks rette alle oplysninger, der viser sig at v\u00e6re forkerte.<\/p>\t\t\t\t\t\t\t\t<\/div>\n\t\t\t\t<\/div>\n\t\t\t\t\t<\/div>\n\t\t<\/div>\n\t\t\t\t\t<\/div>\n\t\t<\/section>\n\t\t\t\t<\/div>\n\t\t","protected":false},"excerpt":{"rendered":"<p>Denne privatlivsspolitik beskriver, hvordan Kibodan bruger og beskytter de oplysninger, du giver Kibodan, n\u00e5r du bruger dette websted.Kibodan er forpligtet til at sikre, at dine private data er beskyttet. Hvis vi beder dig om at give visse oplysninger, som du kan identificeres ved brug af dette websted, kan du v\u00e6re sikker p\u00e5, at den kun [&hellip;]<\/p>\n","protected":false},"author":3,"featured_media":0,"parent":0,"menu_order":0,"comment_status":"closed","ping_status":"closed","template":"","meta":{"_acf_changed":false,"footnotes":""},"class_list":["post-2453","page","type-page","status-publish","hentry"],"acf":[],"yoast_head":"<!-- This site is optimized with the Yoast SEO plugin v26.3 - https:\/\/yoast.com\/wordpress\/plugins\/seo\/ -->\n<title>Privatlivspolitik - Kibodan<\/title>\n<meta name=\"robots\" content=\"index, follow, max-snippet:-1, max-image-preview:large, max-video-preview:-1\" \/>\n<link rel=\"canonical\" href=\"https:\/\/kibodan.com\/da\/privatlivspolitik\/\" \/>\n<meta property=\"og:locale\" content=\"da_DK\" \/>\n<meta property=\"og:type\" content=\"article\" \/>\n<meta property=\"og:title\" content=\"Privatlivspolitik - Kibodan\" \/>\n<meta property=\"og:description\" content=\"Denne privatlivsspolitik beskriver, hvordan Kibodan bruger og beskytter de oplysninger, du giver Kibodan, n\u00e5r du bruger dette websted.Kibodan er forpligtet til at sikre, at dine private data er beskyttet. Hvis vi beder dig om at give visse oplysninger, som du kan identificeres ved brug af dette websted, kan du v\u00e6re sikker p\u00e5, at den kun [&hellip;]\" \/>\n<meta property=\"og:url\" content=\"https:\/\/kibodan.com\/da\/privatlivspolitik\/\" \/>\n<meta property=\"og:site_name\" content=\"Kibodan\" \/>\n<meta property=\"article:modified_time\" content=\"2024-04-25T11:13:20+00:00\" \/>\n<meta name=\"twitter:card\" content=\"summary_large_image\" \/>\n<meta name=\"twitter:label1\" content=\"Estimeret l\u00e6setid\" \/>\n\t<meta name=\"twitter:data1\" content=\"5 minutter\" \/>\n<script type=\"application\/ld+json\" class=\"yoast-schema-graph\">{\"@context\":\"https:\/\/schema.org\",\"@graph\":[{\"@type\":\"WebPage\",\"@id\":\"https:\/\/kibodan.com\/da\/privatlivspolitik\/\",\"url\":\"https:\/\/kibodan.com\/da\/privatlivspolitik\/\",\"name\":\"Privatlivspolitik - Kibodan\",\"isPartOf\":{\"@id\":\"https:\/\/kibodan.com\/da\/#website\"},\"datePublished\":\"2020-09-09T08:11:04+00:00\",\"dateModified\":\"2024-04-25T11:13:20+00:00\",\"breadcrumb\":{\"@id\":\"https:\/\/kibodan.com\/da\/privatlivspolitik\/#breadcrumb\"},\"inLanguage\":\"da-DK\",\"potentialAction\":[{\"@type\":\"ReadAction\",\"target\":[\"https:\/\/kibodan.com\/da\/privatlivspolitik\/\"]}]},{\"@type\":\"BreadcrumbList\",\"@id\":\"https:\/\/kibodan.com\/da\/privatlivspolitik\/#breadcrumb\",\"itemListElement\":[{\"@type\":\"ListItem\",\"position\":1,\"name\":\"Home\",\"item\":\"https:\/\/kibodan.com\/da\/\"},{\"@type\":\"ListItem\",\"position\":2,\"name\":\"Privatlivspolitik\"}]},{\"@type\":\"WebSite\",\"@id\":\"https:\/\/kibodan.com\/da\/#website\",\"url\":\"https:\/\/kibodan.com\/da\/\",\"name\":\"Kibodan\",\"description\":\"\",\"publisher\":{\"@id\":\"https:\/\/kibodan.com\/da\/#organization\"},\"potentialAction\":[{\"@type\":\"SearchAction\",\"target\":{\"@type\":\"EntryPoint\",\"urlTemplate\":\"https:\/\/kibodan.com\/da\/?s={search_term_string}\"},\"query-input\":{\"@type\":\"PropertyValueSpecification\",\"valueRequired\":true,\"valueName\":\"search_term_string\"}}],\"inLanguage\":\"da-DK\"},{\"@type\":\"Organization\",\"@id\":\"https:\/\/kibodan.com\/da\/#organization\",\"name\":\"Kibodan\",\"url\":\"https:\/\/kibodan.com\/da\/\",\"logo\":{\"@type\":\"ImageObject\",\"inLanguage\":\"da-DK\",\"@id\":\"https:\/\/kibodan.com\/da\/#\/schema\/logo\/image\/\",\"url\":\"https:\/\/kibodan.com\/wp-content\/uploads\/kibodan-logo-white.svg\",\"contentUrl\":\"https:\/\/kibodan.com\/wp-content\/uploads\/kibodan-logo-white.svg\",\"caption\":\"Kibodan\"},\"image\":{\"@id\":\"https:\/\/kibodan.com\/da\/#\/schema\/logo\/image\/\"}}]}<\/script>\n<!-- \/ Yoast SEO plugin. -->","yoast_head_json":{"title":"Privatlivspolitik - Kibodan","robots":{"index":"index","follow":"follow","max-snippet":"max-snippet:-1","max-image-preview":"max-image-preview:large","max-video-preview":"max-video-preview:-1"},"canonical":"https:\/\/kibodan.com\/da\/privatlivspolitik\/","og_locale":"da_DK","og_type":"article","og_title":"Privatlivspolitik - Kibodan","og_description":"Denne privatlivsspolitik beskriver, hvordan Kibodan bruger og beskytter de oplysninger, du giver Kibodan, n\u00e5r du bruger dette websted.Kibodan er forpligtet til at sikre, at dine private data er beskyttet. Hvis vi beder dig om at give visse oplysninger, som du kan identificeres ved brug af dette websted, kan du v\u00e6re sikker p\u00e5, at den kun [&hellip;]","og_url":"https:\/\/kibodan.com\/da\/privatlivspolitik\/","og_site_name":"Kibodan","article_modified_time":"2024-04-25T11:13:20+00:00","twitter_card":"summary_large_image","twitter_misc":{"Estimeret l\u00e6setid":"5 minutter"},"schema":{"@context":"https:\/\/schema.org","@graph":[{"@type":"WebPage","@id":"https:\/\/kibodan.com\/da\/privatlivspolitik\/","url":"https:\/\/kibodan.com\/da\/privatlivspolitik\/","name":"Privatlivspolitik - Kibodan","isPartOf":{"@id":"https:\/\/kibodan.com\/da\/#website"},"datePublished":"2020-09-09T08:11:04+00:00","dateModified":"2024-04-25T11:13:20+00:00","breadcrumb":{"@id":"https:\/\/kibodan.com\/da\/privatlivspolitik\/#breadcrumb"},"inLanguage":"da-DK","potentialAction":[{"@type":"ReadAction","target":["https:\/\/kibodan.com\/da\/privatlivspolitik\/"]}]},{"@type":"BreadcrumbList","@id":"https:\/\/kibodan.com\/da\/privatlivspolitik\/#breadcrumb","itemListElement":[{"@type":"ListItem","position":1,"name":"Home","item":"https:\/\/kibodan.com\/da\/"},{"@type":"ListItem","position":2,"name":"Privatlivspolitik"}]},{"@type":"WebSite","@id":"https:\/\/kibodan.com\/da\/#website","url":"https:\/\/kibodan.com\/da\/","name":"Kibodan","description":"","publisher":{"@id":"https:\/\/kibodan.com\/da\/#organization"},"potentialAction":[{"@type":"SearchAction","target":{"@type":"EntryPoint","urlTemplate":"https:\/\/kibodan.com\/da\/?s={search_term_string}"},"query-input":{"@type":"PropertyValueSpecification","valueRequired":true,"valueName":"search_term_string"}}],"inLanguage":"da-DK"},{"@type":"Organization","@id":"https:\/\/kibodan.com\/da\/#organization","name":"Kibodan","url":"https:\/\/kibodan.com\/da\/","logo":{"@type":"ImageObject","inLanguage":"da-DK","@id":"https:\/\/kibodan.com\/da\/#\/schema\/logo\/image\/","url":"https:\/\/kibodan.com\/wp-content\/uploads\/kibodan-logo-white.svg","contentUrl":"https:\/\/kibodan.com\/wp-content\/uploads\/kibodan-logo-white.svg","caption":"Kibodan"},"image":{"@id":"https:\/\/kibodan.com\/da\/#\/schema\/logo\/image\/"}}]}},"_links":{"self":[{"href":"https:\/\/kibodan.com\/da\/wp-json\/wp\/v2\/pages\/2453","targetHints":{"allow":["GET"]}}],"collection":[{"href":"https:\/\/kibodan.com\/da\/wp-json\/wp\/v2\/pages"}],"about":[{"href":"https:\/\/kibodan.com\/da\/wp-json\/wp\/v2\/types\/page"}],"author":[{"embeddable":true,"href":"https:\/\/kibodan.com\/da\/wp-json\/wp\/v2\/users\/3"}],"replies":[{"embeddable":true,"href":"https:\/\/kibodan.com\/da\/wp-json\/wp\/v2\/comments?post=2453"}],"version-history":[{"count":9,"href":"https:\/\/kibodan.com\/da\/wp-json\/wp\/v2\/pages\/2453\/revisions"}],"predecessor-version":[{"id":8528,"href":"https:\/\/kibodan.com\/da\/wp-json\/wp\/v2\/pages\/2453\/revisions\/8528"}],"wp:attachment":[{"href":"https:\/\/kibodan.com\/da\/wp-json\/wp\/v2\/media?parent=2453"}],"curies":[{"name":"wp","href":"https:\/\/api.w.org\/{rel}","templated":true}]}}