{"id":1803,"date":"2020-08-18T11:18:22","date_gmt":"2020-08-18T09:18:22","guid":{"rendered":"http:\/\/kibodan2.i-strategi.pro\/ueber-uns\/"},"modified":"2021-07-22T12:27:49","modified_gmt":"2021-07-22T10:27:49","slug":"ueber-uns","status":"publish","type":"page","link":"https:\/\/kibodan.com\/de\/ueber-uns\/","title":{"rendered":"\u00dcber uns"},"content":{"rendered":"\t\t<div data-elementor-type=\"wp-page\" data-elementor-id=\"1803\" class=\"elementor elementor-1803 elementor-1714\" data-elementor-post-type=\"page\">\n\t\t\t\t\t\t<section class=\"elementor-section elementor-top-section elementor-element elementor-element-fff3ff3 elementor-section-boxed elementor-section-height-default elementor-section-height-default\" data-id=\"fff3ff3\" data-element_type=\"section\">\n\t\t\t\t\t\t<div class=\"elementor-container elementor-column-gap-default\">\n\t\t\t\t\t<div class=\"elementor-column elementor-col-100 elementor-top-column elementor-element elementor-element-681b488\" data-id=\"681b488\" data-element_type=\"column\">\n\t\t\t<div class=\"elementor-widget-wrap elementor-element-populated\">\n\t\t\t\t\t\t<div class=\"elementor-element elementor-element-91d6040 elementor-widget elementor-widget-heading\" data-id=\"91d6040\" data-element_type=\"widget\" data-widget_type=\"heading.default\">\n\t\t\t\t<div class=\"elementor-widget-container\">\n\t\t\t\t\t<h2 class=\"elementor-heading-title elementor-size-default\">\u00dcber uns<\/h2>\t\t\t\t<\/div>\n\t\t\t\t<\/div>\n\t\t\t\t\t<\/div>\n\t\t<\/div>\n\t\t\t\t\t<\/div>\n\t\t<\/section>\n\t\t\t\t<section class=\"elementor-section elementor-top-section elementor-element elementor-element-a3c9b55 elementor-section-boxed elementor-section-height-default elementor-section-height-default\" data-id=\"a3c9b55\" data-element_type=\"section\">\n\t\t\t\t\t\t<div class=\"elementor-container elementor-column-gap-default\">\n\t\t\t\t\t<div class=\"elementor-column elementor-col-33 elementor-top-column elementor-element elementor-element-4ccd64e\" data-id=\"4ccd64e\" data-element_type=\"column\">\n\t\t\t<div class=\"elementor-widget-wrap elementor-element-populated\">\n\t\t\t\t\t\t<div class=\"elementor-element elementor-element-89465b4 elementor-widget elementor-widget-image\" data-id=\"89465b4\" data-element_type=\"widget\" data-widget_type=\"image.default\">\n\t\t\t\t<div class=\"elementor-widget-container\">\n\t\t\t\t\t\t\t\t\t\t\t\t\t\t\t<img fetchpriority=\"high\" decoding=\"async\" width=\"700\" height=\"467\" src=\"https:\/\/kibodan.com\/wp-content\/uploads\/MG_0702.jpg\" class=\"attachment-large size-large wp-image-2476\" alt=\"\" srcset=\"https:\/\/kibodan.com\/wp-content\/uploads\/MG_0702.jpg 700w, https:\/\/kibodan.com\/wp-content\/uploads\/MG_0702-300x200.jpg 300w\" sizes=\"(max-width: 700px) 100vw, 700px\" \/>\t\t\t\t\t\t\t\t\t\t\t\t\t\t\t<\/div>\n\t\t\t\t<\/div>\n\t\t\t\t<div class=\"elementor-element elementor-element-5558f9c elementor-hidden-phone elementor-widget elementor-widget-image\" data-id=\"5558f9c\" data-element_type=\"widget\" data-widget_type=\"image.default\">\n\t\t\t\t<div class=\"elementor-widget-container\">\n\t\t\t\t\t\t\t\t\t\t\t\t\t\t\t<img decoding=\"async\" width=\"700\" height=\"467\" src=\"https:\/\/kibodan.com\/wp-content\/uploads\/MG_0452.jpg\" class=\"attachment-large size-large wp-image-2473\" alt=\"\" srcset=\"https:\/\/kibodan.com\/wp-content\/uploads\/MG_0452.jpg 700w, https:\/\/kibodan.com\/wp-content\/uploads\/MG_0452-300x200.jpg 300w\" sizes=\"(max-width: 700px) 100vw, 700px\" \/>\t\t\t\t\t\t\t\t\t\t\t\t\t\t\t<\/div>\n\t\t\t\t<\/div>\n\t\t\t\t\t<\/div>\n\t\t<\/div>\n\t\t\t\t<div class=\"elementor-column elementor-col-33 elementor-top-column elementor-element elementor-element-0d2c68e\" data-id=\"0d2c68e\" data-element_type=\"column\">\n\t\t\t<div class=\"elementor-widget-wrap elementor-element-populated\">\n\t\t\t\t\t\t<div class=\"elementor-element elementor-element-8886ac6 elementor-widget elementor-widget-heading\" data-id=\"8886ac6\" data-element_type=\"widget\" data-widget_type=\"heading.default\">\n\t\t\t\t<div class=\"elementor-widget-container\">\n\t\t\t\t\t<h2 class=\"elementor-heading-title elementor-size-default\">Willkommen bei Kibodan!<\/h2>\t\t\t\t<\/div>\n\t\t\t\t<\/div>\n\t\t\t\t<div class=\"elementor-element elementor-element-d05636a elementor-widget elementor-widget-text-editor\" data-id=\"d05636a\" data-element_type=\"widget\" data-widget_type=\"text-editor.default\">\n\t\t\t\t<div class=\"elementor-widget-container\">\n\t\t\t\t\t\t\t\t\t<p><span data-contrast=\"auto\">Kibodan ist ein\u00a0<\/span><span data-contrast=\"auto\">d\u00e4nisches Unternehmen<\/span><span data-contrast=\"auto\">,\u00a0<\/span><span data-contrast=\"auto\">wo Qualit\u00e4t und\u00a0<\/span><span data-contrast=\"auto\">Gesundheit an erster Stelle stehen. Mit unserer hauseigenen Produktion von hochqualitativen Dosierungssystemen wollen wir zum Kampf gegen fehlerhafte Medikation beitragen.\u00a0<\/span><span data-ccp-props=\"{&quot;201341983&quot;:0,&quot;335559739&quot;:160,&quot;335559740&quot;:259}\">\u00a0<\/span><\/p>\n<p><span data-contrast=\"auto\">Unsere\u00a0<\/span><span data-contrast=\"auto\">originalen<\/span><span data-contrast=\"auto\">\u00a0Dosierungssysteme Medidos<\/span><span data-contrast=\"auto\">\u00a9<\/span><span data-contrast=\"auto\">\u00a0und Medimax<\/span><span data-contrast=\"auto\">\u00a9 zeichnen sich vor allem durch ihre kompakte Gr\u00f6\u00dfe und benutzerfreundliche Handhabung aus.\u00a0<\/span><span data-contrast=\"auto\">Da<\/span><span data-contrast=\"auto\">durch\u00a0<\/span><span data-contrast=\"auto\">l\u00e4sst sich der Medikamentenverbrauch ganz leicht organisieren.\u00a0<\/span><span data-ccp-props=\"{&quot;201341983&quot;:0,&quot;335559739&quot;:160,&quot;335559740&quot;:259}\">\u00a0<\/span><\/p>\n<p><span data-contrast=\"auto\">Unsere Produkte werden haupts\u00e4chlich in Pflegeinstitutionen, Krankenh\u00e4usern und privaten Haushalten verwendet. Mittlerweile sind unsere Produkte in \u00fcber 20 L\u00e4ndern auf der ganzen Welt erh\u00e4ltlich, worauf wir sehr stolz sind.\u00a0<\/span><span data-ccp-props=\"{&quot;201341983&quot;:0,&quot;335559739&quot;:160,&quot;335559740&quot;:259}\">\u00a0<\/span><\/p>\n<p><span data-contrast=\"auto\">Wir wertsch\u00e4tzen unsere treue<\/span><span data-contrast=\"auto\">n<\/span><span data-contrast=\"auto\">\u00a0Kunden, von denen viele schon seit \u00fcber 45 Jahren an unsere<\/span><span data-contrast=\"auto\">r<\/span><span data-contrast=\"auto\">\u00a0Seite stehen.\u00a0<\/span><span data-contrast=\"auto\">Dar\u00fcber hinaus d\u00fcrfen wir j<\/span><span data-contrast=\"auto\">edes Jahr<\/span><span data-contrast=\"auto\">\u00a0<\/span><span data-contrast=\"auto\">neue Kunden in anderen L\u00e4ndern begr\u00fc\u00dfen.\u00a0<\/span><span data-ccp-props=\"{&quot;201341983&quot;:0,&quot;335559739&quot;:160,&quot;335559740&quot;:259}\">\u00a0<\/span><\/p>\n<p><span data-contrast=\"auto\">Das ganze Team ist engagiert darin die hohe Qualit\u00e4t unserer Produkte aufrechtzuerhalten und unseren Kunden den bestm\u00f6glichen Service zu bieten.\u00a0<\/span><span data-ccp-props=\"{&quot;201341983&quot;:0,&quot;335559739&quot;:160,&quot;335559740&quot;:259}\">\u00a0<\/span><\/p>\n\t\t\t\t\t\t\t\t<\/div>\n\t\t\t\t<\/div>\n\t\t\t\t\t<\/div>\n\t\t<\/div>\n\t\t\t\t<div class=\"elementor-column elementor-col-33 elementor-top-column elementor-element elementor-element-091a1d8\" data-id=\"091a1d8\" data-element_type=\"column\">\n\t\t\t<div class=\"elementor-widget-wrap elementor-element-populated\">\n\t\t\t\t\t\t<div class=\"elementor-element elementor-element-c898019 elementor-widget elementor-widget-heading\" data-id=\"c898019\" data-element_type=\"widget\" data-widget_type=\"heading.default\">\n\t\t\t\t<div class=\"elementor-widget-container\">\n\t\t\t\t\t<h2 class=\"elementor-heading-title elementor-size-default\">Unsere Vision<\/h2>\t\t\t\t<\/div>\n\t\t\t\t<\/div>\n\t\t\t\t<div class=\"elementor-element elementor-element-81e75ad elementor-widget elementor-widget-text-editor\" data-id=\"81e75ad\" data-element_type=\"widget\" data-widget_type=\"text-editor.default\">\n\t\t\t\t<div class=\"elementor-widget-container\">\n\t\t\t\t\t\t\t\t\t<p>Unsere Vision ist es, einer der weltweit f\u00fchrenden Anbieter von Dosierungssystemen zur Organisation und Kontrolle der Medikamenteneinnahme zu sein.<\/p>\n\t\t\t\t\t\t\t\t<\/div>\n\t\t\t\t<\/div>\n\t\t\t\t<div class=\"elementor-element elementor-element-cabf231 elementor-widget elementor-widget-heading\" data-id=\"cabf231\" data-element_type=\"widget\" data-widget_type=\"heading.default\">\n\t\t\t\t<div class=\"elementor-widget-container\">\n\t\t\t\t\t<h2 class=\"elementor-heading-title elementor-size-default\">Unsere Mission<\/h2>\t\t\t\t<\/div>\n\t\t\t\t<\/div>\n\t\t\t\t<div class=\"elementor-element elementor-element-d0ee73c elementor-widget elementor-widget-text-editor\" data-id=\"d0ee73c\" data-element_type=\"widget\" data-widget_type=\"text-editor.default\">\n\t\t\t\t<div class=\"elementor-widget-container\">\n\t\t\t\t\t\t\t\t\t<ul>\n<li>Kunden und Verbrauchern benutzerfreundliche und flexible Produkte anzubieten<\/li>\n<li>Verbesserung der Compliance und Reduzierung falscher Medikation<\/li>\n<li>Herstellung von Qualit\u00e4tsprodukten mit d\u00e4nischem Design<\/li>\n<\/ul>\n\t\t\t\t\t\t\t\t<\/div>\n\t\t\t\t<\/div>\n\t\t\t\t\t<\/div>\n\t\t<\/div>\n\t\t\t\t\t<\/div>\n\t\t<\/section>\n\t\t\t\t<\/div>\n\t\t","protected":false},"excerpt":{"rendered":"<p>Willkommen bei Kibodan! Kibodan ist ein\u00a0d\u00e4nisches Unternehmen,\u00a0wo Qualit\u00e4t und\u00a0Gesundheit an erster Stelle stehen. Mit unserer hauseigenen Produktion von hochqualitativen Dosierungssystemen wollen wir zum Kampf gegen fehlerhafte Medikation beitragen.\u00a0\u00a0 Unsere\u00a0originalen\u00a0Dosierungssysteme Medidos\u00a9\u00a0und Medimax\u00a9 zeichnen sich vor allem durch ihre kompakte Gr\u00f6\u00dfe und benutzerfreundliche Handhabung aus.\u00a0Dadurch\u00a0l\u00e4sst sich der Medikamentenverbrauch ganz leicht organisieren.\u00a0\u00a0 Unsere Produkte werden haupts\u00e4chlich in Pflegeinstitutionen, [&hellip;]<\/p>\n","protected":false},"author":1,"featured_media":0,"parent":0,"menu_order":0,"comment_status":"closed","ping_status":"closed","template":"","meta":{"_acf_changed":false,"footnotes":""},"class_list":["post-1803","page","type-page","status-publish","hentry"],"acf":[],"yoast_head":"<!-- This site is optimized with the Yoast SEO plugin v26.3 - https:\/\/yoast.com\/wordpress\/plugins\/seo\/ -->\n<title>\u00dcber uns - Kibodan<\/title>\n<meta name=\"robots\" content=\"index, follow, max-snippet:-1, max-image-preview:large, max-video-preview:-1\" \/>\n<link rel=\"canonical\" href=\"https:\/\/kibodan.com\/de\/ueber-uns\/\" \/>\n<meta property=\"og:locale\" content=\"de_DE\" \/>\n<meta property=\"og:type\" content=\"article\" \/>\n<meta property=\"og:title\" content=\"\u00dcber uns - Kibodan\" \/>\n<meta property=\"og:description\" content=\"Willkommen bei Kibodan! Kibodan ist ein\u00a0d\u00e4nisches Unternehmen,\u00a0wo Qualit\u00e4t und\u00a0Gesundheit an erster Stelle stehen. Mit unserer hauseigenen Produktion von hochqualitativen Dosierungssystemen wollen wir zum Kampf gegen fehlerhafte Medikation beitragen.\u00a0\u00a0 Unsere\u00a0originalen\u00a0Dosierungssysteme Medidos\u00a9\u00a0und Medimax\u00a9 zeichnen sich vor allem durch ihre kompakte Gr\u00f6\u00dfe und benutzerfreundliche Handhabung aus.\u00a0Dadurch\u00a0l\u00e4sst sich der Medikamentenverbrauch ganz leicht organisieren.\u00a0\u00a0 Unsere Produkte werden haupts\u00e4chlich in Pflegeinstitutionen, [&hellip;]\" \/>\n<meta property=\"og:url\" content=\"https:\/\/kibodan.com\/de\/ueber-uns\/\" \/>\n<meta property=\"og:site_name\" content=\"Kibodan\" \/>\n<meta property=\"article:modified_time\" content=\"2021-07-22T10:27:49+00:00\" \/>\n<meta property=\"og:image\" content=\"https:\/\/kibodan.vps.simplesolution.dk\/wp-content\/uploads\/MG_0702.jpg\" \/>\n<meta name=\"twitter:card\" content=\"summary_large_image\" \/>\n<meta name=\"twitter:label1\" content=\"Gesch\u00e4tzte Lesezeit\" \/>\n\t<meta name=\"twitter:data1\" content=\"1\u00a0Minute\" \/>\n<script type=\"application\/ld+json\" class=\"yoast-schema-graph\">{\"@context\":\"https:\/\/schema.org\",\"@graph\":[{\"@type\":\"WebPage\",\"@id\":\"https:\/\/kibodan.com\/de\/ueber-uns\/\",\"url\":\"https:\/\/kibodan.com\/de\/ueber-uns\/\",\"name\":\"\u00dcber uns - Kibodan\",\"isPartOf\":{\"@id\":\"https:\/\/kibodan.com\/de\/#website\"},\"primaryImageOfPage\":{\"@id\":\"https:\/\/kibodan.com\/de\/ueber-uns\/#primaryimage\"},\"image\":{\"@id\":\"https:\/\/kibodan.com\/de\/ueber-uns\/#primaryimage\"},\"thumbnailUrl\":\"https:\/\/kibodan.vps.simplesolution.dk\/wp-content\/uploads\/MG_0702.jpg\",\"datePublished\":\"2020-08-18T09:18:22+00:00\",\"dateModified\":\"2021-07-22T10:27:49+00:00\",\"breadcrumb\":{\"@id\":\"https:\/\/kibodan.com\/de\/ueber-uns\/#breadcrumb\"},\"inLanguage\":\"de\",\"potentialAction\":[{\"@type\":\"ReadAction\",\"target\":[\"https:\/\/kibodan.com\/de\/ueber-uns\/\"]}]},{\"@type\":\"ImageObject\",\"inLanguage\":\"de\",\"@id\":\"https:\/\/kibodan.com\/de\/ueber-uns\/#primaryimage\",\"url\":\"https:\/\/kibodan.vps.simplesolution.dk\/wp-content\/uploads\/MG_0702.jpg\",\"contentUrl\":\"https:\/\/kibodan.vps.simplesolution.dk\/wp-content\/uploads\/MG_0702.jpg\"},{\"@type\":\"BreadcrumbList\",\"@id\":\"https:\/\/kibodan.com\/de\/ueber-uns\/#breadcrumb\",\"itemListElement\":[{\"@type\":\"ListItem\",\"position\":1,\"name\":\"Home\",\"item\":\"https:\/\/kibodan.com\/de\/\"},{\"@type\":\"ListItem\",\"position\":2,\"name\":\"\u00dcber uns\"}]},{\"@type\":\"WebSite\",\"@id\":\"https:\/\/kibodan.com\/de\/#website\",\"url\":\"https:\/\/kibodan.com\/de\/\",\"name\":\"Kibodan\",\"description\":\"\",\"publisher\":{\"@id\":\"https:\/\/kibodan.com\/de\/#organization\"},\"potentialAction\":[{\"@type\":\"SearchAction\",\"target\":{\"@type\":\"EntryPoint\",\"urlTemplate\":\"https:\/\/kibodan.com\/de\/?s={search_term_string}\"},\"query-input\":{\"@type\":\"PropertyValueSpecification\",\"valueRequired\":true,\"valueName\":\"search_term_string\"}}],\"inLanguage\":\"de\"},{\"@type\":\"Organization\",\"@id\":\"https:\/\/kibodan.com\/de\/#organization\",\"name\":\"Kibodan\",\"url\":\"https:\/\/kibodan.com\/de\/\",\"logo\":{\"@type\":\"ImageObject\",\"inLanguage\":\"de\",\"@id\":\"https:\/\/kibodan.com\/de\/#\/schema\/logo\/image\/\",\"url\":\"https:\/\/kibodan.com\/wp-content\/uploads\/kibodan-logo-white.svg\",\"contentUrl\":\"https:\/\/kibodan.com\/wp-content\/uploads\/kibodan-logo-white.svg\",\"caption\":\"Kibodan\"},\"image\":{\"@id\":\"https:\/\/kibodan.com\/de\/#\/schema\/logo\/image\/\"}}]}<\/script>\n<!-- \/ Yoast SEO plugin. -->","yoast_head_json":{"title":"\u00dcber uns - Kibodan","robots":{"index":"index","follow":"follow","max-snippet":"max-snippet:-1","max-image-preview":"max-image-preview:large","max-video-preview":"max-video-preview:-1"},"canonical":"https:\/\/kibodan.com\/de\/ueber-uns\/","og_locale":"de_DE","og_type":"article","og_title":"\u00dcber uns - Kibodan","og_description":"Willkommen bei Kibodan! Kibodan ist ein\u00a0d\u00e4nisches Unternehmen,\u00a0wo Qualit\u00e4t und\u00a0Gesundheit an erster Stelle stehen. Mit unserer hauseigenen Produktion von hochqualitativen Dosierungssystemen wollen wir zum Kampf gegen fehlerhafte Medikation beitragen.\u00a0\u00a0 Unsere\u00a0originalen\u00a0Dosierungssysteme Medidos\u00a9\u00a0und Medimax\u00a9 zeichnen sich vor allem durch ihre kompakte Gr\u00f6\u00dfe und benutzerfreundliche Handhabung aus.\u00a0Dadurch\u00a0l\u00e4sst sich der Medikamentenverbrauch ganz leicht organisieren.\u00a0\u00a0 Unsere Produkte werden haupts\u00e4chlich in Pflegeinstitutionen, [&hellip;]","og_url":"https:\/\/kibodan.com\/de\/ueber-uns\/","og_site_name":"Kibodan","article_modified_time":"2021-07-22T10:27:49+00:00","og_image":[{"url":"https:\/\/kibodan.vps.simplesolution.dk\/wp-content\/uploads\/MG_0702.jpg","type":"","width":"","height":""}],"twitter_card":"summary_large_image","twitter_misc":{"Gesch\u00e4tzte Lesezeit":"1\u00a0Minute"},"schema":{"@context":"https:\/\/schema.org","@graph":[{"@type":"WebPage","@id":"https:\/\/kibodan.com\/de\/ueber-uns\/","url":"https:\/\/kibodan.com\/de\/ueber-uns\/","name":"\u00dcber uns - Kibodan","isPartOf":{"@id":"https:\/\/kibodan.com\/de\/#website"},"primaryImageOfPage":{"@id":"https:\/\/kibodan.com\/de\/ueber-uns\/#primaryimage"},"image":{"@id":"https:\/\/kibodan.com\/de\/ueber-uns\/#primaryimage"},"thumbnailUrl":"https:\/\/kibodan.vps.simplesolution.dk\/wp-content\/uploads\/MG_0702.jpg","datePublished":"2020-08-18T09:18:22+00:00","dateModified":"2021-07-22T10:27:49+00:00","breadcrumb":{"@id":"https:\/\/kibodan.com\/de\/ueber-uns\/#breadcrumb"},"inLanguage":"de","potentialAction":[{"@type":"ReadAction","target":["https:\/\/kibodan.com\/de\/ueber-uns\/"]}]},{"@type":"ImageObject","inLanguage":"de","@id":"https:\/\/kibodan.com\/de\/ueber-uns\/#primaryimage","url":"https:\/\/kibodan.vps.simplesolution.dk\/wp-content\/uploads\/MG_0702.jpg","contentUrl":"https:\/\/kibodan.vps.simplesolution.dk\/wp-content\/uploads\/MG_0702.jpg"},{"@type":"BreadcrumbList","@id":"https:\/\/kibodan.com\/de\/ueber-uns\/#breadcrumb","itemListElement":[{"@type":"ListItem","position":1,"name":"Home","item":"https:\/\/kibodan.com\/de\/"},{"@type":"ListItem","position":2,"name":"\u00dcber uns"}]},{"@type":"WebSite","@id":"https:\/\/kibodan.com\/de\/#website","url":"https:\/\/kibodan.com\/de\/","name":"Kibodan","description":"","publisher":{"@id":"https:\/\/kibodan.com\/de\/#organization"},"potentialAction":[{"@type":"SearchAction","target":{"@type":"EntryPoint","urlTemplate":"https:\/\/kibodan.com\/de\/?s={search_term_string}"},"query-input":{"@type":"PropertyValueSpecification","valueRequired":true,"valueName":"search_term_string"}}],"inLanguage":"de"},{"@type":"Organization","@id":"https:\/\/kibodan.com\/de\/#organization","name":"Kibodan","url":"https:\/\/kibodan.com\/de\/","logo":{"@type":"ImageObject","inLanguage":"de","@id":"https:\/\/kibodan.com\/de\/#\/schema\/logo\/image\/","url":"https:\/\/kibodan.com\/wp-content\/uploads\/kibodan-logo-white.svg","contentUrl":"https:\/\/kibodan.com\/wp-content\/uploads\/kibodan-logo-white.svg","caption":"Kibodan"},"image":{"@id":"https:\/\/kibodan.com\/de\/#\/schema\/logo\/image\/"}}]}},"_links":{"self":[{"href":"https:\/\/kibodan.com\/de\/wp-json\/wp\/v2\/pages\/1803","targetHints":{"allow":["GET"]}}],"collection":[{"href":"https:\/\/kibodan.com\/de\/wp-json\/wp\/v2\/pages"}],"about":[{"href":"https:\/\/kibodan.com\/de\/wp-json\/wp\/v2\/types\/page"}],"author":[{"embeddable":true,"href":"https:\/\/kibodan.com\/de\/wp-json\/wp\/v2\/users\/1"}],"replies":[{"embeddable":true,"href":"https:\/\/kibodan.com\/de\/wp-json\/wp\/v2\/comments?post=1803"}],"version-history":[{"count":5,"href":"https:\/\/kibodan.com\/de\/wp-json\/wp\/v2\/pages\/1803\/revisions"}],"predecessor-version":[{"id":4486,"href":"https:\/\/kibodan.com\/de\/wp-json\/wp\/v2\/pages\/1803\/revisions\/4486"}],"wp:attachment":[{"href":"https:\/\/kibodan.com\/de\/wp-json\/wp\/v2\/media?parent=1803"}],"curies":[{"name":"wp","href":"https:\/\/api.w.org\/{rel}","templated":true}]}}