{"id":1811,"date":"2020-08-18T11:48:17","date_gmt":"2020-08-18T09:48:17","guid":{"rendered":"http:\/\/kibodan2.i-strategi.pro\/unsere-geschichte\/"},"modified":"2020-12-16T12:41:35","modified_gmt":"2020-12-16T11:41:35","slug":"unsere-geschichte","status":"publish","type":"page","link":"https:\/\/kibodan.com\/de\/unsere-geschichte\/","title":{"rendered":"Unsere Geschichte"},"content":{"rendered":"\t\t<div data-elementor-type=\"wp-page\" data-elementor-id=\"1811\" class=\"elementor elementor-1811 elementor-1723\" data-elementor-post-type=\"page\">\n\t\t\t\t\t\t<section class=\"elementor-section elementor-top-section elementor-element elementor-element-49ad4a0 elementor-section-boxed elementor-section-height-default elementor-section-height-default\" data-id=\"49ad4a0\" data-element_type=\"section\">\n\t\t\t\t\t\t<div class=\"elementor-container elementor-column-gap-default\">\n\t\t\t\t\t<div class=\"elementor-column elementor-col-100 elementor-top-column elementor-element elementor-element-c7c80bb\" data-id=\"c7c80bb\" data-element_type=\"column\">\n\t\t\t<div class=\"elementor-widget-wrap elementor-element-populated\">\n\t\t\t\t\t\t<div class=\"elementor-element elementor-element-5ffb1ba elementor-widget elementor-widget-heading\" data-id=\"5ffb1ba\" data-element_type=\"widget\" data-widget_type=\"heading.default\">\n\t\t\t\t<div class=\"elementor-widget-container\">\n\t\t\t\t\t<h2 class=\"elementor-heading-title elementor-size-default\">Unsere Geschichte<\/h2>\t\t\t\t<\/div>\n\t\t\t\t<\/div>\n\t\t\t\t\t<\/div>\n\t\t<\/div>\n\t\t\t\t\t<\/div>\n\t\t<\/section>\n\t\t\t\t<section class=\"elementor-section elementor-top-section elementor-element elementor-element-90fc955 elementor-section-boxed elementor-section-height-default elementor-section-height-default\" data-id=\"90fc955\" data-element_type=\"section\">\n\t\t\t\t\t\t<div class=\"elementor-container elementor-column-gap-default\">\n\t\t\t\t\t<div class=\"elementor-column elementor-col-33 elementor-top-column elementor-element elementor-element-acf2f98\" data-id=\"acf2f98\" data-element_type=\"column\">\n\t\t\t<div class=\"elementor-widget-wrap elementor-element-populated\">\n\t\t\t\t\t\t<div class=\"elementor-element elementor-element-21f43cb elementor-widget elementor-widget-heading\" data-id=\"21f43cb\" data-element_type=\"widget\" data-widget_type=\"heading.default\">\n\t\t\t\t<div class=\"elementor-widget-container\">\n\t\t\t\t\t<h2 class=\"elementor-heading-title elementor-size-default\">1967<\/h2>\t\t\t\t<\/div>\n\t\t\t\t<\/div>\n\t\t\t\t<div class=\"elementor-element elementor-element-2d22dd7 elementor-widget elementor-widget-text-editor\" data-id=\"2d22dd7\" data-element_type=\"widget\" data-widget_type=\"text-editor.default\">\n\t\t\t\t<div class=\"elementor-widget-container\">\n\t\t\t\t\t\t\t\t\t<p><span class=\"TextRun SCXW236607137 BCX0\" lang=\"DE-DE\" xml:lang=\"DE-DE\" data-contrast=\"auto\"><span class=\"NormalTextRun SCXW236607137 BCX0\">Der d\u00e4nische Apotheker Herr Fabricius hat zusammen mit seiner Frau einen Tablettendispenser entwickelt. Das Ehepaar hat herausgefunden dass ein System zum Organisieren von t\u00e4glicher\u00a0<\/span><\/span><span class=\"TextRun SCXW236607137 BCX0\" lang=\"DE-DE\" xml:lang=\"DE-DE\" data-contrast=\"auto\"><span class=\"NormalTextRun SCXW236607137 BCX0\">Medizin dringend gebraucht wurde. Die Produktion hat 1967 in D\u00e4nemark angefangen und die Produkte wurden in der Apotheke verkauft.\u00a0<\/span><\/span><span class=\"EOP SCXW236607137 BCX0\" data-ccp-props=\"{&quot;201341983&quot;:0,&quot;335559739&quot;:160,&quot;335559740&quot;:259}\">\u00a0<\/span><\/p>\n\t\t\t\t\t\t\t\t<\/div>\n\t\t\t\t<\/div>\n\t\t\t\t<div class=\"elementor-element elementor-element-6a5d3e2 elementor-widget elementor-widget-image\" data-id=\"6a5d3e2\" data-element_type=\"widget\" data-widget_type=\"image.default\">\n\t\t\t\t<div class=\"elementor-widget-container\">\n\t\t\t\t\t\t\t\t\t\t\t\t\t\t\t<img fetchpriority=\"high\" decoding=\"async\" width=\"1024\" height=\"375\" src=\"https:\/\/kibodan.com\/wp-content\/uploads\/Kibodan-01-1024x375.jpg\" class=\"attachment-large size-large wp-image-1730\" alt=\"\" srcset=\"https:\/\/kibodan.com\/wp-content\/uploads\/Kibodan-01-1024x375.jpg 1024w, https:\/\/kibodan.com\/wp-content\/uploads\/Kibodan-01-300x110.jpg 300w, https:\/\/kibodan.com\/wp-content\/uploads\/Kibodan-01-768x282.jpg 768w, https:\/\/kibodan.com\/wp-content\/uploads\/Kibodan-01.jpg 1200w\" sizes=\"(max-width: 1024px) 100vw, 1024px\" \/>\t\t\t\t\t\t\t\t\t\t\t\t\t\t\t<\/div>\n\t\t\t\t<\/div>\n\t\t\t\t<div class=\"elementor-element elementor-element-a818e46 elementor-widget elementor-widget-heading\" data-id=\"a818e46\" data-element_type=\"widget\" data-widget_type=\"heading.default\">\n\t\t\t\t<div class=\"elementor-widget-container\">\n\t\t\t\t\t<h2 class=\"elementor-heading-title elementor-size-default\">1972<\/h2>\t\t\t\t<\/div>\n\t\t\t\t<\/div>\n\t\t\t\t<div class=\"elementor-element elementor-element-9a6a3d3 elementor-widget elementor-widget-text-editor\" data-id=\"9a6a3d3\" data-element_type=\"widget\" data-widget_type=\"text-editor.default\">\n\t\t\t\t<div class=\"elementor-widget-container\">\n\t\t\t\t\t\t\t\t\t<p><span data-contrast=\"auto\">Die Firma Kibodan wurde von der Familie Bohart gegr\u00fcndet, wobei die Urheberrechte f\u00fcr das Design der Tablettendispenser und der Produktion von dem Ehepaar Fabricius mit in die Firma gebracht wurde. Der Tablettendispenser wurde in D\u00e4nemark unter dem Namen \u201eMedidos\u201c verkauft und in einige andere L\u00e4nder exportiert.<\/span><\/p>\n\t\t\t\t\t\t\t\t<\/div>\n\t\t\t\t<\/div>\n\t\t\t\t<div class=\"elementor-element elementor-element-5aa74c1 elementor-widget elementor-widget-heading\" data-id=\"5aa74c1\" data-element_type=\"widget\" data-widget_type=\"heading.default\">\n\t\t\t\t<div class=\"elementor-widget-container\">\n\t\t\t\t\t<h2 class=\"elementor-heading-title elementor-size-default\">1993<\/h2>\t\t\t\t<\/div>\n\t\t\t\t<\/div>\n\t\t\t\t<div class=\"elementor-element elementor-element-dce6fef elementor-widget elementor-widget-text-editor\" data-id=\"dce6fef\" data-element_type=\"widget\" data-widget_type=\"text-editor.default\">\n\t\t\t\t<div class=\"elementor-widget-container\">\n\t\t\t\t\t\t\t\t\t<p><span class=\"TextRun SCXW40649478 BCX0\" lang=\"DE-DE\" xml:lang=\"DE-DE\" data-contrast=\"auto\"><span class=\"NormalTextRun SCXW40649478 BCX0\">Der neue Tablettendispenser MEDIMAX, gr\u00f6\u00dfer als sein Vorg\u00e4nger, wurde zur Produktpalette hinzugef\u00fcgt und die Firma hat im d\u00e4nischen Gesundheitssektor Fu\u00df gefasst.\u00a0<\/span><\/span><span class=\"EOP SCXW40649478 BCX0\" data-ccp-props=\"{&quot;201341983&quot;:0,&quot;335559739&quot;:160,&quot;335559740&quot;:259}\">\u00a0<\/span><\/p>\n\t\t\t\t\t\t\t\t<\/div>\n\t\t\t\t<\/div>\n\t\t\t\t\t<\/div>\n\t\t<\/div>\n\t\t\t\t<div class=\"elementor-column elementor-col-33 elementor-top-column elementor-element elementor-element-8e541a2\" data-id=\"8e541a2\" data-element_type=\"column\">\n\t\t\t<div class=\"elementor-widget-wrap elementor-element-populated\">\n\t\t\t\t\t\t<div class=\"elementor-element elementor-element-1e98d7a elementor-widget elementor-widget-heading\" data-id=\"1e98d7a\" data-element_type=\"widget\" data-widget_type=\"heading.default\">\n\t\t\t\t<div class=\"elementor-widget-container\">\n\t\t\t\t\t<h2 class=\"elementor-heading-title elementor-size-default\">2007<\/h2>\t\t\t\t<\/div>\n\t\t\t\t<\/div>\n\t\t\t\t<div class=\"elementor-element elementor-element-84b5f5d elementor-widget elementor-widget-text-editor\" data-id=\"84b5f5d\" data-element_type=\"widget\" data-widget_type=\"text-editor.default\">\n\t\t\t\t<div class=\"elementor-widget-container\">\n\t\t\t\t\t\t\t\t\t<p><span class=\"TextRun SCXW194823315 BCX0\" lang=\"DE-DE\" xml:lang=\"DE-DE\" data-contrast=\"auto\"><span class=\"NormalTextRun SCXW194823315 BCX0\">Am 1. Februar 2007 wurde Kibodan von der Qvortrup Holding AG gekauft.\u00a0<\/span><\/span><span class=\"EOP SCXW194823315 BCX0\" data-ccp-props=\"{&quot;201341983&quot;:0,&quot;335559739&quot;:160,&quot;335559740&quot;:259}\">\u00a0<\/span><\/p>\n\t\t\t\t\t\t\t\t<\/div>\n\t\t\t\t<\/div>\n\t\t\t\t<div class=\"elementor-element elementor-element-9426b97 elementor-widget elementor-widget-heading\" data-id=\"9426b97\" data-element_type=\"widget\" data-widget_type=\"heading.default\">\n\t\t\t\t<div class=\"elementor-widget-container\">\n\t\t\t\t\t<h2 class=\"elementor-heading-title elementor-size-default\">2008<\/h2>\t\t\t\t<\/div>\n\t\t\t\t<\/div>\n\t\t\t\t<div class=\"elementor-element elementor-element-af0c044 elementor-widget elementor-widget-text-editor\" data-id=\"af0c044\" data-element_type=\"widget\" data-widget_type=\"text-editor.default\">\n\t\t\t\t<div class=\"elementor-widget-container\">\n\t\t\t\t\t\t\t\t\t<p><span class=\"TextRun SCXW23245436 BCX0\" lang=\"DE-DE\" xml:lang=\"DE-DE\" data-contrast=\"auto\"><span class=\"NormalTextRun SCXW23245436 BCX0\">Die Firma hat zwei weitere Produktlinien auf den Markt gebracht, den MEDINIZER\u00ae und MININIZER\u00ae, sowie H\u00fcftprotektoren unter dem Namen HIPS\u00ae. Diese Produkte stammen von der Tochterfirma Qvortrup Medical. Alle Produkte wurden zusammen in einem neuen Katalog ver\u00f6ffentlicht.\u00a0<\/span><\/span><span class=\"EOP SCXW23245436 BCX0\" data-ccp-props=\"{&quot;201341983&quot;:0,&quot;335559739&quot;:160,&quot;335559740&quot;:259}\">\u00a0<\/span><\/p>\n\t\t\t\t\t\t\t\t<\/div>\n\t\t\t\t<\/div>\n\t\t\t\t<div class=\"elementor-element elementor-element-1c9725c elementor-widget elementor-widget-image\" data-id=\"1c9725c\" data-element_type=\"widget\" data-widget_type=\"image.default\">\n\t\t\t\t<div class=\"elementor-widget-container\">\n\t\t\t\t\t\t\t\t\t\t\t\t\t\t\t<img decoding=\"async\" width=\"1024\" height=\"375\" src=\"https:\/\/kibodan.com\/wp-content\/uploads\/Kibodan-05-1024x375.jpg\" class=\"attachment-large size-large wp-image-1733\" alt=\"\" srcset=\"https:\/\/kibodan.com\/wp-content\/uploads\/Kibodan-05-1024x375.jpg 1024w, https:\/\/kibodan.com\/wp-content\/uploads\/Kibodan-05-300x110.jpg 300w, https:\/\/kibodan.com\/wp-content\/uploads\/Kibodan-05-768x282.jpg 768w, https:\/\/kibodan.com\/wp-content\/uploads\/Kibodan-05.jpg 1200w\" sizes=\"(max-width: 1024px) 100vw, 1024px\" \/>\t\t\t\t\t\t\t\t\t\t\t\t\t\t\t<\/div>\n\t\t\t\t<\/div>\n\t\t\t\t<div class=\"elementor-element elementor-element-f9117e9 elementor-widget elementor-widget-heading\" data-id=\"f9117e9\" data-element_type=\"widget\" data-widget_type=\"heading.default\">\n\t\t\t\t<div class=\"elementor-widget-container\">\n\t\t\t\t\t<h2 class=\"elementor-heading-title elementor-size-default\">2009\/2010<\/h2>\t\t\t\t<\/div>\n\t\t\t\t<\/div>\n\t\t\t\t<div class=\"elementor-element elementor-element-193263c elementor-widget elementor-widget-text-editor\" data-id=\"193263c\" data-element_type=\"widget\" data-widget_type=\"text-editor.default\">\n\t\t\t\t<div class=\"elementor-widget-container\">\n\t\t\t\t\t\t\t\t\t<p><span class=\"TextRun SCXW172420290 BCX0\" lang=\"DE-DE\" xml:lang=\"DE-DE\" data-contrast=\"auto\"><span class=\"NormalTextRun SCXW172420290 BCX0\">Heutzutage werden unsere Produkte in vielen Krankenh\u00e4usern, Pflegeheimen, und im Pflegesektor verwendet. Privatpersonen k\u00f6nnen unsere Produkte in der \u00f6rtlichen Apotheke erwerben.\u00a0<\/span><\/span><span class=\"EOP SCXW172420290 BCX0\" data-ccp-props=\"{&quot;201341983&quot;:0,&quot;335559739&quot;:160,&quot;335559740&quot;:259}\">\u00a0<\/span><\/p>\n\t\t\t\t\t\t\t\t<\/div>\n\t\t\t\t<\/div>\n\t\t\t\t\t<\/div>\n\t\t<\/div>\n\t\t\t\t<div class=\"elementor-column elementor-col-33 elementor-top-column elementor-element elementor-element-92b9f40\" data-id=\"92b9f40\" data-element_type=\"column\">\n\t\t\t<div class=\"elementor-widget-wrap elementor-element-populated\">\n\t\t\t\t\t\t<div class=\"elementor-element elementor-element-a7c803b elementor-widget elementor-widget-heading\" data-id=\"a7c803b\" data-element_type=\"widget\" data-widget_type=\"heading.default\">\n\t\t\t\t<div class=\"elementor-widget-container\">\n\t\t\t\t\t<h2 class=\"elementor-heading-title elementor-size-default\">2014<\/h2>\t\t\t\t<\/div>\n\t\t\t\t<\/div>\n\t\t\t\t<div class=\"elementor-element elementor-element-aef8dd3 elementor-widget elementor-widget-text-editor\" data-id=\"aef8dd3\" data-element_type=\"widget\" data-widget_type=\"text-editor.default\">\n\t\t\t\t<div class=\"elementor-widget-container\">\n\t\t\t\t\t\t\t\t\t<p><span class=\"TextRun SCXW92616378 BCX0\" lang=\"DE-DE\" xml:lang=\"DE-DE\" data-contrast=\"auto\"><span class=\"NormalTextRun SCXW92616378 BCX0\">Kibodans Hauptsitz zieht von Gentofte in gr\u00f6\u00dfere R\u00e4ume nach R\u00f8dovre, D\u00e4nemark. Das bedeutet sehr viel f\u00fcr die Firma zu diesem Zeitpunkt, da die gr\u00f6\u00dferen R\u00e4ume die M\u00f6glichkeit bieten, einen speziellen Drucker anzuschaffen. Mit diesem Drucker k\u00f6nnen die mittlerweile beliebten Muster gedruckt werden.\u00a0<\/span><\/span><span class=\"EOP SCXW92616378 BCX0\" data-ccp-props=\"{&quot;201341983&quot;:0,&quot;335559739&quot;:160,&quot;335559740&quot;:259}\">\u00a0<\/span><\/p>\n\t\t\t\t\t\t\t\t<\/div>\n\t\t\t\t<\/div>\n\t\t\t\t<div class=\"elementor-element elementor-element-7197b91 elementor-widget elementor-widget-image\" data-id=\"7197b91\" data-element_type=\"widget\" data-widget_type=\"image.default\">\n\t\t\t\t<div class=\"elementor-widget-container\">\n\t\t\t\t\t\t\t\t\t\t\t\t\t\t\t<img decoding=\"async\" width=\"1024\" height=\"375\" src=\"https:\/\/kibodan.com\/wp-content\/uploads\/Kibodan-02-1024x375.jpg\" class=\"attachment-large size-large wp-image-1736\" alt=\"\" srcset=\"https:\/\/kibodan.com\/wp-content\/uploads\/Kibodan-02-1024x375.jpg 1024w, https:\/\/kibodan.com\/wp-content\/uploads\/Kibodan-02-300x110.jpg 300w, https:\/\/kibodan.com\/wp-content\/uploads\/Kibodan-02-768x282.jpg 768w, https:\/\/kibodan.com\/wp-content\/uploads\/Kibodan-02.jpg 1200w\" sizes=\"(max-width: 1024px) 100vw, 1024px\" \/>\t\t\t\t\t\t\t\t\t\t\t\t\t\t\t<\/div>\n\t\t\t\t<\/div>\n\t\t\t\t<div class=\"elementor-element elementor-element-3dc4df8 elementor-widget elementor-widget-heading\" data-id=\"3dc4df8\" data-element_type=\"widget\" data-widget_type=\"heading.default\">\n\t\t\t\t<div class=\"elementor-widget-container\">\n\t\t\t\t\t<h2 class=\"elementor-heading-title elementor-size-default\">Heute<\/h2>\t\t\t\t<\/div>\n\t\t\t\t<\/div>\n\t\t\t\t<div class=\"elementor-element elementor-element-8a4e310 elementor-widget elementor-widget-text-editor\" data-id=\"8a4e310\" data-element_type=\"widget\" data-widget_type=\"text-editor.default\">\n\t\t\t\t<div class=\"elementor-widget-container\">\n\t\t\t\t\t\t\t\t\t<p><span class=\"TextRun SCXW166010141 BCX0\" lang=\"DE-DE\" xml:lang=\"DE-DE\" data-contrast=\"auto\"><span class=\"NormalTextRun SCXW166010141 BCX0\">Alle Mitarbeiter von Kibodan und alle Lieferanten sind sehr stolz darauf, das einfachste, flexibelste und effektiviste medizinische Dosierungssystem herzustellen. Unsere Produkte sind auf Amazon\u00a0<\/span><\/span><span class=\"TextRun SCXW166010141 BCX0\" lang=\"DE-DE\" xml:lang=\"DE-DE\" data-contrast=\"auto\"><span class=\"NormalTextRun SCXW166010141 BCX0\">Deutschland und Amazon UK erh\u00e4ltlich und damit verkaufen wir zum ersten Mal seit 1972 direkt an unsere Kunden.<\/span><\/span><span class=\"EOP SCXW166010141 BCX0\" data-ccp-props=\"{&quot;201341983&quot;:0,&quot;335559739&quot;:160,&quot;335559740&quot;:259}\">\u00a0<\/span><\/p>\n\t\t\t\t\t\t\t\t<\/div>\n\t\t\t\t<\/div>\n\t\t\t\t<div class=\"elementor-element elementor-element-24029bb elementor-widget elementor-widget-image\" data-id=\"24029bb\" data-element_type=\"widget\" data-widget_type=\"image.default\">\n\t\t\t\t<div class=\"elementor-widget-container\">\n\t\t\t\t\t\t\t\t\t\t\t\t\t\t\t<img loading=\"lazy\" decoding=\"async\" width=\"1024\" height=\"375\" src=\"https:\/\/kibodan.com\/wp-content\/uploads\/Kibodan-04-1024x375.jpg\" class=\"attachment-large size-large wp-image-1739\" alt=\"\" srcset=\"https:\/\/kibodan.com\/wp-content\/uploads\/Kibodan-04-1024x375.jpg 1024w, https:\/\/kibodan.com\/wp-content\/uploads\/Kibodan-04-300x110.jpg 300w, https:\/\/kibodan.com\/wp-content\/uploads\/Kibodan-04-768x282.jpg 768w, https:\/\/kibodan.com\/wp-content\/uploads\/Kibodan-04.jpg 1200w\" sizes=\"(max-width: 1024px) 100vw, 1024px\" \/>\t\t\t\t\t\t\t\t\t\t\t\t\t\t\t<\/div>\n\t\t\t\t<\/div>\n\t\t\t\t\t<\/div>\n\t\t<\/div>\n\t\t\t\t\t<\/div>\n\t\t<\/section>\n\t\t\t\t<\/div>\n\t\t","protected":false},"excerpt":{"rendered":"<p>1967 Der d\u00e4nische Apotheker Herr Fabricius hat zusammen mit seiner Frau einen Tablettendispenser entwickelt. Das Ehepaar hat herausgefunden dass ein System zum Organisieren von t\u00e4glicher\u00a0Medizin dringend gebraucht wurde. Die Produktion hat 1967 in D\u00e4nemark angefangen und die Produkte wurden in der Apotheke verkauft.\u00a0\u00a0 1972 Die Firma Kibodan wurde von der Familie Bohart gegr\u00fcndet, wobei die [&hellip;]<\/p>\n","protected":false},"author":1,"featured_media":0,"parent":0,"menu_order":0,"comment_status":"closed","ping_status":"closed","template":"","meta":{"_acf_changed":false,"footnotes":""},"class_list":["post-1811","page","type-page","status-publish","hentry"],"acf":[],"yoast_head":"<!-- This site is optimized with the Yoast SEO plugin v26.3 - https:\/\/yoast.com\/wordpress\/plugins\/seo\/ -->\n<title>Unsere Geschichte - Kibodan<\/title>\n<meta name=\"robots\" content=\"index, follow, max-snippet:-1, max-image-preview:large, max-video-preview:-1\" \/>\n<link rel=\"canonical\" href=\"https:\/\/kibodan.com\/de\/unsere-geschichte\/\" \/>\n<meta property=\"og:locale\" content=\"de_DE\" \/>\n<meta property=\"og:type\" content=\"article\" \/>\n<meta property=\"og:title\" content=\"Unsere Geschichte - Kibodan\" \/>\n<meta property=\"og:description\" content=\"1967 Der d\u00e4nische Apotheker Herr Fabricius hat zusammen mit seiner Frau einen Tablettendispenser entwickelt. Das Ehepaar hat herausgefunden dass ein System zum Organisieren von t\u00e4glicher\u00a0Medizin dringend gebraucht wurde. Die Produktion hat 1967 in D\u00e4nemark angefangen und die Produkte wurden in der Apotheke verkauft.\u00a0\u00a0 1972 Die Firma Kibodan wurde von der Familie Bohart gegr\u00fcndet, wobei die [&hellip;]\" \/>\n<meta property=\"og:url\" content=\"https:\/\/kibodan.com\/de\/unsere-geschichte\/\" \/>\n<meta property=\"og:site_name\" content=\"Kibodan\" \/>\n<meta property=\"article:modified_time\" content=\"2020-12-16T11:41:35+00:00\" \/>\n<meta property=\"og:image\" content=\"https:\/\/kibodan.vps.simplesolution.dk\/wp-content\/uploads\/Kibodan-01-1024x375.jpg\" \/>\n<meta name=\"twitter:card\" content=\"summary_large_image\" \/>\n<meta name=\"twitter:label1\" content=\"Gesch\u00e4tzte Lesezeit\" \/>\n\t<meta name=\"twitter:data1\" content=\"1\u00a0Minute\" \/>\n<script type=\"application\/ld+json\" class=\"yoast-schema-graph\">{\"@context\":\"https:\/\/schema.org\",\"@graph\":[{\"@type\":\"WebPage\",\"@id\":\"https:\/\/kibodan.com\/de\/unsere-geschichte\/\",\"url\":\"https:\/\/kibodan.com\/de\/unsere-geschichte\/\",\"name\":\"Unsere Geschichte - Kibodan\",\"isPartOf\":{\"@id\":\"https:\/\/kibodan.com\/de\/#website\"},\"primaryImageOfPage\":{\"@id\":\"https:\/\/kibodan.com\/de\/unsere-geschichte\/#primaryimage\"},\"image\":{\"@id\":\"https:\/\/kibodan.com\/de\/unsere-geschichte\/#primaryimage\"},\"thumbnailUrl\":\"https:\/\/kibodan.vps.simplesolution.dk\/wp-content\/uploads\/Kibodan-01-1024x375.jpg\",\"datePublished\":\"2020-08-18T09:48:17+00:00\",\"dateModified\":\"2020-12-16T11:41:35+00:00\",\"breadcrumb\":{\"@id\":\"https:\/\/kibodan.com\/de\/unsere-geschichte\/#breadcrumb\"},\"inLanguage\":\"de\",\"potentialAction\":[{\"@type\":\"ReadAction\",\"target\":[\"https:\/\/kibodan.com\/de\/unsere-geschichte\/\"]}]},{\"@type\":\"ImageObject\",\"inLanguage\":\"de\",\"@id\":\"https:\/\/kibodan.com\/de\/unsere-geschichte\/#primaryimage\",\"url\":\"https:\/\/kibodan.vps.simplesolution.dk\/wp-content\/uploads\/Kibodan-01-1024x375.jpg\",\"contentUrl\":\"https:\/\/kibodan.vps.simplesolution.dk\/wp-content\/uploads\/Kibodan-01-1024x375.jpg\"},{\"@type\":\"BreadcrumbList\",\"@id\":\"https:\/\/kibodan.com\/de\/unsere-geschichte\/#breadcrumb\",\"itemListElement\":[{\"@type\":\"ListItem\",\"position\":1,\"name\":\"Home\",\"item\":\"https:\/\/kibodan.com\/de\/\"},{\"@type\":\"ListItem\",\"position\":2,\"name\":\"Unsere Geschichte\"}]},{\"@type\":\"WebSite\",\"@id\":\"https:\/\/kibodan.com\/de\/#website\",\"url\":\"https:\/\/kibodan.com\/de\/\",\"name\":\"Kibodan\",\"description\":\"\",\"publisher\":{\"@id\":\"https:\/\/kibodan.com\/de\/#organization\"},\"potentialAction\":[{\"@type\":\"SearchAction\",\"target\":{\"@type\":\"EntryPoint\",\"urlTemplate\":\"https:\/\/kibodan.com\/de\/?s={search_term_string}\"},\"query-input\":{\"@type\":\"PropertyValueSpecification\",\"valueRequired\":true,\"valueName\":\"search_term_string\"}}],\"inLanguage\":\"de\"},{\"@type\":\"Organization\",\"@id\":\"https:\/\/kibodan.com\/de\/#organization\",\"name\":\"Kibodan\",\"url\":\"https:\/\/kibodan.com\/de\/\",\"logo\":{\"@type\":\"ImageObject\",\"inLanguage\":\"de\",\"@id\":\"https:\/\/kibodan.com\/de\/#\/schema\/logo\/image\/\",\"url\":\"https:\/\/kibodan.com\/wp-content\/uploads\/kibodan-logo-white.svg\",\"contentUrl\":\"https:\/\/kibodan.com\/wp-content\/uploads\/kibodan-logo-white.svg\",\"caption\":\"Kibodan\"},\"image\":{\"@id\":\"https:\/\/kibodan.com\/de\/#\/schema\/logo\/image\/\"}}]}<\/script>\n<!-- \/ Yoast SEO plugin. -->","yoast_head_json":{"title":"Unsere Geschichte - Kibodan","robots":{"index":"index","follow":"follow","max-snippet":"max-snippet:-1","max-image-preview":"max-image-preview:large","max-video-preview":"max-video-preview:-1"},"canonical":"https:\/\/kibodan.com\/de\/unsere-geschichte\/","og_locale":"de_DE","og_type":"article","og_title":"Unsere Geschichte - Kibodan","og_description":"1967 Der d\u00e4nische Apotheker Herr Fabricius hat zusammen mit seiner Frau einen Tablettendispenser entwickelt. Das Ehepaar hat herausgefunden dass ein System zum Organisieren von t\u00e4glicher\u00a0Medizin dringend gebraucht wurde. Die Produktion hat 1967 in D\u00e4nemark angefangen und die Produkte wurden in der Apotheke verkauft.\u00a0\u00a0 1972 Die Firma Kibodan wurde von der Familie Bohart gegr\u00fcndet, wobei die [&hellip;]","og_url":"https:\/\/kibodan.com\/de\/unsere-geschichte\/","og_site_name":"Kibodan","article_modified_time":"2020-12-16T11:41:35+00:00","og_image":[{"url":"https:\/\/kibodan.vps.simplesolution.dk\/wp-content\/uploads\/Kibodan-01-1024x375.jpg","type":"","width":"","height":""}],"twitter_card":"summary_large_image","twitter_misc":{"Gesch\u00e4tzte Lesezeit":"1\u00a0Minute"},"schema":{"@context":"https:\/\/schema.org","@graph":[{"@type":"WebPage","@id":"https:\/\/kibodan.com\/de\/unsere-geschichte\/","url":"https:\/\/kibodan.com\/de\/unsere-geschichte\/","name":"Unsere Geschichte - Kibodan","isPartOf":{"@id":"https:\/\/kibodan.com\/de\/#website"},"primaryImageOfPage":{"@id":"https:\/\/kibodan.com\/de\/unsere-geschichte\/#primaryimage"},"image":{"@id":"https:\/\/kibodan.com\/de\/unsere-geschichte\/#primaryimage"},"thumbnailUrl":"https:\/\/kibodan.vps.simplesolution.dk\/wp-content\/uploads\/Kibodan-01-1024x375.jpg","datePublished":"2020-08-18T09:48:17+00:00","dateModified":"2020-12-16T11:41:35+00:00","breadcrumb":{"@id":"https:\/\/kibodan.com\/de\/unsere-geschichte\/#breadcrumb"},"inLanguage":"de","potentialAction":[{"@type":"ReadAction","target":["https:\/\/kibodan.com\/de\/unsere-geschichte\/"]}]},{"@type":"ImageObject","inLanguage":"de","@id":"https:\/\/kibodan.com\/de\/unsere-geschichte\/#primaryimage","url":"https:\/\/kibodan.vps.simplesolution.dk\/wp-content\/uploads\/Kibodan-01-1024x375.jpg","contentUrl":"https:\/\/kibodan.vps.simplesolution.dk\/wp-content\/uploads\/Kibodan-01-1024x375.jpg"},{"@type":"BreadcrumbList","@id":"https:\/\/kibodan.com\/de\/unsere-geschichte\/#breadcrumb","itemListElement":[{"@type":"ListItem","position":1,"name":"Home","item":"https:\/\/kibodan.com\/de\/"},{"@type":"ListItem","position":2,"name":"Unsere Geschichte"}]},{"@type":"WebSite","@id":"https:\/\/kibodan.com\/de\/#website","url":"https:\/\/kibodan.com\/de\/","name":"Kibodan","description":"","publisher":{"@id":"https:\/\/kibodan.com\/de\/#organization"},"potentialAction":[{"@type":"SearchAction","target":{"@type":"EntryPoint","urlTemplate":"https:\/\/kibodan.com\/de\/?s={search_term_string}"},"query-input":{"@type":"PropertyValueSpecification","valueRequired":true,"valueName":"search_term_string"}}],"inLanguage":"de"},{"@type":"Organization","@id":"https:\/\/kibodan.com\/de\/#organization","name":"Kibodan","url":"https:\/\/kibodan.com\/de\/","logo":{"@type":"ImageObject","inLanguage":"de","@id":"https:\/\/kibodan.com\/de\/#\/schema\/logo\/image\/","url":"https:\/\/kibodan.com\/wp-content\/uploads\/kibodan-logo-white.svg","contentUrl":"https:\/\/kibodan.com\/wp-content\/uploads\/kibodan-logo-white.svg","caption":"Kibodan"},"image":{"@id":"https:\/\/kibodan.com\/de\/#\/schema\/logo\/image\/"}}]}},"_links":{"self":[{"href":"https:\/\/kibodan.com\/de\/wp-json\/wp\/v2\/pages\/1811","targetHints":{"allow":["GET"]}}],"collection":[{"href":"https:\/\/kibodan.com\/de\/wp-json\/wp\/v2\/pages"}],"about":[{"href":"https:\/\/kibodan.com\/de\/wp-json\/wp\/v2\/types\/page"}],"author":[{"embeddable":true,"href":"https:\/\/kibodan.com\/de\/wp-json\/wp\/v2\/users\/1"}],"replies":[{"embeddable":true,"href":"https:\/\/kibodan.com\/de\/wp-json\/wp\/v2\/comments?post=1811"}],"version-history":[{"count":4,"href":"https:\/\/kibodan.com\/de\/wp-json\/wp\/v2\/pages\/1811\/revisions"}],"predecessor-version":[{"id":2785,"href":"https:\/\/kibodan.com\/de\/wp-json\/wp\/v2\/pages\/1811\/revisions\/2785"}],"wp:attachment":[{"href":"https:\/\/kibodan.com\/de\/wp-json\/wp\/v2\/media?parent=1811"}],"curies":[{"name":"wp","href":"https:\/\/api.w.org\/{rel}","templated":true}]}}