{"id":1817,"date":"2020-06-11T15:25:45","date_gmt":"2020-06-11T13:25:45","guid":{"rendered":"http:\/\/kibodan2.i-strategi.pro\/startseite\/"},"modified":"2025-08-28T09:41:21","modified_gmt":"2025-08-28T07:41:21","slug":"startseite","status":"publish","type":"page","link":"https:\/\/kibodan.com\/de\/","title":{"rendered":"Startseite"},"content":{"rendered":"\t\t<div data-elementor-type=\"wp-page\" data-elementor-id=\"1817\" class=\"elementor elementor-1817 elementor-41\" data-elementor-post-type=\"page\">\n\t\t\t\t\t\t<section class=\"elementor-section elementor-top-section elementor-element elementor-element-921c27b elementor-section-full_width elementor-section-height-default elementor-section-height-default\" data-id=\"921c27b\" data-element_type=\"section\">\n\t\t\t\t\t\t<div class=\"elementor-container elementor-column-gap-default\">\n\t\t\t\t\t<div class=\"elementor-column elementor-col-100 elementor-top-column elementor-element elementor-element-7865414\" data-id=\"7865414\" data-element_type=\"column\">\n\t\t\t<div class=\"elementor-widget-wrap elementor-element-populated\">\n\t\t\t\t\t\t<div class=\"elementor-element elementor-element-5c7c0c7 elementor-pagination-position-outside elementor--v-position-middle elementor-widget elementor-widget-slides\" data-id=\"5c7c0c7\" data-element_type=\"widget\" data-settings=\"{&quot;navigation&quot;:&quot;dots&quot;,&quot;autoplay&quot;:&quot;yes&quot;,&quot;pause_on_hover&quot;:&quot;yes&quot;,&quot;pause_on_interaction&quot;:&quot;yes&quot;,&quot;autoplay_speed&quot;:5000,&quot;infinite&quot;:&quot;yes&quot;,&quot;transition&quot;:&quot;slide&quot;,&quot;transition_speed&quot;:500}\" data-widget_type=\"slides.default\">\n\t\t\t\t<div class=\"elementor-widget-container\">\n\t\t\t\t\t\t\t\t\t<div class=\"elementor-swiper\">\n\t\t\t\t\t<div class=\"elementor-slides-wrapper elementor-main-swiper swiper\" role=\"region\" aria-roledescription=\"carousel\" aria-label=\"Slides\" dir=\"ltr\" data-animation=\"fadeInUp\">\n\t\t\t\t<div class=\"swiper-wrapper elementor-slides\">\n\t\t\t\t\t\t\t\t\t\t<div class=\"elementor-repeater-item-2910e8d swiper-slide\" role=\"group\" aria-roledescription=\"slide\"><div class=\"swiper-slide-bg\" role=\"img\"><\/div><div class=\"swiper-slide-inner\" ><div class=\"swiper-slide-contents\"><div class=\"elementor-slide-heading\">Kibodan<\/div><\/div><\/div><\/div><div class=\"elementor-repeater-item-7b3bc21 swiper-slide\" role=\"group\" aria-roledescription=\"slide\"><div class=\"swiper-slide-bg\" role=\"img\"><\/div><a class=\"swiper-slide-inner\" href=\"https:\/\/kibodan.com\/de\/unsere-produkte\/\"><div class=\"swiper-slide-contents\"><div class=\"elementor-slide-heading\">Sprache<\/div><div class=\"elementor-slide-description\"><p>Unsere Produkte sind in \u00fcber 20 verschiedenen Sprachen erh\u00e4ltlich<\/p>\n<\/div><\/div><\/a><\/div><div class=\"elementor-repeater-item-2cc2aef swiper-slide\" role=\"group\" aria-roledescription=\"slide\"><div class=\"swiper-slide-bg\" role=\"img\"><\/div><a class=\"swiper-slide-inner\" href=\"https:\/\/kibodan.com\/de\/produkte\/megamax\/\"><div class=\"swiper-slide-contents\"><div class=\"elementor-slide-heading\">Megamax<\/div><div class=\"elementor-slide-description\"><p>Extra gro\u00dfe Pillendosen<\/p>\n<\/div><\/div><\/a><\/div>\t\t\t\t<\/div>\n\t\t\t\t\t\t\t\t\t\t\t\t\t\t\t\t\t\t\t\t<div class=\"swiper-pagination\"><\/div>\n\t\t\t\t\t\t\t\t\t\t\t\t<\/div>\n\t\t\t\t<\/div>\n\t\t\t\t\t\t\t\t<\/div>\n\t\t\t\t<\/div>\n\t\t\t\t\t<\/div>\n\t\t<\/div>\n\t\t\t\t\t<\/div>\n\t\t<\/section>\n\t\t\t\t<section class=\"elementor-section elementor-top-section elementor-element elementor-element-374e6f8 elementor-section-boxed elementor-section-height-default elementor-section-height-default\" data-id=\"374e6f8\" data-element_type=\"section\">\n\t\t\t\t\t\t<div class=\"elementor-container elementor-column-gap-default\">\n\t\t\t\t\t<div class=\"elementor-column elementor-col-50 elementor-top-column elementor-element elementor-element-c7d2688\" data-id=\"c7d2688\" data-element_type=\"column\">\n\t\t\t<div class=\"elementor-widget-wrap elementor-element-populated\">\n\t\t\t\t\t\t<div class=\"elementor-element elementor-element-806bb0e elementor-widget elementor-widget-heading\" data-id=\"806bb0e\" data-element_type=\"widget\" data-widget_type=\"heading.default\">\n\t\t\t\t<div class=\"elementor-widget-container\">\n\t\t\t\t\t<h2 class=\"elementor-heading-title elementor-size-default\">Gucken Sie mal<\/h2>\t\t\t\t<\/div>\n\t\t\t\t<\/div>\n\t\t\t\t<div class=\"elementor-element elementor-element-f824fed elementor-grid-1 elementor-grid-tablet-1 elementor-grid-mobile-1 elementor-posts--thumbnail-top elementor-widget elementor-widget-posts\" data-id=\"f824fed\" data-element_type=\"widget\" data-settings=\"{&quot;classic_columns&quot;:&quot;1&quot;,&quot;classic_row_gap&quot;:{&quot;unit&quot;:&quot;px&quot;,&quot;size&quot;:&quot;&quot;,&quot;sizes&quot;:[]},&quot;classic_columns_tablet&quot;:&quot;1&quot;,&quot;classic_columns_mobile&quot;:&quot;1&quot;,&quot;classic_row_gap_tablet&quot;:{&quot;unit&quot;:&quot;px&quot;,&quot;size&quot;:&quot;&quot;,&quot;sizes&quot;:[]},&quot;classic_row_gap_mobile&quot;:{&quot;unit&quot;:&quot;px&quot;,&quot;size&quot;:&quot;&quot;,&quot;sizes&quot;:[]}}\" data-widget_type=\"posts.classic\">\n\t\t\t\t<div class=\"elementor-widget-container\">\n\t\t\t\t\t\t\t<div class=\"elementor-posts-container elementor-posts elementor-posts--skin-classic elementor-grid\">\n\t\t\t\t<article class=\"elementor-post elementor-grid-item post-1171 products type-products status-publish has-post-thumbnail hentry product-line-medidos\">\n\t\t\t\t<a class=\"elementor-post__thumbnail__link\" href=\"https:\/\/kibodan.com\/de\/produkt\/medidos-nr-1-wildlife\/\" tabindex=\"-1\" >\n\t\t\t<div class=\"elementor-post__thumbnail\"><img fetchpriority=\"high\" decoding=\"async\" width=\"768\" height=\"510\" src=\"https:\/\/kibodan.com\/wp-content\/uploads\/Medidose-XX-No1-Wild-Dark-Red-Closed-pill-dispenser-Kibodan-danish-design_1-768x510.png\" class=\"attachment-medium_large size-medium_large wp-image-733\" alt=\"\" srcset=\"https:\/\/kibodan.com\/wp-content\/uploads\/Medidose-XX-No1-Wild-Dark-Red-Closed-pill-dispenser-Kibodan-danish-design_1-768x510.png 768w, https:\/\/kibodan.com\/wp-content\/uploads\/Medidose-XX-No1-Wild-Dark-Red-Closed-pill-dispenser-Kibodan-danish-design_1-300x199.png 300w, https:\/\/kibodan.com\/wp-content\/uploads\/Medidose-XX-No1-Wild-Dark-Red-Closed-pill-dispenser-Kibodan-danish-design_1-1024x680.png 1024w, https:\/\/kibodan.com\/wp-content\/uploads\/Medidose-XX-No1-Wild-Dark-Red-Closed-pill-dispenser-Kibodan-danish-design_1.png 1366w\" sizes=\"(max-width: 768px) 100vw, 768px\" \/><\/div>\n\t\t<\/a>\n\t\t\t\t<div class=\"elementor-post__text\">\n\t\t\t\t<h2 class=\"elementor-post__title\">\n\t\t\t<a href=\"https:\/\/kibodan.com\/de\/produkt\/medidos-nr-1-wildlife\/\" >\n\t\t\t\tMedidos Nr. 1 Wildlife\t\t\t<\/a>\n\t\t<\/h2>\n\t\t\t\t<div class=\"elementor-post__excerpt\">\n\t\t\t<p>Das Medidos Wochenset ist eine einfache M\u00f6glichkeit, Ihre Medikamente aufzubewahren, und eignet sich ideal f\u00fcr die Organisation einer moderaten Anzahl von Pillen f\u00fcr eine ganze Woche. Das Medidos Wochenset besteht aus 7 einzelnen Pillendosen, einer Pillendose f\u00fcr jeden Wochentag. Jede<\/p>\n\t\t<\/div>\n\t\t\n\t\t<a class=\"elementor-post__read-more\" href=\"https:\/\/kibodan.com\/de\/produkt\/medidos-nr-1-wildlife\/\" aria-label=\"Mehr \u00fcber Medidos Nr. 1 Wildlife\" tabindex=\"-1\" >\n\t\t\tWeiterlesen\t\t<\/a>\n\n\t\t\t\t<\/div>\n\t\t\t\t<\/article>\n\t\t\t\t<\/div>\n\t\t\n\t\t\t\t\t\t<\/div>\n\t\t\t\t<\/div>\n\t\t\t\t\t<\/div>\n\t\t<\/div>\n\t\t\t\t<div class=\"elementor-column elementor-col-50 elementor-top-column elementor-element elementor-element-a669f9d\" data-id=\"a669f9d\" data-element_type=\"column\">\n\t\t\t<div class=\"elementor-widget-wrap elementor-element-populated\">\n\t\t\t\t\t\t<div class=\"elementor-element elementor-element-f2722d7 elementor-widget elementor-widget-heading\" data-id=\"f2722d7\" data-element_type=\"widget\" data-widget_type=\"heading.default\">\n\t\t\t\t<div class=\"elementor-widget-container\">\n\t\t\t\t\t<h2 class=\"elementor-heading-title elementor-size-default\">Videos<\/h2>\t\t\t\t<\/div>\n\t\t\t\t<\/div>\n\t\t\t\t<div class=\"elementor-element elementor-element-c7f76b2 elementor-widget__width-initial elementor-widget elementor-widget-image\" data-id=\"c7f76b2\" data-element_type=\"widget\" data-widget_type=\"image.default\">\n\t\t\t\t<div class=\"elementor-widget-container\">\n\t\t\t\t\t\t\t\t\t\t\t\t\t\t\t\t<a href=\"https:\/\/kibodan.com\/de\/videos\/\" rel=\"nofollow\">\n\t\t\t\t\t\t\t<img decoding=\"async\" width=\"768\" height=\"363\" src=\"https:\/\/kibodan.com\/wp-content\/uploads\/kibodan--768x363.png\" class=\"attachment-medium_large size-medium_large wp-image-9840\" alt=\"\" srcset=\"https:\/\/kibodan.com\/wp-content\/uploads\/kibodan--768x363.png 768w, https:\/\/kibodan.com\/wp-content\/uploads\/kibodan--300x142.png 300w, https:\/\/kibodan.com\/wp-content\/uploads\/kibodan--1024x484.png 1024w, https:\/\/kibodan.com\/wp-content\/uploads\/kibodan--1536x726.png 1536w, https:\/\/kibodan.com\/wp-content\/uploads\/kibodan-.png 1897w\" sizes=\"(max-width: 768px) 100vw, 768px\" \/>\t\t\t\t\t\t\t\t<\/a>\n\t\t\t\t\t\t\t\t\t\t\t\t\t\t\t<\/div>\n\t\t\t\t<\/div>\n\t\t\t\t<div class=\"elementor-element elementor-element-4556bae elementor-widget elementor-widget-heading\" data-id=\"4556bae\" data-element_type=\"widget\" data-widget_type=\"heading.default\">\n\t\t\t\t<div class=\"elementor-widget-container\">\n\t\t\t\t\t<h3 class=\"elementor-heading-title elementor-size-default\"><a href=\"https:\/\/kibodan.com\/de\/videos\/\"><br><br><br><br><br><br> Wer sind wir?<\/a><\/h3>\t\t\t\t<\/div>\n\t\t\t\t<\/div>\n\t\t\t\t<div class=\"elementor-element elementor-element-698595d elementor-widget elementor-widget-text-editor\" data-id=\"698595d\" data-element_type=\"widget\" data-widget_type=\"text-editor.default\">\n\t\t\t\t<div class=\"elementor-widget-container\">\n\t\t\t\t\t\t\t\t\t<article class=\"text-token-text-primary w-full focus:outline-none scroll-mt-[calc(var(--header-height)+min(200px,max(70px,20svh)))]\" dir=\"auto\" tabindex=\"-1\" data-testid=\"conversation-turn-2\" data-scroll-anchor=\"true\" data-turn=\"assistant\">\n<div class=\"text-base my-auto mx-auto pb-10 [--thread-content-margin:--spacing(4)] @[37rem]:[--thread-content-margin:--spacing(6)] @[72rem]:[--thread-content-margin:--spacing(16)] px-(--thread-content-margin)\">\n<div class=\"[--thread-content-max-width:32rem] @[34rem]:[--thread-content-max-width:40rem] @[64rem]:[--thread-content-max-width:48rem] mx-auto max-w-(--thread-content-max-width) flex-1 group\/turn-messages focus-visible:outline-hidden relative flex w-full min-w-0 flex-col agent-turn\" tabindex=\"-1\">\n<div class=\"flex max-w-full flex-col grow\">\n<div class=\"min-h-8 text-message relative flex w-full flex-col items-end gap-2 text-start break-words whitespace-normal [.text-message+&amp;]:mt-5\" dir=\"auto\" data-message-author-role=\"assistant\" data-message-id=\"7d3cdfbb-0990-42bf-aa53-cf744a4220c1\" data-message-model-slug=\"gpt-4o\">\n<div class=\"flex w-full flex-col gap-1 empty:hidden first:pt-[3px]\">\n<div class=\"markdown prose dark:prose-invert w-full break-words dark\">\n<p data-start=\"15\" data-end=\"235\" data-is-last-node=\"\" data-is-only-node=\"\">Manchmal h\u00e4lt das Leben inne. In unserem hektischen Alltag ist es nicht ungew\u00f6hnlich, dass man vergisst, seine Medikamente einzunehmen. Kibodan hat es sich zum Ziel gesetzt, mehr Struktur in Ihren Tagesablauf zu bringe<\/p>\n<\/div>\n<\/div>\n<\/div>\n<\/div>\n<\/div>\n<\/div>\n<\/article>\n<p><\/p>\n<div class=\"pointer-events-none h-px w-px\" aria-hidden=\"true\" data-edge=\"true\"><\/div>\n\t\t\t\t\t\t\t\t<\/div>\n\t\t\t\t<\/div>\n\t\t\t\t<div class=\"elementor-element elementor-element-dbc039e elementor-align-right elementor-widget elementor-widget-button\" data-id=\"dbc039e\" data-element_type=\"widget\" data-widget_type=\"button.default\">\n\t\t\t\t<div class=\"elementor-widget-container\">\n\t\t\t\t\t\t\t\t\t<div class=\"elementor-button-wrapper\">\n\t\t\t\t\t<a class=\"elementor-button elementor-button-link elementor-size-sm\" href=\"https:\/\/kibodan.com\/de\/videos\/\">\n\t\t\t\t\t\t<span class=\"elementor-button-content-wrapper\">\n\t\t\t\t\t\t\t\t\t<span class=\"elementor-button-text\">Read More<\/span>\n\t\t\t\t\t<\/span>\n\t\t\t\t\t<\/a>\n\t\t\t\t<\/div>\n\t\t\t\t\t\t\t\t<\/div>\n\t\t\t\t<\/div>\n\t\t\t\t\t<\/div>\n\t\t<\/div>\n\t\t\t\t\t<\/div>\n\t\t<\/section>\n\t\t\t\t<section class=\"elementor-section elementor-top-section elementor-element elementor-element-d004ff6 elementor-section-boxed elementor-section-height-default elementor-section-height-default\" data-id=\"d004ff6\" data-element_type=\"section\" data-settings=\"{&quot;background_background&quot;:&quot;classic&quot;}\">\n\t\t\t\t\t\t<div class=\"elementor-container elementor-column-gap-default\">\n\t\t\t\t\t<div class=\"elementor-column elementor-col-33 elementor-top-column elementor-element elementor-element-29b7fc9\" data-id=\"29b7fc9\" data-element_type=\"column\">\n\t\t\t<div class=\"elementor-widget-wrap elementor-element-populated\">\n\t\t\t\t\t\t<div class=\"elementor-element elementor-element-da2abe0 elementor-widget elementor-widget-image\" data-id=\"da2abe0\" data-element_type=\"widget\" data-widget_type=\"image.default\">\n\t\t\t\t<div class=\"elementor-widget-container\">\n\t\t\t\t\t\t\t\t\t\t\t\t\t\t\t<img decoding=\"async\" width=\"358\" height=\"162\" src=\"https:\/\/kibodan.com\/wp-content\/uploads\/AAA-Bronze-2023-ENG.png\" class=\"attachment-large size-large wp-image-8166\" alt=\"\" srcset=\"https:\/\/kibodan.com\/wp-content\/uploads\/AAA-Bronze-2023-ENG.png 358w, https:\/\/kibodan.com\/wp-content\/uploads\/AAA-Bronze-2023-ENG-300x136.png 300w\" sizes=\"(max-width: 358px) 100vw, 358px\" \/>\t\t\t\t\t\t\t\t\t\t\t\t\t\t\t<\/div>\n\t\t\t\t<\/div>\n\t\t\t\t\t<\/div>\n\t\t<\/div>\n\t\t\t\t<div class=\"elementor-column elementor-col-33 elementor-top-column elementor-element elementor-element-2b2aabd\" data-id=\"2b2aabd\" data-element_type=\"column\">\n\t\t\t<div class=\"elementor-widget-wrap elementor-element-populated\">\n\t\t\t\t\t\t<div class=\"elementor-element elementor-element-7531ead elementor-widget elementor-widget-image\" data-id=\"7531ead\" data-element_type=\"widget\" data-widget_type=\"image.default\">\n\t\t\t\t<div class=\"elementor-widget-container\">\n\t\t\t\t\t\t\t\t\t\t\t\t\t\t\t<img loading=\"lazy\" decoding=\"async\" width=\"800\" height=\"470\" src=\"https:\/\/kibodan.com\/wp-content\/uploads\/sv22-logo-horisontal-copy.jpg\" class=\"attachment-large size-large wp-image-5887\" alt=\"\" srcset=\"https:\/\/kibodan.com\/wp-content\/uploads\/sv22-logo-horisontal-copy.jpg 800w, https:\/\/kibodan.com\/wp-content\/uploads\/sv22-logo-horisontal-copy-300x176.jpg 300w, https:\/\/kibodan.com\/wp-content\/uploads\/sv22-logo-horisontal-copy-768x451.jpg 768w\" sizes=\"(max-width: 800px) 100vw, 800px\" \/>\t\t\t\t\t\t\t\t\t\t\t\t\t\t\t<\/div>\n\t\t\t\t<\/div>\n\t\t\t\t\t<\/div>\n\t\t<\/div>\n\t\t\t\t<div class=\"elementor-column elementor-col-33 elementor-top-column elementor-element elementor-element-1dc1e68\" data-id=\"1dc1e68\" data-element_type=\"column\">\n\t\t\t<div class=\"elementor-widget-wrap elementor-element-populated\">\n\t\t\t\t\t\t\t<\/div>\n\t\t<\/div>\n\t\t\t\t\t<\/div>\n\t\t<\/section>\n\t\t\t\t<\/div>\n\t\t","protected":false},"excerpt":{"rendered":"<p>KibodanSprache Unsere Produkte sind in \u00fcber 20 verschiedenen Sprachen erh\u00e4ltlich Megamax Extra gro\u00dfe Pillendosen Gucken Sie mal Videos Wer sind wir? Manchmal h\u00e4lt das Leben inne. In unserem hektischen Alltag ist es nicht ungew\u00f6hnlich, dass man vergisst, seine Medikamente einzunehmen. Kibodan hat es sich zum Ziel gesetzt, mehr Struktur in Ihren Tagesablauf zu bringe Read [&hellip;]<\/p>\n","protected":false},"author":1,"featured_media":0,"parent":0,"menu_order":0,"comment_status":"closed","ping_status":"closed","template":"","meta":{"_acf_changed":false,"footnotes":""},"class_list":["post-1817","page","type-page","status-publish","hentry"],"acf":[],"yoast_head":"<!-- This site is optimized with the Yoast SEO plugin v26.3 - https:\/\/yoast.com\/wordpress\/plugins\/seo\/ -->\n<title>Startseite - Kibodan<\/title>\n<meta name=\"robots\" content=\"index, follow, max-snippet:-1, max-image-preview:large, max-video-preview:-1\" \/>\n<link rel=\"canonical\" href=\"https:\/\/kibodan.com\/de\/\" \/>\n<meta property=\"og:locale\" content=\"de_DE\" \/>\n<meta property=\"og:type\" content=\"article\" \/>\n<meta property=\"og:title\" content=\"Startseite - Kibodan\" \/>\n<meta property=\"og:description\" content=\"Kibodan ist ein traditionsreiches d\u00e4nisches Unternehmen, wo Qualit\u00e4t und Gesundheit an erster Stelle stehen. Mit unserer hauseigenen Produktion von hochqualitativen Dosierungssystemen wollen wir zum Kampf gegen fehlerhafte Medikation beitragen.\" \/>\n<meta property=\"og:url\" content=\"https:\/\/kibodan.com\/de\/\" \/>\n<meta property=\"og:site_name\" content=\"Kibodan\" \/>\n<meta property=\"article:modified_time\" content=\"2025-08-28T07:41:21+00:00\" \/>\n<meta property=\"og:image\" content=\"https:\/\/kibodan.vps.simplesolution.dk\/wp-content\/uploads\/Hjemmeside-Post.png\" \/>\n<meta name=\"twitter:card\" content=\"summary_large_image\" \/>\n<meta name=\"twitter:label1\" content=\"Gesch\u00e4tzte Lesezeit\" \/>\n\t<meta name=\"twitter:data1\" content=\"2\u00a0Minuten\" \/>\n<script type=\"application\/ld+json\" class=\"yoast-schema-graph\">{\"@context\":\"https:\/\/schema.org\",\"@graph\":[{\"@type\":\"WebPage\",\"@id\":\"https:\/\/kibodan.com\/de\/\",\"url\":\"https:\/\/kibodan.com\/de\/\",\"name\":\"Startseite - Kibodan\",\"isPartOf\":{\"@id\":\"https:\/\/kibodan.com\/de\/#website\"},\"primaryImageOfPage\":{\"@id\":\"https:\/\/kibodan.com\/de\/#primaryimage\"},\"image\":{\"@id\":\"https:\/\/kibodan.com\/de\/#primaryimage\"},\"thumbnailUrl\":\"https:\/\/kibodan.com\/wp-content\/uploads\/kibodan--768x363.png\",\"datePublished\":\"2020-06-11T13:25:45+00:00\",\"dateModified\":\"2025-08-28T07:41:21+00:00\",\"breadcrumb\":{\"@id\":\"https:\/\/kibodan.com\/de\/#breadcrumb\"},\"inLanguage\":\"de\",\"potentialAction\":[{\"@type\":\"ReadAction\",\"target\":[\"https:\/\/kibodan.com\/de\/\"]}]},{\"@type\":\"ImageObject\",\"inLanguage\":\"de\",\"@id\":\"https:\/\/kibodan.com\/de\/#primaryimage\",\"url\":\"https:\/\/kibodan.com\/wp-content\/uploads\/kibodan--768x363.png\",\"contentUrl\":\"https:\/\/kibodan.com\/wp-content\/uploads\/kibodan--768x363.png\"},{\"@type\":\"BreadcrumbList\",\"@id\":\"https:\/\/kibodan.com\/de\/#breadcrumb\",\"itemListElement\":[{\"@type\":\"ListItem\",\"position\":1,\"name\":\"Home\",\"item\":\"https:\/\/kibodan.com\/de\/\"},{\"@type\":\"ListItem\",\"position\":2,\"name\":\"Startseite\"}]},{\"@type\":\"WebSite\",\"@id\":\"https:\/\/kibodan.com\/de\/#website\",\"url\":\"https:\/\/kibodan.com\/de\/\",\"name\":\"Kibodan\",\"description\":\"\",\"publisher\":{\"@id\":\"https:\/\/kibodan.com\/de\/#organization\"},\"potentialAction\":[{\"@type\":\"SearchAction\",\"target\":{\"@type\":\"EntryPoint\",\"urlTemplate\":\"https:\/\/kibodan.com\/de\/?s={search_term_string}\"},\"query-input\":{\"@type\":\"PropertyValueSpecification\",\"valueRequired\":true,\"valueName\":\"search_term_string\"}}],\"inLanguage\":\"de\"},{\"@type\":\"Organization\",\"@id\":\"https:\/\/kibodan.com\/de\/#organization\",\"name\":\"Kibodan\",\"url\":\"https:\/\/kibodan.com\/de\/\",\"logo\":{\"@type\":\"ImageObject\",\"inLanguage\":\"de\",\"@id\":\"https:\/\/kibodan.com\/de\/#\/schema\/logo\/image\/\",\"url\":\"https:\/\/kibodan.com\/wp-content\/uploads\/kibodan-logo-white.svg\",\"contentUrl\":\"https:\/\/kibodan.com\/wp-content\/uploads\/kibodan-logo-white.svg\",\"caption\":\"Kibodan\"},\"image\":{\"@id\":\"https:\/\/kibodan.com\/de\/#\/schema\/logo\/image\/\"}}]}<\/script>\n<!-- \/ Yoast SEO plugin. -->","yoast_head_json":{"title":"Startseite - Kibodan","robots":{"index":"index","follow":"follow","max-snippet":"max-snippet:-1","max-image-preview":"max-image-preview:large","max-video-preview":"max-video-preview:-1"},"canonical":"https:\/\/kibodan.com\/de\/","og_locale":"de_DE","og_type":"article","og_title":"Startseite - Kibodan","og_description":"Kibodan ist ein traditionsreiches d\u00e4nisches Unternehmen, wo Qualit\u00e4t und Gesundheit an erster Stelle stehen. Mit unserer hauseigenen Produktion von hochqualitativen Dosierungssystemen wollen wir zum Kampf gegen fehlerhafte Medikation beitragen.","og_url":"https:\/\/kibodan.com\/de\/","og_site_name":"Kibodan","article_modified_time":"2025-08-28T07:41:21+00:00","og_image":[{"url":"https:\/\/kibodan.vps.simplesolution.dk\/wp-content\/uploads\/Hjemmeside-Post.png","type":"","width":"","height":""}],"twitter_card":"summary_large_image","twitter_misc":{"Gesch\u00e4tzte Lesezeit":"2\u00a0Minuten"},"schema":{"@context":"https:\/\/schema.org","@graph":[{"@type":"WebPage","@id":"https:\/\/kibodan.com\/de\/","url":"https:\/\/kibodan.com\/de\/","name":"Startseite - Kibodan","isPartOf":{"@id":"https:\/\/kibodan.com\/de\/#website"},"primaryImageOfPage":{"@id":"https:\/\/kibodan.com\/de\/#primaryimage"},"image":{"@id":"https:\/\/kibodan.com\/de\/#primaryimage"},"thumbnailUrl":"https:\/\/kibodan.com\/wp-content\/uploads\/kibodan--768x363.png","datePublished":"2020-06-11T13:25:45+00:00","dateModified":"2025-08-28T07:41:21+00:00","breadcrumb":{"@id":"https:\/\/kibodan.com\/de\/#breadcrumb"},"inLanguage":"de","potentialAction":[{"@type":"ReadAction","target":["https:\/\/kibodan.com\/de\/"]}]},{"@type":"ImageObject","inLanguage":"de","@id":"https:\/\/kibodan.com\/de\/#primaryimage","url":"https:\/\/kibodan.com\/wp-content\/uploads\/kibodan--768x363.png","contentUrl":"https:\/\/kibodan.com\/wp-content\/uploads\/kibodan--768x363.png"},{"@type":"BreadcrumbList","@id":"https:\/\/kibodan.com\/de\/#breadcrumb","itemListElement":[{"@type":"ListItem","position":1,"name":"Home","item":"https:\/\/kibodan.com\/de\/"},{"@type":"ListItem","position":2,"name":"Startseite"}]},{"@type":"WebSite","@id":"https:\/\/kibodan.com\/de\/#website","url":"https:\/\/kibodan.com\/de\/","name":"Kibodan","description":"","publisher":{"@id":"https:\/\/kibodan.com\/de\/#organization"},"potentialAction":[{"@type":"SearchAction","target":{"@type":"EntryPoint","urlTemplate":"https:\/\/kibodan.com\/de\/?s={search_term_string}"},"query-input":{"@type":"PropertyValueSpecification","valueRequired":true,"valueName":"search_term_string"}}],"inLanguage":"de"},{"@type":"Organization","@id":"https:\/\/kibodan.com\/de\/#organization","name":"Kibodan","url":"https:\/\/kibodan.com\/de\/","logo":{"@type":"ImageObject","inLanguage":"de","@id":"https:\/\/kibodan.com\/de\/#\/schema\/logo\/image\/","url":"https:\/\/kibodan.com\/wp-content\/uploads\/kibodan-logo-white.svg","contentUrl":"https:\/\/kibodan.com\/wp-content\/uploads\/kibodan-logo-white.svg","caption":"Kibodan"},"image":{"@id":"https:\/\/kibodan.com\/de\/#\/schema\/logo\/image\/"}}]}},"_links":{"self":[{"href":"https:\/\/kibodan.com\/de\/wp-json\/wp\/v2\/pages\/1817","targetHints":{"allow":["GET"]}}],"collection":[{"href":"https:\/\/kibodan.com\/de\/wp-json\/wp\/v2\/pages"}],"about":[{"href":"https:\/\/kibodan.com\/de\/wp-json\/wp\/v2\/types\/page"}],"author":[{"embeddable":true,"href":"https:\/\/kibodan.com\/de\/wp-json\/wp\/v2\/users\/1"}],"replies":[{"embeddable":true,"href":"https:\/\/kibodan.com\/de\/wp-json\/wp\/v2\/comments?post=1817"}],"version-history":[{"count":64,"href":"https:\/\/kibodan.com\/de\/wp-json\/wp\/v2\/pages\/1817\/revisions"}],"predecessor-version":[{"id":9914,"href":"https:\/\/kibodan.com\/de\/wp-json\/wp\/v2\/pages\/1817\/revisions\/9914"}],"wp:attachment":[{"href":"https:\/\/kibodan.com\/de\/wp-json\/wp\/v2\/media?parent=1817"}],"curies":[{"name":"wp","href":"https:\/\/api.w.org\/{rel}","templated":true}]}}