{"id":2307,"date":"2020-09-04T15:44:49","date_gmt":"2020-09-04T13:44:49","guid":{"rendered":"http:\/\/kibodan2.i-strategi.pro\/unsere-produkte\/"},"modified":"2026-01-07T09:27:44","modified_gmt":"2026-01-07T08:27:44","slug":"unsere-produkte","status":"publish","type":"page","link":"https:\/\/kibodan.com\/de\/unsere-produkte\/","title":{"rendered":"Unsere Produkte"},"content":{"rendered":"\t\t<div data-elementor-type=\"wp-page\" data-elementor-id=\"2307\" class=\"elementor elementor-2307 elementor-2294\" data-elementor-post-type=\"page\">\n\t\t\t\t\t\t<section class=\"elementor-section elementor-top-section elementor-element elementor-element-32beb247 elementor-section-boxed elementor-section-height-default elementor-section-height-default\" data-id=\"32beb247\" data-element_type=\"section\">\n\t\t\t\t\t\t<div class=\"elementor-container elementor-column-gap-default\">\n\t\t\t\t\t<div class=\"elementor-column elementor-col-100 elementor-top-column elementor-element elementor-element-2b7eabb9\" data-id=\"2b7eabb9\" data-element_type=\"column\">\n\t\t\t<div class=\"elementor-widget-wrap elementor-element-populated\">\n\t\t\t\t\t\t<div class=\"elementor-element elementor-element-167be22a elementor-widget elementor-widget-heading\" data-id=\"167be22a\" data-element_type=\"widget\" data-widget_type=\"heading.default\">\n\t\t\t\t<div class=\"elementor-widget-container\">\n\t\t\t\t\t<h2 class=\"elementor-heading-title elementor-size-default\">Unsere Produkte<\/h2>\t\t\t\t<\/div>\n\t\t\t\t<\/div>\n\t\t\t\t\t<\/div>\n\t\t<\/div>\n\t\t\t\t\t<\/div>\n\t\t<\/section>\n\t\t\t\t<section class=\"elementor-section elementor-top-section elementor-element elementor-element-41ca0f30 elementor-section-boxed elementor-section-height-default elementor-section-height-default\" data-id=\"41ca0f30\" data-element_type=\"section\">\n\t\t\t\t\t\t<div class=\"elementor-container elementor-column-gap-default\">\n\t\t\t\t\t<div class=\"elementor-column elementor-col-33 elementor-top-column elementor-element elementor-element-4ab33528\" data-id=\"4ab33528\" data-element_type=\"column\">\n\t\t\t<div class=\"elementor-widget-wrap elementor-element-populated\">\n\t\t\t\t\t\t<div class=\"elementor-element elementor-element-7dcdb263 elementor-widget elementor-widget-image\" data-id=\"7dcdb263\" data-element_type=\"widget\" data-widget_type=\"image.default\">\n\t\t\t\t<div class=\"elementor-widget-container\">\n\t\t\t\t\t\t\t\t\t\t\t\t\t\t\t<img fetchpriority=\"high\" decoding=\"async\" width=\"1024\" height=\"680\" src=\"https:\/\/kibodan.com\/wp-content\/uploads\/P-1-1024x680.png\" class=\"attachment-large size-large wp-image-2514\" alt=\"\" srcset=\"https:\/\/kibodan.com\/wp-content\/uploads\/P-1-1024x680.png 1024w, https:\/\/kibodan.com\/wp-content\/uploads\/P-1-300x199.png 300w, https:\/\/kibodan.com\/wp-content\/uploads\/P-1-768x510.png 768w, https:\/\/kibodan.com\/wp-content\/uploads\/P-1.png 1366w\" sizes=\"(max-width: 1024px) 100vw, 1024px\" \/>\t\t\t\t\t\t\t\t\t\t\t\t\t\t\t<\/div>\n\t\t\t\t<\/div>\n\t\t\t\t<div class=\"elementor-element elementor-element-1f30daeb elementor-hidden-phone elementor-widget elementor-widget-image\" data-id=\"1f30daeb\" data-element_type=\"widget\" data-widget_type=\"image.default\">\n\t\t\t\t<div class=\"elementor-widget-container\">\n\t\t\t\t\t\t\t\t\t\t\t\t\t\t\t<img decoding=\"async\" width=\"1024\" height=\"680\" src=\"https:\/\/kibodan.com\/wp-content\/uploads\/P-2-d--1024x680.png\" class=\"attachment-large size-large wp-image-2532\" alt=\"\" srcset=\"https:\/\/kibodan.com\/wp-content\/uploads\/P-2-d--1024x680.png 1024w, https:\/\/kibodan.com\/wp-content\/uploads\/P-2-d--300x199.png 300w, https:\/\/kibodan.com\/wp-content\/uploads\/P-2-d--768x510.png 768w, https:\/\/kibodan.com\/wp-content\/uploads\/P-2-d-.png 1366w\" sizes=\"(max-width: 1024px) 100vw, 1024px\" \/>\t\t\t\t\t\t\t\t\t\t\t\t\t\t\t<\/div>\n\t\t\t\t<\/div>\n\t\t\t\t\t<\/div>\n\t\t<\/div>\n\t\t\t\t<div class=\"elementor-column elementor-col-33 elementor-top-column elementor-element elementor-element-67a8a3a2\" data-id=\"67a8a3a2\" data-element_type=\"column\">\n\t\t\t<div class=\"elementor-widget-wrap elementor-element-populated\">\n\t\t\t\t\t\t<div class=\"elementor-element elementor-element-1d9abee6 elementor-widget elementor-widget-heading\" data-id=\"1d9abee6\" data-element_type=\"widget\" data-widget_type=\"heading.default\">\n\t\t\t\t<div class=\"elementor-widget-container\">\n\t\t\t\t\t<h2 class=\"elementor-heading-title elementor-size-default\">\u00dcber unsere Produkte<\/h2>\t\t\t\t<\/div>\n\t\t\t\t<\/div>\n\t\t\t\t<div class=\"elementor-element elementor-element-167b44fd elementor-widget elementor-widget-text-editor\" data-id=\"167b44fd\" data-element_type=\"widget\" data-widget_type=\"text-editor.default\">\n\t\t\t\t<div class=\"elementor-widget-container\">\n\t\t\t\t\t\t\t\t\tWir sind ein d\u00e4nisches Unternehmen, das sich auf die Entwicklung und Herstellung hochwertiger Pillendosen spezialisiert hat und seinen Hauptsitz in Kopenhagen hat. Alle unsere Pillendosen sind bpa-frei.<br><br>Unsere Produkte sind in vielen verschiedenen Sprachen erh\u00e4ltlich. Alle Produkte sind in den Sprachen Englisch, D\u00e4nisch und Deutsch erh\u00e4ltlich. Die meisten unserer Produktlinien sind auch in tschechischer, niederl\u00e4ndischer, finnischer, franz\u00f6sischer, franz\u00f6sischer \/ niederl\u00e4ndischer, ungarischer, isl\u00e4ndischer, italienischer, litauischer, norwegischer, polnischer, portugiesischer, schwedischer, slowakischer und spanischer Sprache erh\u00e4ltlich.<br><br>F\u00fcr weitere Informationen kontaktieren Sie uns bitte direkt.\t\t\t\t\t\t\t\t<\/div>\n\t\t\t\t<\/div>\n\t\t\t\t\t<\/div>\n\t\t<\/div>\n\t\t\t\t<div class=\"elementor-column elementor-col-33 elementor-top-column elementor-element elementor-element-fb2d38b\" data-id=\"fb2d38b\" data-element_type=\"column\">\n\t\t\t<div class=\"elementor-widget-wrap elementor-element-populated\">\n\t\t\t\t\t\t<div class=\"elementor-element elementor-element-47701f29 elementor-widget elementor-widget-heading\" data-id=\"47701f29\" data-element_type=\"widget\" data-widget_type=\"heading.default\">\n\t\t\t\t<div class=\"elementor-widget-container\">\n\t\t\t\t\t<h2 class=\"elementor-heading-title elementor-size-default\">Wie k\u00f6nnen Sie uns kontaktieren?<\/h2>\t\t\t\t<\/div>\n\t\t\t\t<\/div>\n\t\t\t\t<div class=\"elementor-element elementor-element-762e32b6 elementor-widget elementor-widget-text-editor\" data-id=\"762e32b6\" data-element_type=\"widget\" data-widget_type=\"text-editor.default\">\n\t\t\t\t<div class=\"elementor-widget-container\">\n\t\t\t\t\t\t\t\t\t<ul>\r\n \t<li>F\u00fcllen Sie das <strong><a href=\"https:\/\/kibodan.com\/de\/kontakt\/\">Kontaktformular<\/a><\/strong> aus<\/li>\r\n \t<li>Schreiben Sie uns eine <strong><a href=\"mailto:kontakt@kibodan.dk\">E-mail<\/a><\/strong><\/li>\r\n \t<li><strong><a href=\"tel:+4544942640\">Rufen <\/a><\/strong> Sie uns an<\/li>\r\n<\/ul>\t\t\t\t\t\t\t\t<\/div>\n\t\t\t\t<\/div>\n\t\t\t\t\t<\/div>\n\t\t<\/div>\n\t\t\t\t\t<\/div>\n\t\t<\/section>\n\t\t\t\t<\/div>\n\t\t","protected":false},"excerpt":{"rendered":"<p>\u00dcber unsere Produkte Wir sind ein d\u00e4nisches Unternehmen, das sich auf die Entwicklung und Herstellung hochwertiger Pillendosen spezialisiert hat und seinen Hauptsitz in Kopenhagen hat. Alle unsere Pillendosen sind bpa-frei. Unsere Produkte sind in vielen verschiedenen Sprachen erh\u00e4ltlich. Alle Produkte sind in den Sprachen Englisch, D\u00e4nisch und Deutsch erh\u00e4ltlich. Die meisten unserer Produktlinien sind auch [&hellip;]<\/p>\n","protected":false},"author":1,"featured_media":0,"parent":0,"menu_order":0,"comment_status":"closed","ping_status":"closed","template":"","meta":{"_acf_changed":false,"footnotes":""},"class_list":["post-2307","page","type-page","status-publish","hentry"],"acf":[],"yoast_head":"<!-- This site is optimized with the Yoast SEO plugin v26.3 - https:\/\/yoast.com\/wordpress\/plugins\/seo\/ -->\n<title>Unsere Produkte - Kibodan<\/title>\n<meta name=\"robots\" content=\"index, follow, max-snippet:-1, max-image-preview:large, max-video-preview:-1\" \/>\n<link rel=\"canonical\" href=\"https:\/\/kibodan.com\/de\/unsere-produkte\/\" \/>\n<meta property=\"og:locale\" content=\"de_DE\" \/>\n<meta property=\"og:type\" content=\"article\" \/>\n<meta property=\"og:title\" content=\"Unsere Produkte - Kibodan\" \/>\n<meta property=\"og:description\" content=\"\u00dcber unsere Produkte Wir sind ein d\u00e4nisches Unternehmen, das sich auf die Entwicklung und Herstellung hochwertiger Pillendosen spezialisiert hat und seinen Hauptsitz in Kopenhagen hat. Alle unsere Pillendosen sind bpa-frei. Unsere Produkte sind in vielen verschiedenen Sprachen erh\u00e4ltlich. Alle Produkte sind in den Sprachen Englisch, D\u00e4nisch und Deutsch erh\u00e4ltlich. Die meisten unserer Produktlinien sind auch [&hellip;]\" \/>\n<meta property=\"og:url\" content=\"https:\/\/kibodan.com\/de\/unsere-produkte\/\" \/>\n<meta property=\"og:site_name\" content=\"Kibodan\" \/>\n<meta property=\"article:modified_time\" content=\"2026-01-07T08:27:44+00:00\" \/>\n<meta property=\"og:image\" content=\"https:\/\/kibodan.com\/wp-content\/uploads\/P-1-1024x680.png\" \/>\n\t<meta property=\"og:image:width\" content=\"1024\" \/>\n\t<meta property=\"og:image:height\" content=\"680\" \/>\n\t<meta property=\"og:image:type\" content=\"image\/png\" \/>\n<meta name=\"twitter:card\" content=\"summary_large_image\" \/>\n<meta name=\"twitter:label1\" content=\"Gesch\u00e4tzte Lesezeit\" \/>\n\t<meta name=\"twitter:data1\" content=\"1\u00a0Minute\" \/>\n<script type=\"application\/ld+json\" class=\"yoast-schema-graph\">{\"@context\":\"https:\/\/schema.org\",\"@graph\":[{\"@type\":\"WebPage\",\"@id\":\"https:\/\/kibodan.com\/de\/unsere-produkte\/\",\"url\":\"https:\/\/kibodan.com\/de\/unsere-produkte\/\",\"name\":\"Unsere Produkte - Kibodan\",\"isPartOf\":{\"@id\":\"https:\/\/kibodan.com\/de\/#website\"},\"primaryImageOfPage\":{\"@id\":\"https:\/\/kibodan.com\/de\/unsere-produkte\/#primaryimage\"},\"image\":{\"@id\":\"https:\/\/kibodan.com\/de\/unsere-produkte\/#primaryimage\"},\"thumbnailUrl\":\"https:\/\/kibodan.com\/wp-content\/uploads\/P-1-1024x680.png\",\"datePublished\":\"2020-09-04T13:44:49+00:00\",\"dateModified\":\"2026-01-07T08:27:44+00:00\",\"breadcrumb\":{\"@id\":\"https:\/\/kibodan.com\/de\/unsere-produkte\/#breadcrumb\"},\"inLanguage\":\"de\",\"potentialAction\":[{\"@type\":\"ReadAction\",\"target\":[\"https:\/\/kibodan.com\/de\/unsere-produkte\/\"]}]},{\"@type\":\"ImageObject\",\"inLanguage\":\"de\",\"@id\":\"https:\/\/kibodan.com\/de\/unsere-produkte\/#primaryimage\",\"url\":\"https:\/\/kibodan.com\/wp-content\/uploads\/P-1-1024x680.png\",\"contentUrl\":\"https:\/\/kibodan.com\/wp-content\/uploads\/P-1-1024x680.png\"},{\"@type\":\"BreadcrumbList\",\"@id\":\"https:\/\/kibodan.com\/de\/unsere-produkte\/#breadcrumb\",\"itemListElement\":[{\"@type\":\"ListItem\",\"position\":1,\"name\":\"Home\",\"item\":\"https:\/\/kibodan.com\/de\/\"},{\"@type\":\"ListItem\",\"position\":2,\"name\":\"Unsere Produkte\"}]},{\"@type\":\"WebSite\",\"@id\":\"https:\/\/kibodan.com\/de\/#website\",\"url\":\"https:\/\/kibodan.com\/de\/\",\"name\":\"Kibodan\",\"description\":\"\",\"publisher\":{\"@id\":\"https:\/\/kibodan.com\/de\/#organization\"},\"potentialAction\":[{\"@type\":\"SearchAction\",\"target\":{\"@type\":\"EntryPoint\",\"urlTemplate\":\"https:\/\/kibodan.com\/de\/?s={search_term_string}\"},\"query-input\":{\"@type\":\"PropertyValueSpecification\",\"valueRequired\":true,\"valueName\":\"search_term_string\"}}],\"inLanguage\":\"de\"},{\"@type\":\"Organization\",\"@id\":\"https:\/\/kibodan.com\/de\/#organization\",\"name\":\"Kibodan\",\"url\":\"https:\/\/kibodan.com\/de\/\",\"logo\":{\"@type\":\"ImageObject\",\"inLanguage\":\"de\",\"@id\":\"https:\/\/kibodan.com\/de\/#\/schema\/logo\/image\/\",\"url\":\"https:\/\/kibodan.com\/wp-content\/uploads\/kibodan-logo-white.svg\",\"contentUrl\":\"https:\/\/kibodan.com\/wp-content\/uploads\/kibodan-logo-white.svg\",\"caption\":\"Kibodan\"},\"image\":{\"@id\":\"https:\/\/kibodan.com\/de\/#\/schema\/logo\/image\/\"}}]}<\/script>\n<!-- \/ Yoast SEO plugin. -->","yoast_head_json":{"title":"Unsere Produkte - Kibodan","robots":{"index":"index","follow":"follow","max-snippet":"max-snippet:-1","max-image-preview":"max-image-preview:large","max-video-preview":"max-video-preview:-1"},"canonical":"https:\/\/kibodan.com\/de\/unsere-produkte\/","og_locale":"de_DE","og_type":"article","og_title":"Unsere Produkte - Kibodan","og_description":"\u00dcber unsere Produkte Wir sind ein d\u00e4nisches Unternehmen, das sich auf die Entwicklung und Herstellung hochwertiger Pillendosen spezialisiert hat und seinen Hauptsitz in Kopenhagen hat. Alle unsere Pillendosen sind bpa-frei. Unsere Produkte sind in vielen verschiedenen Sprachen erh\u00e4ltlich. Alle Produkte sind in den Sprachen Englisch, D\u00e4nisch und Deutsch erh\u00e4ltlich. Die meisten unserer Produktlinien sind auch [&hellip;]","og_url":"https:\/\/kibodan.com\/de\/unsere-produkte\/","og_site_name":"Kibodan","article_modified_time":"2026-01-07T08:27:44+00:00","og_image":[{"width":1024,"height":680,"url":"https:\/\/kibodan.com\/wp-content\/uploads\/P-1-1024x680.png","type":"image\/png"}],"twitter_card":"summary_large_image","twitter_misc":{"Gesch\u00e4tzte Lesezeit":"1\u00a0Minute"},"schema":{"@context":"https:\/\/schema.org","@graph":[{"@type":"WebPage","@id":"https:\/\/kibodan.com\/de\/unsere-produkte\/","url":"https:\/\/kibodan.com\/de\/unsere-produkte\/","name":"Unsere Produkte - Kibodan","isPartOf":{"@id":"https:\/\/kibodan.com\/de\/#website"},"primaryImageOfPage":{"@id":"https:\/\/kibodan.com\/de\/unsere-produkte\/#primaryimage"},"image":{"@id":"https:\/\/kibodan.com\/de\/unsere-produkte\/#primaryimage"},"thumbnailUrl":"https:\/\/kibodan.com\/wp-content\/uploads\/P-1-1024x680.png","datePublished":"2020-09-04T13:44:49+00:00","dateModified":"2026-01-07T08:27:44+00:00","breadcrumb":{"@id":"https:\/\/kibodan.com\/de\/unsere-produkte\/#breadcrumb"},"inLanguage":"de","potentialAction":[{"@type":"ReadAction","target":["https:\/\/kibodan.com\/de\/unsere-produkte\/"]}]},{"@type":"ImageObject","inLanguage":"de","@id":"https:\/\/kibodan.com\/de\/unsere-produkte\/#primaryimage","url":"https:\/\/kibodan.com\/wp-content\/uploads\/P-1-1024x680.png","contentUrl":"https:\/\/kibodan.com\/wp-content\/uploads\/P-1-1024x680.png"},{"@type":"BreadcrumbList","@id":"https:\/\/kibodan.com\/de\/unsere-produkte\/#breadcrumb","itemListElement":[{"@type":"ListItem","position":1,"name":"Home","item":"https:\/\/kibodan.com\/de\/"},{"@type":"ListItem","position":2,"name":"Unsere Produkte"}]},{"@type":"WebSite","@id":"https:\/\/kibodan.com\/de\/#website","url":"https:\/\/kibodan.com\/de\/","name":"Kibodan","description":"","publisher":{"@id":"https:\/\/kibodan.com\/de\/#organization"},"potentialAction":[{"@type":"SearchAction","target":{"@type":"EntryPoint","urlTemplate":"https:\/\/kibodan.com\/de\/?s={search_term_string}"},"query-input":{"@type":"PropertyValueSpecification","valueRequired":true,"valueName":"search_term_string"}}],"inLanguage":"de"},{"@type":"Organization","@id":"https:\/\/kibodan.com\/de\/#organization","name":"Kibodan","url":"https:\/\/kibodan.com\/de\/","logo":{"@type":"ImageObject","inLanguage":"de","@id":"https:\/\/kibodan.com\/de\/#\/schema\/logo\/image\/","url":"https:\/\/kibodan.com\/wp-content\/uploads\/kibodan-logo-white.svg","contentUrl":"https:\/\/kibodan.com\/wp-content\/uploads\/kibodan-logo-white.svg","caption":"Kibodan"},"image":{"@id":"https:\/\/kibodan.com\/de\/#\/schema\/logo\/image\/"}}]}},"_links":{"self":[{"href":"https:\/\/kibodan.com\/de\/wp-json\/wp\/v2\/pages\/2307","targetHints":{"allow":["GET"]}}],"collection":[{"href":"https:\/\/kibodan.com\/de\/wp-json\/wp\/v2\/pages"}],"about":[{"href":"https:\/\/kibodan.com\/de\/wp-json\/wp\/v2\/types\/page"}],"author":[{"embeddable":true,"href":"https:\/\/kibodan.com\/de\/wp-json\/wp\/v2\/users\/1"}],"replies":[{"embeddable":true,"href":"https:\/\/kibodan.com\/de\/wp-json\/wp\/v2\/comments?post=2307"}],"version-history":[{"count":12,"href":"https:\/\/kibodan.com\/de\/wp-json\/wp\/v2\/pages\/2307\/revisions"}],"predecessor-version":[{"id":9941,"href":"https:\/\/kibodan.com\/de\/wp-json\/wp\/v2\/pages\/2307\/revisions\/9941"}],"wp:attachment":[{"href":"https:\/\/kibodan.com\/de\/wp-json\/wp\/v2\/media?parent=2307"}],"curies":[{"name":"wp","href":"https:\/\/api.w.org\/{rel}","templated":true}]}}