{"id":2449,"date":"2020-09-09T10:11:04","date_gmt":"2020-09-09T08:11:04","guid":{"rendered":"http:\/\/kibodan2.i-strategi.pro\/datenschutzerklaerung\/"},"modified":"2024-04-25T13:06:20","modified_gmt":"2024-04-25T11:06:20","slug":"datenschutzerklaerung","status":"publish","type":"page","link":"https:\/\/kibodan.com\/de\/datenschutzerklaerung\/","title":{"rendered":"Datenschutzerkl\u00e4rung"},"content":{"rendered":"\t\t<div data-elementor-type=\"wp-page\" data-elementor-id=\"2449\" class=\"elementor elementor-2449 elementor-2446\" data-elementor-post-type=\"page\">\n\t\t\t\t\t\t<section class=\"elementor-section elementor-top-section elementor-element elementor-element-142ed208 elementor-section-boxed elementor-section-height-default elementor-section-height-default\" data-id=\"142ed208\" data-element_type=\"section\">\n\t\t\t\t\t\t<div class=\"elementor-container elementor-column-gap-default\">\n\t\t\t\t\t<div class=\"elementor-column elementor-col-100 elementor-top-column elementor-element elementor-element-2c984ff9\" data-id=\"2c984ff9\" data-element_type=\"column\">\n\t\t\t<div class=\"elementor-widget-wrap elementor-element-populated\">\n\t\t\t\t\t\t<div class=\"elementor-element elementor-element-1bdb049b elementor-widget elementor-widget-text-editor\" data-id=\"1bdb049b\" data-element_type=\"widget\" data-widget_type=\"text-editor.default\">\n\t\t\t\t<div class=\"elementor-widget-container\">\n\t\t\t\t\t\t\t\t\t<p>Die hier vorliegende Datenschutzerkl\u00e4rung erl\u00e4utert wie Kibodan jegliche Informationen von Ihnen verwendet und gleichzeitig besch\u00fctzt.<br \/>Kibodan stellt sicher, dass Ihre personbezogenen Daten gesch\u00fctzt sind. Falls wir Si enach bestimmten Informationen zur Identifizierung fragen, w\u00e4hrend Sie auf unserer Website sind, k\u00f6nnen Sie sich sicher sein, dass diese Informationen nur im Zusammenhang mit den hier vorliegenden Datenschutzbestimmungen genutzt werden.<\/p><p>Kibodan wird diese Bestimmungen von Zeit zu Zeit \u00e4ndern und dabei nat\u00fcrlich auch diese Seite aktualisieren. Sie sollten diese Seite daher von Zeit zu Zeit \u00fcberpr\u00fcfen, um zu sehen, ob sie mit den vorgenommenen \u00c4nderungen einverstanden sind. Die Bestimmungen sind ab dem 09.09.2020 g\u00fcltig.<\/p><h2>Wir sammeln eventuell die folgenden Informationen:<\/h2><ul><li>Name und Jobbezeichnung<\/li><li>Kontaktinformationen inklusive E-Mail Adresse<\/li><li>Demographische Informationen, wie Postleitzahl, Vorlieben und Interessen<\/li><li>Andere Informationen die f\u00fcr Umfragen und Angebote relevant sind<\/li><\/ul><h2>Wie wir die gesammelten Informationen nutzen:<\/h2><ul><li>Wir speichern diese Informationen um Ihre Bed\u00fcrfnisse besser zu verstehen, Ihnen einen besseren Kundenservice zu bieten und aufgrund der folgenden Tatsachen:<br \/>Interne Buchf\u00fchrung<\/li><li>Wir verwenden die Informationen um unsere Produkte und unseren Service zu verbessern<\/li><li>Wir senden in regelm\u00e4\u00dfigen Abst\u00e4nden E-Mails mit Informationen zu neuen Produkten, speziellen Angeboten und anderen Informationen, an die E-Mail Adresse die Sie uns zur Verf\u00fcgung gestellt haben<\/li><li>Von Zeit zu Zeit nutzen wir Ihre Informationen um Sie wegen Marktforschungszwecken zu kontaktieren<\/li><li>Wir kontaktieren Sie per E-Mail, Telefon oder Fax<\/li><li>Wir verwenden die Informationen um unsere Webseite an Ihre Interessen anzupassen<\/li><\/ul><h2>Sicherheit<\/h2><p>Wir sind dazu verpflichtet, sicherzustellen, dass Ihre Daten sicher sind. Umunauthorisierten Zugang oder Enth\u00fcllung vorzubeugen, haben wir passende physische und elektronische Prozeduren entwickelt, die die online gesammelten Informationen sichern sollen.<\/p><h2>Cookies<\/h2><p>Ein Cookie ist eine kleine Datei, die nach Ihrer Erlaubnis fragt um auf Ihre Festplatte Eingriff zu erhalten. Sobald Sie einverstanden sind, ist die Datei hinzugef\u00fcgt und analysiert ihre Aktivit\u00e4ten im Internet und Ihre Besuche auf verschiedenen Websites. Cookies erlauben Web-Applikationen Ihnen pers\u00f6nlich zu antworten. Die Web-Applikation kann Ihre Operationen an Ihre Bed\u00fcrfnisse, Vorlieben und Abneigungen anpassen, indem es Informationen zu genau diesen Faktoren sammelt.<\/p><p>Wir verwenden Cookies, die Traffic loggen k\u00f6nnen, um herauszufinden, welche Seiten besucht werden. Das hilft uns bei unserer Analyse des Website-Traffics und damit k\u00f6nnen wir unsere Website verbessern und an die Kundenbed\u00fcrfnisse anpassen. Wir nutzen diese Informationen nur f\u00fcr statistische, analytische Zwecke und danach werden die Daten in unserem System gel\u00f6scht.<\/p><p>Cookies helfen uns dabei, eine bessere Website zu gestalten, indem sie uns zeigen welche Seiten Sie als Kunde n\u00fctzlich finden und welche nicht. Ein Cookie gibt uns keinen Zugang zu Ihrem Computer oder anderen pers\u00f6nlichen Informationen \u00fcber Sie, au\u00dfer den Daten, die Sie mit uns geteilt haben.<br \/>Sie k\u00f6nnen ausw\u00e4hlen, ob Sie die Cookies akzeptieren oder ablehnen m\u00f6chten. Die meisten Internetbrowser akzeptieren Cookies automatisch, aber normalerweise k\u00f6nnen Sie Ihren Browser so einrichten, dass er die Cookies ablehnt, wenn Sie das bevorzugen. Das verhindert Sie eventuell darin, die Website voll auszunutzen.<\/p><h2>Links zu anderen Websites<\/h2><p>Unsere Website enth\u00e4lt Links zu anderen Websites. Sobald Sie auf einen dieser Links geklickt haben und damit unsere Seite verlassen, sollten Sie wissen, dass wir keine Kontrolle \u00fcber die andere Website haben. Deswegen k\u00f6nnen wir keine Verantwortung f\u00fcr den Schutz Ihrer Informationen \u00fcbernehmen, die Sie beim Besuchen der anderen Websites angeben, und diese Websites sind nicht in diesen Datenschutzbestimmungen mit eingebunden. Daher sollten Sie sich die Datenschutzbestimmungen der anderen Websites genau durchlesen.<\/p><h2>Kontrolle Ihrer personbezogenen Informationen<\/h2><h5>Sie haben die M\u00f6glichkeit das Sammeln und Nutzen Ihrer personbezogenen Daten folgenderweise zu einzuschr\u00e4nken bzw. zu untersagen:<\/h5><ul><li>Immer wenn Sie danach gefragt werden, ein Formular auf einer Website ausf\u00fcllen, halten Sie Ausschau nach einer kleinen Box, die Sie anklicken k\u00f6nnen, damit Ihre Informationen nicht f\u00fcr direkte Marketingzwecke verwendet werden d\u00fcrfen<\/li><li>Wenn Sie zuvor bereits zugestimmt haben, dass wir Ihre pers\u00f6nlichen Daten f\u00fcr direkte Marketingzwecke verwenden d\u00fcrfen, k\u00f6nnen Sie uns jederzeit eine E-Mail schreiben und diesen Vorgang r\u00fcckg\u00e4ngig machen: info@kibodan.dk<\/li><\/ul><p>Wir werden Ihre pers\u00f6nlichen Daten nicht an Dritte weitergeben oder verkaufen, au\u00dfer wir haben Ihre Erlaubnis oder werden vom Gesetz dazu aufgefordert. Wir verwenden Ihre pers\u00f6nlichen Daten um Ihnen m\u00f6glicherweise Werbematerial von Drittpersonenzu zu zusenden, falls Sie Ihre Erlaubnis dazu gegeben haben.<\/p><p>Sie k\u00f6nnen Details zu den personbezogenen Daten die wir von Ihnen gespeichert haben, anfordern. Daf\u00fcr w\u00fcrde eine kleine Geb\u00fchr anfallen. Wenn Sie gerne eine Kopie der Daten haben m\u00f6chten, schreiben Sie bitte an Kibodan A\/S, Krondalvej 7, 2610 R\u00f8dovre, D\u00e4nemark.<\/p><p>Wenn Sie den Verdacht haben, dass jegliche Informationen die wir von Ihnen gespeichert haben, fehlerhaft oder unvollst\u00e4ndig ist, bitte schreiben Sie uns so schnell wie m\u00f6glich eine E-Mail. Wir werden den Fehler dann sofort beheben und die Informationen richtigstellen.<\/p>\t\t\t\t\t\t\t\t<\/div>\n\t\t\t\t<\/div>\n\t\t\t\t\t<\/div>\n\t\t<\/div>\n\t\t\t\t\t<\/div>\n\t\t<\/section>\n\t\t\t\t<\/div>\n\t\t","protected":false},"excerpt":{"rendered":"<p>Die hier vorliegende Datenschutzerkl\u00e4rung erl\u00e4utert wie Kibodan jegliche Informationen von Ihnen verwendet und gleichzeitig besch\u00fctzt.Kibodan stellt sicher, dass Ihre personbezogenen Daten gesch\u00fctzt sind. Falls wir Si enach bestimmten Informationen zur Identifizierung fragen, w\u00e4hrend Sie auf unserer Website sind, k\u00f6nnen Sie sich sicher sein, dass diese Informationen nur im Zusammenhang mit den hier vorliegenden Datenschutzbestimmungen genutzt [&hellip;]<\/p>\n","protected":false},"author":3,"featured_media":0,"parent":0,"menu_order":0,"comment_status":"closed","ping_status":"closed","template":"","meta":{"_acf_changed":false,"footnotes":""},"class_list":["post-2449","page","type-page","status-publish","hentry"],"acf":[],"yoast_head":"<!-- This site is optimized with the Yoast SEO plugin v26.3 - https:\/\/yoast.com\/wordpress\/plugins\/seo\/ -->\n<title>Datenschutzerkl\u00e4rung - Kibodan<\/title>\n<meta name=\"robots\" content=\"index, follow, max-snippet:-1, max-image-preview:large, max-video-preview:-1\" \/>\n<link rel=\"canonical\" href=\"https:\/\/kibodan.com\/de\/datenschutzerklaerung\/\" \/>\n<meta property=\"og:locale\" content=\"de_DE\" \/>\n<meta property=\"og:type\" content=\"article\" \/>\n<meta property=\"og:title\" content=\"Datenschutzerkl\u00e4rung - Kibodan\" \/>\n<meta property=\"og:description\" content=\"Die hier vorliegende Datenschutzerkl\u00e4rung erl\u00e4utert wie Kibodan jegliche Informationen von Ihnen verwendet und gleichzeitig besch\u00fctzt.Kibodan stellt sicher, dass Ihre personbezogenen Daten gesch\u00fctzt sind. Falls wir Si enach bestimmten Informationen zur Identifizierung fragen, w\u00e4hrend Sie auf unserer Website sind, k\u00f6nnen Sie sich sicher sein, dass diese Informationen nur im Zusammenhang mit den hier vorliegenden Datenschutzbestimmungen genutzt [&hellip;]\" \/>\n<meta property=\"og:url\" content=\"https:\/\/kibodan.com\/de\/datenschutzerklaerung\/\" \/>\n<meta property=\"og:site_name\" content=\"Kibodan\" \/>\n<meta property=\"article:modified_time\" content=\"2024-04-25T11:06:20+00:00\" \/>\n<meta name=\"twitter:card\" content=\"summary_large_image\" \/>\n<meta name=\"twitter:label1\" content=\"Gesch\u00e4tzte Lesezeit\" \/>\n\t<meta name=\"twitter:data1\" content=\"5\u00a0Minuten\" \/>\n<script type=\"application\/ld+json\" class=\"yoast-schema-graph\">{\"@context\":\"https:\/\/schema.org\",\"@graph\":[{\"@type\":\"WebPage\",\"@id\":\"https:\/\/kibodan.com\/de\/datenschutzerklaerung\/\",\"url\":\"https:\/\/kibodan.com\/de\/datenschutzerklaerung\/\",\"name\":\"Datenschutzerkl\u00e4rung - Kibodan\",\"isPartOf\":{\"@id\":\"https:\/\/kibodan.com\/de\/#website\"},\"datePublished\":\"2020-09-09T08:11:04+00:00\",\"dateModified\":\"2024-04-25T11:06:20+00:00\",\"breadcrumb\":{\"@id\":\"https:\/\/kibodan.com\/de\/datenschutzerklaerung\/#breadcrumb\"},\"inLanguage\":\"de\",\"potentialAction\":[{\"@type\":\"ReadAction\",\"target\":[\"https:\/\/kibodan.com\/de\/datenschutzerklaerung\/\"]}]},{\"@type\":\"BreadcrumbList\",\"@id\":\"https:\/\/kibodan.com\/de\/datenschutzerklaerung\/#breadcrumb\",\"itemListElement\":[{\"@type\":\"ListItem\",\"position\":1,\"name\":\"Home\",\"item\":\"https:\/\/kibodan.com\/de\/\"},{\"@type\":\"ListItem\",\"position\":2,\"name\":\"Datenschutzerkl\u00e4rung\"}]},{\"@type\":\"WebSite\",\"@id\":\"https:\/\/kibodan.com\/de\/#website\",\"url\":\"https:\/\/kibodan.com\/de\/\",\"name\":\"Kibodan\",\"description\":\"\",\"publisher\":{\"@id\":\"https:\/\/kibodan.com\/de\/#organization\"},\"potentialAction\":[{\"@type\":\"SearchAction\",\"target\":{\"@type\":\"EntryPoint\",\"urlTemplate\":\"https:\/\/kibodan.com\/de\/?s={search_term_string}\"},\"query-input\":{\"@type\":\"PropertyValueSpecification\",\"valueRequired\":true,\"valueName\":\"search_term_string\"}}],\"inLanguage\":\"de\"},{\"@type\":\"Organization\",\"@id\":\"https:\/\/kibodan.com\/de\/#organization\",\"name\":\"Kibodan\",\"url\":\"https:\/\/kibodan.com\/de\/\",\"logo\":{\"@type\":\"ImageObject\",\"inLanguage\":\"de\",\"@id\":\"https:\/\/kibodan.com\/de\/#\/schema\/logo\/image\/\",\"url\":\"https:\/\/kibodan.com\/wp-content\/uploads\/kibodan-logo-white.svg\",\"contentUrl\":\"https:\/\/kibodan.com\/wp-content\/uploads\/kibodan-logo-white.svg\",\"caption\":\"Kibodan\"},\"image\":{\"@id\":\"https:\/\/kibodan.com\/de\/#\/schema\/logo\/image\/\"}}]}<\/script>\n<!-- \/ Yoast SEO plugin. -->","yoast_head_json":{"title":"Datenschutzerkl\u00e4rung - Kibodan","robots":{"index":"index","follow":"follow","max-snippet":"max-snippet:-1","max-image-preview":"max-image-preview:large","max-video-preview":"max-video-preview:-1"},"canonical":"https:\/\/kibodan.com\/de\/datenschutzerklaerung\/","og_locale":"de_DE","og_type":"article","og_title":"Datenschutzerkl\u00e4rung - Kibodan","og_description":"Die hier vorliegende Datenschutzerkl\u00e4rung erl\u00e4utert wie Kibodan jegliche Informationen von Ihnen verwendet und gleichzeitig besch\u00fctzt.Kibodan stellt sicher, dass Ihre personbezogenen Daten gesch\u00fctzt sind. Falls wir Si enach bestimmten Informationen zur Identifizierung fragen, w\u00e4hrend Sie auf unserer Website sind, k\u00f6nnen Sie sich sicher sein, dass diese Informationen nur im Zusammenhang mit den hier vorliegenden Datenschutzbestimmungen genutzt [&hellip;]","og_url":"https:\/\/kibodan.com\/de\/datenschutzerklaerung\/","og_site_name":"Kibodan","article_modified_time":"2024-04-25T11:06:20+00:00","twitter_card":"summary_large_image","twitter_misc":{"Gesch\u00e4tzte Lesezeit":"5\u00a0Minuten"},"schema":{"@context":"https:\/\/schema.org","@graph":[{"@type":"WebPage","@id":"https:\/\/kibodan.com\/de\/datenschutzerklaerung\/","url":"https:\/\/kibodan.com\/de\/datenschutzerklaerung\/","name":"Datenschutzerkl\u00e4rung - Kibodan","isPartOf":{"@id":"https:\/\/kibodan.com\/de\/#website"},"datePublished":"2020-09-09T08:11:04+00:00","dateModified":"2024-04-25T11:06:20+00:00","breadcrumb":{"@id":"https:\/\/kibodan.com\/de\/datenschutzerklaerung\/#breadcrumb"},"inLanguage":"de","potentialAction":[{"@type":"ReadAction","target":["https:\/\/kibodan.com\/de\/datenschutzerklaerung\/"]}]},{"@type":"BreadcrumbList","@id":"https:\/\/kibodan.com\/de\/datenschutzerklaerung\/#breadcrumb","itemListElement":[{"@type":"ListItem","position":1,"name":"Home","item":"https:\/\/kibodan.com\/de\/"},{"@type":"ListItem","position":2,"name":"Datenschutzerkl\u00e4rung"}]},{"@type":"WebSite","@id":"https:\/\/kibodan.com\/de\/#website","url":"https:\/\/kibodan.com\/de\/","name":"Kibodan","description":"","publisher":{"@id":"https:\/\/kibodan.com\/de\/#organization"},"potentialAction":[{"@type":"SearchAction","target":{"@type":"EntryPoint","urlTemplate":"https:\/\/kibodan.com\/de\/?s={search_term_string}"},"query-input":{"@type":"PropertyValueSpecification","valueRequired":true,"valueName":"search_term_string"}}],"inLanguage":"de"},{"@type":"Organization","@id":"https:\/\/kibodan.com\/de\/#organization","name":"Kibodan","url":"https:\/\/kibodan.com\/de\/","logo":{"@type":"ImageObject","inLanguage":"de","@id":"https:\/\/kibodan.com\/de\/#\/schema\/logo\/image\/","url":"https:\/\/kibodan.com\/wp-content\/uploads\/kibodan-logo-white.svg","contentUrl":"https:\/\/kibodan.com\/wp-content\/uploads\/kibodan-logo-white.svg","caption":"Kibodan"},"image":{"@id":"https:\/\/kibodan.com\/de\/#\/schema\/logo\/image\/"}}]}},"_links":{"self":[{"href":"https:\/\/kibodan.com\/de\/wp-json\/wp\/v2\/pages\/2449","targetHints":{"allow":["GET"]}}],"collection":[{"href":"https:\/\/kibodan.com\/de\/wp-json\/wp\/v2\/pages"}],"about":[{"href":"https:\/\/kibodan.com\/de\/wp-json\/wp\/v2\/types\/page"}],"author":[{"embeddable":true,"href":"https:\/\/kibodan.com\/de\/wp-json\/wp\/v2\/users\/3"}],"replies":[{"embeddable":true,"href":"https:\/\/kibodan.com\/de\/wp-json\/wp\/v2\/comments?post=2449"}],"version-history":[{"count":10,"href":"https:\/\/kibodan.com\/de\/wp-json\/wp\/v2\/pages\/2449\/revisions"}],"predecessor-version":[{"id":8525,"href":"https:\/\/kibodan.com\/de\/wp-json\/wp\/v2\/pages\/2449\/revisions\/8525"}],"wp:attachment":[{"href":"https:\/\/kibodan.com\/de\/wp-json\/wp\/v2\/media?parent=2449"}],"curies":[{"name":"wp","href":"https:\/\/api.w.org\/{rel}","templated":true}]}}